{"id":699900,"date":"2023-11-08T19:51:07","date_gmt":"2023-11-08T19:51:07","guid":{"rendered":"https:\/\/neuvee.com\/?post_type=product&#038;p=699900"},"modified":"2025-05-19T14:37:59","modified_gmt":"2025-05-19T14:37:59","slug":"thirsty-suitors-6","status":"publish","type":"product","link":"https:\/\/neuvee.com\/pl\/product\/thirsty-suitors-6\/","title":{"rendered":"THIRSTY SUITORS"},"content":{"rendered":"<p>Walcz z&nbsp;by\u0142ymi. Rozczaruj rodzic\u00f3w. Odnajd\u017a swoje \u201eja\u201d.<br \/>\nOuterloop Games przedstawia Thirsty Suitors \u2013 gr\u0119 o&nbsp;kulturze, zwi\u0105zkach, rodzinnej presji i&nbsp;wyra\u017caniu samej siebie.<br \/>\nCzy Jala poradzi sobie z&nbsp;wymagaj\u0105cymi rodzicami, pogodzi si\u0119 z&nbsp;by\u0142ymi i&nbsp;naprawi nadszarpni\u0119te wi\u0119zi przyja\u017ani przed \u015blubem siostry? Czy b\u0119dzie gotowa na zbli\u017caj\u0105c\u0105 si\u0119 nieuchronnie wizyt\u0119 Nani, przera\u017caj\u0105cej i&nbsp;krytykanckiej matrony przewodz\u0105cej rodzinie?<br \/>\nW trakcie historii opowiadanej w grze Jala b\u0119dzie stawia\u0142a czo\u0142a swoim by\u0142ym podczas epickich, turowych bitew.<\/p>\n<p>Walka<br \/>\nTurowa walka na maksa \u2013 z&nbsp;ulepszeniami, specjalnymi zdolno\u015bciami i&nbsp;unikatowym systemem samopoczucia, pozwalaj\u0105cym ci wykorzysta\u0107 s\u0142abo\u015bci. Daj popali\u0107 wrednym skejterom, losowym podrywaczom, a&nbsp;przede wszystkim \u2013 twoim by\u0142ym. <\/p>\n<p>Jazda na deskorolce<br \/>\n Skejtuj, grinduj i&nbsp;biegaj po \u015bcianach Timber Hills, korzystaj\u0105c ze z\u0142o\u017conych akrobacji, kombos\u00f3w i&nbsp;wyzwa\u0144. Poznaj tajemnice Bearfoot Park, walcz\u0105c z&nbsp;wrednymi skejterami i&nbsp;ich przyw\u00f3dc\u0105, Misiem Soundie. <\/p>\n<p>Gotowanie<br \/>\nSpr\u00f3buj zaimponowa\u0107 mamie i&nbsp;napraw wasze stosunki poprzez pe\u0142ne akcji segmenty gotowania, eksploruj\u0105c bogate menu smakowitych da\u0144 zainspirowanych kultur\u0105 po\u0142udniowej Azji.<\/p>\n<p><\/p>","protected":false},"excerpt":{"rendered":"<p>Walcz z&nbsp;by\u0142ymi. Rozczaruj rodzic\u00f3w. Odnajd\u017a swoje \u201eja\u201d. Outerloop Games przedstawia Thirsty Suitors \u2013 gr\u0119 o&nbsp;kulturze, zwi\u0105zkach, rodzinnej presji i&nbsp;wyra\u017caniu samej siebie. Czy Jala poradzi sobie z&nbsp;wymagaj\u0105cymi rodzicami, pogodzi si\u0119 z&nbsp;by\u0142ymi i&nbsp;naprawi nadszarpni\u0119te wi\u0119zi przyja\u017ani przed \u015blubem siostry? Czy b\u0119dzie gotowa na zbli\u017caj\u0105c\u0105 si\u0119 nieuchronnie wizyt\u0119 Nani, przera\u017caj\u0105cej i&nbsp;krytykanckiej matrony przewodz\u0105cej rodzinie? W trakcie historii opowiadanej [&hellip;]<\/p>\n","protected":false},"featured_media":700684,"comment_status":"closed","ping_status":"closed","template":"","meta":{"ub_ctt_via":""},"product_cat":[88,127,89],"product_tag":[218],"class_list":["post-699900","product","type-product","status-publish","has-post-thumbnail","hentry","product_cat-action","product_cat-adventure","product_cat-rpg","product_tag-games","platform-steam-works"],"_links":{"self":[{"href":"https:\/\/neuvee.com\/pl\/wp-json\/wp\/v2\/product\/699900","targetHints":{"allow":["GET"]}}],"collection":[{"href":"https:\/\/neuvee.com\/pl\/wp-json\/wp\/v2\/product"}],"about":[{"href":"https:\/\/neuvee.com\/pl\/wp-json\/wp\/v2\/types\/product"}],"replies":[{"embeddable":true,"href":"https:\/\/neuvee.com\/pl\/wp-json\/wp\/v2\/comments?post=699900"}],"wp:featuredmedia":[{"embeddable":true,"href":"https:\/\/neuvee.com\/pl\/wp-json\/wp\/v2\/media\/700684"}],"wp:attachment":[{"href":"https:\/\/neuvee.com\/pl\/wp-json\/wp\/v2\/media?parent=699900"}],"wp:term":[{"taxonomy":"product_cat","embeddable":true,"href":"https:\/\/neuvee.com\/pl\/wp-json\/wp\/v2\/product_cat?post=699900"},{"taxonomy":"product_tag","embeddable":true,"href":"https:\/\/neuvee.com\/pl\/wp-json\/wp\/v2\/product_tag?post=699900"}],"curies":[{"name":"wp","href":"https:\/\/api.w.org\/{rel}","templated":true}]}}