{"id":699894,"date":"2023-11-08T19:49:08","date_gmt":"2023-11-08T19:49:08","guid":{"rendered":"https:\/\/neuvee.com\/?post_type=product&#038;p=699894"},"modified":"2025-05-19T13:21:36","modified_gmt":"2025-05-19T13:21:36","slug":"the-invincible-deluxe-edition","status":"publish","type":"product","link":"https:\/\/neuvee.com\/pl\/product\/the-invincible-deluxe-edition\/","title":{"rendered":"THE INVINCIBLE: DELUXE EDITION"},"content":{"rendered":"<p>Za\u0142\u00f3\u017c he\u0142m i&nbsp;wyrusz w kosmiczn\u0105 przygod\u0119 wraz z&nbsp;gr\u0105 The Invincible w wersji Deluxe Edition, kt\u00f3ra zawiera:<\/p>\n<p>\u2022\tGr\u0119 podstawow\u0105 The Invincible<br \/>\n\u2022\tCyfrowy artbook The Art of The Invincible wraz z&nbsp;cyfrowym komiksem<br \/>\n\u2022\tOficjalny soundtrack z&nbsp;gry The Invincible<\/p>\n<p>The Invincible<br \/>\nThe Invincible to fabularna przygoda z&nbsp;gatunku hard sci-fi na motywach powie\u015bci Stanis\u0142awa Lema, w kt\u00f3rej pot\u0119g\u0119 ludzko\u015bci neguje tajemniczy fenomen. Odkrywaj tajemnice Regis III jako poszukuj\u0105ca za\u0142ogi astrobiolog Yasna i&nbsp;dokonuj wybor\u00f3w, b\u0119d\u0105c cz\u0119\u015bci\u0105 atompunkowej historii pisanej przez nauk\u0119.<\/p>\n<p>The Invincible: Art Book &#038; Comic Book<br \/>\nZobacz artbook z&nbsp;concept artami oraz&nbsp;ilustracjami atompunkowego uniwersum, kt\u00f3re wykorzystano podczas tworzenia gry The Invincible. Przeczytaj cyfrowy komiks \u201eThe Invincible\u201d, kt\u00f3rego ilustracje pomog\u0105 ci zanurzy\u0107 si\u0119 w tajemniczym \u015bwiecie gry od Starward Industries.<\/p>\n<p>The Invincible: Original Soundtrack<br \/>\nZanurz si\u0119 w \u201eThe Invincible\u201d, emocjonalnej przygodzie science fiction, dzi\u0119ki inspirowanej kosmosem \u015bcie\u017cce d\u017awi\u0119kowej skomponowanej przez Brunona Lubasa. Ka\u017cdy z&nbsp;13 utwor\u00f3w (formaty: MP3, AV, FLAC) umieszczonych w soundtracku zabierze Ci\u0119 w podr\u00f3\u017c przez planet\u0119 Regis III w twojej wyobra\u017ani.<\/p>\n<p><\/p>","protected":false},"excerpt":{"rendered":"<p>Za\u0142\u00f3\u017c he\u0142m i&nbsp;wyrusz w kosmiczn\u0105 przygod\u0119 wraz z&nbsp;gr\u0105 The Invincible w wersji Deluxe Edition, kt\u00f3ra zawiera: \u2022 Gr\u0119 podstawow\u0105 The Invincible \u2022 Cyfrowy artbook The Art of The Invincible wraz z&nbsp;cyfrowym komiksem \u2022 Oficjalny soundtrack z&nbsp;gry The Invincible The Invincible The Invincible to fabularna przygoda z&nbsp;gatunku hard sci-fi na motywach powie\u015bci Stanis\u0142awa Lema, w kt\u00f3rej [&hellip;]<\/p>\n","protected":false},"featured_media":700550,"comment_status":"closed","ping_status":"closed","template":"","meta":{"ub_ctt_via":""},"product_cat":[88,127,221],"product_tag":[218],"class_list":["post-699894","product","type-product","status-publish","has-post-thumbnail","hentry","product_cat-action","product_cat-adventure","product_cat-indie","product_tag-games","platform-steam-works"],"_links":{"self":[{"href":"https:\/\/neuvee.com\/pl\/wp-json\/wp\/v2\/product\/699894","targetHints":{"allow":["GET"]}}],"collection":[{"href":"https:\/\/neuvee.com\/pl\/wp-json\/wp\/v2\/product"}],"about":[{"href":"https:\/\/neuvee.com\/pl\/wp-json\/wp\/v2\/types\/product"}],"replies":[{"embeddable":true,"href":"https:\/\/neuvee.com\/pl\/wp-json\/wp\/v2\/comments?post=699894"}],"wp:featuredmedia":[{"embeddable":true,"href":"https:\/\/neuvee.com\/pl\/wp-json\/wp\/v2\/media\/700550"}],"wp:attachment":[{"href":"https:\/\/neuvee.com\/pl\/wp-json\/wp\/v2\/media?parent=699894"}],"wp:term":[{"taxonomy":"product_cat","embeddable":true,"href":"https:\/\/neuvee.com\/pl\/wp-json\/wp\/v2\/product_cat?post=699894"},{"taxonomy":"product_tag","embeddable":true,"href":"https:\/\/neuvee.com\/pl\/wp-json\/wp\/v2\/product_tag?post=699894"}],"curies":[{"name":"wp","href":"https:\/\/api.w.org\/{rel}","templated":true}]}}