{"id":699892,"date":"2023-11-08T19:48:20","date_gmt":"2023-11-08T19:48:20","guid":{"rendered":"https:\/\/neuvee.com\/?post_type=product&#038;p=699892"},"modified":"2025-05-19T14:27:54","modified_gmt":"2025-05-19T14:27:54","slug":"the-invincible","status":"publish","type":"product","link":"https:\/\/neuvee.com\/pl\/product\/the-invincible\/","title":{"rendered":"THE INVINCIBLE"},"content":{"rendered":"<p>Jeste\u015b wykwalifikowan\u0105, wyj\u0105tkowo bystr\u0105 i&nbsp;subtelnie ironiczn\u0105 astrobiolo\u017ck\u0105 Yasn\u0105. Wpl\u0105tana w kosmiczny wy\u015bcig osi\u0105gni\u0119\u0107, trafiasz na niezbadan\u0105 planet\u0119 Regis III. Twoja eksploracyjna wyprawa szybko zamienia si\u0119 w poszukiwanie zaginionej za\u0142ogi. Ruszasz jej tropem z&nbsp;pe\u0142n\u0105 \u015bwiadomo\u015bci\u0105, \u017ce w ka\u017cdej chwili sama mo\u017cesz znale\u017a\u0107 si\u0119 w potrzasku.<\/p>\n<p>Korzystaj\u0105c ze wsparcia swojego Astrogatora, odkrywaj wymykaj\u0105ce si\u0119 ludzkiemu rozumowi zjawiska. We\u017a udzia\u0142 w kosmiczno-filozoficznej przygodzie, rozgrywanej w budz\u0105cym dreszcz i&nbsp;zachwyt atompunkowym otoczeniu.<\/p>\n<p>Zmierz si\u0119 z&nbsp;niespotykanym dot\u0105d zagro\u017ceniem, konsekwencjami ambicji ludzko\u015bci oraz&nbsp;personalnymi uprzedzeniami. Dokonuj wybor\u00f3w, pod\u0105\u017caj za tajemnic\u0105&#8230; i&nbsp;nie zapominaj, \u017ce nie mo\u017cna lekcewa\u017cy\u0107 geniuszu ewolucji.<\/p>\n<p>Przyjaciel? Towarzysz? Wr\u00f3g? Na Regis III te s\u0142owa zyskuj\u0105 nowe konteksty i&nbsp;znaczenia. Wybieraj, czy i&nbsp;jak chcesz wchodzi\u0107 w interakcj\u0119 z&nbsp;innymi istotami na tej pozornie martwej planecie.<\/p>\n<p>Zanurz si\u0119 w atompunkowej rzeczywisto\u015bci, korzystaj\u0105c z&nbsp;analogowych narz\u0119dzi, takich jak detektor i&nbsp;telemetr. Podr\u00f3\u017cuj retro-futurystycznym \u0142azikiem i&nbsp;wchod\u017a w interakcje ze \u015bwiatem za pomoc\u0105 manualnej maszynerii.<\/p>\n<p>Pierwszoosobowa gra \u201cThe Invincible\u201d  jest adaptacj\u0105 powie\u015bci \u201cNiezwyci\u0119\u017cony\u201d &#8211; ikonicznego dzie\u0142a Stanis\u0142awa Lema, znanego na ca\u0142ym \u015bwiecie polskiego futurologa i&nbsp;pisarza hard science fiction.<\/p>\n<p>S\u0105 takie miejsca jak Regis III, niegotowe na nas i&nbsp;na spotkanie z&nbsp;kt\u00f3rymi my tak\u017ce nie jeste\u015bmy gotowi. Jednak nasz statek nieuchronnie zbli\u017ca si\u0119 do celu, by nasze dzieje i&nbsp;losy przeci\u0119\u0142y si\u0119 w martwym punkcie.<\/p>\n<p><\/p>","protected":false},"excerpt":{"rendered":"<p>Jeste\u015b wykwalifikowan\u0105, wyj\u0105tkowo bystr\u0105 i&nbsp;subtelnie ironiczn\u0105 astrobiolo\u017ck\u0105 Yasn\u0105. Wpl\u0105tana w kosmiczny wy\u015bcig osi\u0105gni\u0119\u0107, trafiasz na niezbadan\u0105 planet\u0119 Regis III. Twoja eksploracyjna wyprawa szybko zamienia si\u0119 w poszukiwanie zaginionej za\u0142ogi. Ruszasz jej tropem z&nbsp;pe\u0142n\u0105 \u015bwiadomo\u015bci\u0105, \u017ce w ka\u017cdej chwili sama mo\u017cesz znale\u017a\u0107 si\u0119 w potrzasku. Korzystaj\u0105c ze wsparcia swojego Astrogatora, odkrywaj wymykaj\u0105ce si\u0119 ludzkiemu rozumowi zjawiska. [&hellip;]<\/p>\n","protected":false},"featured_media":700393,"comment_status":"closed","ping_status":"closed","template":"","meta":{"ub_ctt_via":""},"product_cat":[88,127,221],"product_tag":[218,292],"class_list":["post-699892","product","type-product","status-publish","has-post-thumbnail","hentry","product_cat-action","product_cat-adventure","product_cat-indie","product_tag-games","product_tag-promotion","platform-steam-works"],"_links":{"self":[{"href":"https:\/\/neuvee.com\/pl\/wp-json\/wp\/v2\/product\/699892","targetHints":{"allow":["GET"]}}],"collection":[{"href":"https:\/\/neuvee.com\/pl\/wp-json\/wp\/v2\/product"}],"about":[{"href":"https:\/\/neuvee.com\/pl\/wp-json\/wp\/v2\/types\/product"}],"replies":[{"embeddable":true,"href":"https:\/\/neuvee.com\/pl\/wp-json\/wp\/v2\/comments?post=699892"}],"wp:featuredmedia":[{"embeddable":true,"href":"https:\/\/neuvee.com\/pl\/wp-json\/wp\/v2\/media\/700393"}],"wp:attachment":[{"href":"https:\/\/neuvee.com\/pl\/wp-json\/wp\/v2\/media?parent=699892"}],"wp:term":[{"taxonomy":"product_cat","embeddable":true,"href":"https:\/\/neuvee.com\/pl\/wp-json\/wp\/v2\/product_cat?post=699892"},{"taxonomy":"product_tag","embeddable":true,"href":"https:\/\/neuvee.com\/pl\/wp-json\/wp\/v2\/product_tag?post=699892"}],"curies":[{"name":"wp","href":"https:\/\/api.w.org\/{rel}","templated":true}]}}