{"id":699811,"date":"2023-11-08T19:40:46","date_gmt":"2023-11-08T19:40:46","guid":{"rendered":"https:\/\/neuvee.com\/?post_type=product&#038;p=699811"},"modified":"2025-05-19T14:27:01","modified_gmt":"2025-05-19T14:27:01","slug":"rail-route-2","status":"publish","type":"product","link":"https:\/\/neuvee.com\/pl\/product\/rail-route-2\/","title":{"rendered":"RAIL ROUTE"},"content":{"rendered":"<p>Marzysz o&nbsp;zaprojektowaniu w\u0142asnej sieci kolejowej? Zbudowaniu jej od podstaw, dodawaniu kolejnych stacji, podpisywaniu nowych kontrakt\u00f3w i&nbsp;patrzeniu, jak si\u0119 rozwija? Rail Route pozwoli ci spe\u0142ni\u0107 to marzenie!<\/p>\n<p>Opanuj do perfekcji sztuk\u0119 automatyzacji<br \/>\nRozpocznij od kilku stacji, zaprojektuj swoje pierwsze trasy i&nbsp;ciesz si\u0119, patrz\u0105c, jak tw\u00f3j pierwszy poci\u0105g dociera do celu. Podpisuj kontrakty, by zdobywa\u0107 pieni\u0105dze i&nbsp;punkty ulepsze\u0144, odblokuj te\u017c nowe technologie, kt\u00f3re pozwol\u0105 ci korzysta\u0107 z&nbsp;wi\u0119kszej liczby poci\u0105g\u00f3w i&nbsp;narz\u0119dzi do automatyzacji. Ka\u017cda dodawana stacja i&nbsp;ka\u017cdy kolejny kontrakt zwi\u0119kszaj\u0105 stopie\u0144 skomplikowania twojej sieci, ale r\u00f3wnie\u017c twoj\u0105 wpraw\u0119. Do\u015bwiadcz dreszczu emocji, patrz\u0105c jak twoja sie\u0107 kolejowa rozwija si\u0119 z&nbsp;kilku prostych linii w z\u0142o\u017con\u0105, zautomatyzowan\u0105 operacj\u0119. Automatyzacja w Rail Route to wieloaspektowe, satysfakcjonuj\u0105ce wyzwanie. Wraz z&nbsp;rozwojem twojej strategii, ka\u017cdy umieszczony semafor i&nbsp;ka\u017cda decyzja zwi\u0105zana z&nbsp;kontraktem dodaje kolejne ko\u0142o z\u0119bate do skomplikowanej maszyny, jak\u0105 jest twoja sie\u0107. A gdy poci\u0105gi b\u0119d\u0105 pr\u0119dko p\u0119dzi\u0107 po torach, dzia\u0142aj\u0105c bezb\u0142\u0119dnie, poczujesz niezwyk\u0142a satysfakcj\u0119 \u2013 wynikaj\u0105c\u0105 nie tylko z&nbsp;dobrze wykonanej pracy, ale r\u00f3wnie\u017c z&nbsp;kontrolowania w\u0142asnor\u0119cznie stworzonego \u015bwiata.<\/p>\n<p>Nie takie proste, jak si\u0119 wydaje<br \/>\nNawiguj po czaruj\u0105cym minimalistycznym interfejsie, oferuj\u0105cym wyj\u0105tkowe podej\u015bcie do znajomego tematu ekranu dyspozytora poci\u0105g\u00f3w. Na pierwszy rzut oka interfejs jest bardzo intuicyjny \u2013 to system, kt\u00f3ry mo\u017cna zrozumie\u0107 w kilka minut. Jednak opr\u00f3cz podstawowych funkcji ma jeszcze zaawansowane opcje, kt\u00f3re pojawi\u0105 si\u0119, gdy dodasz wi\u0119cej stacji i&nbsp;podpiszesz wi\u0119cej kontrakt\u00f3w. Ka\u017cda kolejna opcja zwi\u0119ksza realizm w tym autentycznym odzwierciedleniu prawdziwego systemu zarz\u0105dzania kolej\u0105.<\/p>\n<p>Twoja sie\u0107, twoje zasady<br \/>\nMasz pe\u0142n\u0105 swobod\u0119 dzia\u0142ania: zbuduj wszystko od podstaw, stopniowo odblokowuj\u0105c technologie i&nbsp;zasoby, by stworzy\u0107 wyj\u0105tkow\u0105 sie\u0107 kolejow\u0105 na mapach prawdziwych miast. Do\u015bwiadcz satysfakcji wynikaj\u0105cej z&nbsp;idealnego planowania, zapewniaj\u0105cego sprawne dzia\u0142anie poci\u0105g\u00f3w i&nbsp;\u015bwiadcz\u0105ce o&nbsp;twoim zmy\u015ble strategicznym. A mo\u017ce wolisz dreszcz emocji wynikaj\u0105cy z&nbsp;misji wykonywanych pod presj\u0105 czasu, gdzie kluczowe jest szybkie podejmowanie decyzji, a&nbsp;nieko\u0144cz\u0105ce si\u0119 wyzwania trzymaj\u0105 ci\u0119 w napi\u0119ciu?<\/p>\n<p>Do\u0142\u0105cz do innych tw\u00f3rc\u00f3w i&nbsp;entuzjast\u00f3w<br \/>\nDo\u0142\u0105cz do pe\u0142nej \u017cycia spo\u0142eczno\u015bci, kt\u00f3ra nigdy nie przestaje tworzy\u0107 nowych map. Spo\u0142eczno\u015bci tw\u00f3rc\u00f3w i&nbsp;fan\u00f3w kolei, gromadz\u0105cych si\u0119 razem, by projektowa\u0107 mapy przedstawiaj\u0105ce najr\u00f3\u017cniejsze cz\u0119\u015bci \u015bwiata, udost\u0119pnia\u0107 je i&nbsp;gra\u0107 na nich. Ka\u017cda z&nbsp;nich to nowa przygoda i&nbsp;nowe wyzwanie.<\/p>\n<p>Na co czekasz? Zanurz si\u0119 w \u015bwiecie Rail Route i&nbsp;poczuj poci\u0105g do kolei \u2013 niech sie\u0107 ro\u015bnie, a&nbsp;ruch nie ustaje!<\/p>\n<p><\/p>","protected":false},"excerpt":{"rendered":"<p>Marzysz o&nbsp;zaprojektowaniu w\u0142asnej sieci kolejowej? Zbudowaniu jej od podstaw, dodawaniu kolejnych stacji, podpisywaniu nowych kontrakt\u00f3w i&nbsp;patrzeniu, jak si\u0119 rozwija? Rail Route pozwoli ci spe\u0142ni\u0107 to marzenie! Opanuj do perfekcji sztuk\u0119 automatyzacji Rozpocznij od kilku stacji, zaprojektuj swoje pierwsze trasy i&nbsp;ciesz si\u0119, patrz\u0105c, jak tw\u00f3j pierwszy poci\u0105g dociera do celu. Podpisuj kontrakty, by zdobywa\u0107 pieni\u0105dze i&nbsp;punkty [&hellip;]<\/p>\n","protected":false},"featured_media":700185,"comment_status":"closed","ping_status":"closed","template":"","meta":{"ub_ctt_via":""},"product_cat":[78],"product_tag":[218],"class_list":["post-699811","product","type-product","status-publish","has-post-thumbnail","hentry","product_cat-simulation","product_tag-games","platform-steam-works"],"_links":{"self":[{"href":"https:\/\/neuvee.com\/pl\/wp-json\/wp\/v2\/product\/699811","targetHints":{"allow":["GET"]}}],"collection":[{"href":"https:\/\/neuvee.com\/pl\/wp-json\/wp\/v2\/product"}],"about":[{"href":"https:\/\/neuvee.com\/pl\/wp-json\/wp\/v2\/types\/product"}],"replies":[{"embeddable":true,"href":"https:\/\/neuvee.com\/pl\/wp-json\/wp\/v2\/comments?post=699811"}],"wp:featuredmedia":[{"embeddable":true,"href":"https:\/\/neuvee.com\/pl\/wp-json\/wp\/v2\/media\/700185"}],"wp:attachment":[{"href":"https:\/\/neuvee.com\/pl\/wp-json\/wp\/v2\/media?parent=699811"}],"wp:term":[{"taxonomy":"product_cat","embeddable":true,"href":"https:\/\/neuvee.com\/pl\/wp-json\/wp\/v2\/product_cat?post=699811"},{"taxonomy":"product_tag","embeddable":true,"href":"https:\/\/neuvee.com\/pl\/wp-json\/wp\/v2\/product_tag?post=699811"}],"curies":[{"name":"wp","href":"https:\/\/api.w.org\/{rel}","templated":true}]}}