{"id":699808,"date":"2023-11-08T19:40:13","date_gmt":"2023-11-08T19:40:13","guid":{"rendered":"https:\/\/neuvee.com\/?post_type=product&#038;p=699808"},"modified":"2025-05-19T14:26:11","modified_gmt":"2025-05-19T14:26:11","slug":"pure-holdem","status":"publish","type":"product","link":"https:\/\/neuvee.com\/pl\/product\/pure-holdem\/","title":{"rendered":"PURE HOLD&#8217;EM"},"content":{"rendered":"<p>O TEJ GRZE<br \/>\nPierwszy krok w \u015bwiat kasyna \u2013 tutaj graj\u0105c twardo zgarniesz wysok\u0105 pul\u0119. Gra Pure Hold\u2019em jest rozgrywana na 6 r\u00f3\u017cnych stolikach. Uczestnictwo w rozgrywkach na kolejnych stolikach wymaga coraz wi\u0119kszych umiej\u0119tno\u015bci i&nbsp;determinacji. Do\u015bwiadcz ekscytacji p\u0142yn\u0105cej z&nbsp;gry w kasynie o&nbsp;wysokie stawki, ciesz\u0105c si\u0119 komfortem swojej kanapy.<\/p>\n<p>Zacznij od stolika Joker\u00f3w na wibruj\u0105cym od emocji parkiecie kasyna. Zdob\u0105d\u017a s\u0142aw\u0119 i&nbsp;zasi\u0105d\u017a przy stolikach As\u00f3w i&nbsp;Mistrz\u00f3w w penthousie dla VIP-\u00f3w.<\/p>\n<p>Zap\u0142a\u0107 wpisowe zdobytymi kredytami, graj ciemne lub&nbsp;stawiaj wszystkie \u017cetony \u2013 zr\u00f3b to, co konieczne, aby zgarn\u0105\u0107 pul\u0119 i&nbsp;wygra\u0107.<\/p>\n<p>Je\u017celi Fortuna b\u0119dzie Ci sprzyja\u0107, to zgarniesz wysokie stawki i&nbsp;uzyskasz mo\u017cliwo\u015b\u0107 do\u0142\u0105czenia do stolika wy\u017cszego poziomu. Im wy\u017cszy poziom zaawansowania, tym wy\u017csze stawki i&nbsp;wi\u0119ksza pula.<\/p>\n<p>Postawisz wszystko?<\/p>","protected":false},"excerpt":{"rendered":"<p>O TEJ GRZE Pierwszy krok w \u015bwiat kasyna \u2013 tutaj graj\u0105c twardo zgarniesz wysok\u0105 pul\u0119. Gra Pure Hold\u2019em jest rozgrywana na 6 r\u00f3\u017cnych stolikach. Uczestnictwo w rozgrywkach na kolejnych stolikach wymaga coraz wi\u0119kszych umiej\u0119tno\u015bci i&nbsp;determinacji. Do\u015bwiadcz ekscytacji p\u0142yn\u0105cej z&nbsp;gry w kasynie o&nbsp;wysokie stawki, ciesz\u0105c si\u0119 komfortem swojej kanapy. Zacznij od stolika Joker\u00f3w na wibruj\u0105cym od [&hellip;]<\/p>\n","protected":false},"featured_media":700349,"comment_status":"closed","ping_status":"closed","template":"","meta":{"ub_ctt_via":""},"product_cat":[232,223,221,78,222],"product_tag":[218],"class_list":["post-699808","product","type-product","status-publish","has-post-thumbnail","hentry","product_cat-sports","product_cat-casual","product_cat-indie","product_cat-simulation","product_cat-strategy","product_tag-games","platform-steam-works"],"_links":{"self":[{"href":"https:\/\/neuvee.com\/pl\/wp-json\/wp\/v2\/product\/699808","targetHints":{"allow":["GET"]}}],"collection":[{"href":"https:\/\/neuvee.com\/pl\/wp-json\/wp\/v2\/product"}],"about":[{"href":"https:\/\/neuvee.com\/pl\/wp-json\/wp\/v2\/types\/product"}],"replies":[{"embeddable":true,"href":"https:\/\/neuvee.com\/pl\/wp-json\/wp\/v2\/comments?post=699808"}],"wp:featuredmedia":[{"embeddable":true,"href":"https:\/\/neuvee.com\/pl\/wp-json\/wp\/v2\/media\/700349"}],"wp:attachment":[{"href":"https:\/\/neuvee.com\/pl\/wp-json\/wp\/v2\/media?parent=699808"}],"wp:term":[{"taxonomy":"product_cat","embeddable":true,"href":"https:\/\/neuvee.com\/pl\/wp-json\/wp\/v2\/product_cat?post=699808"},{"taxonomy":"product_tag","embeddable":true,"href":"https:\/\/neuvee.com\/pl\/wp-json\/wp\/v2\/product_tag?post=699808"}],"curies":[{"name":"wp","href":"https:\/\/api.w.org\/{rel}","templated":true}]}}