{"id":699806,"date":"2023-11-08T19:39:43","date_gmt":"2023-11-08T19:39:43","guid":{"rendered":"https:\/\/neuvee.com\/?post_type=product&#038;p=699806"},"modified":"2025-05-19T14:18:56","modified_gmt":"2025-05-19T14:18:56","slug":"pure-chess-grandmaster-edition","status":"publish","type":"product","link":"https:\/\/neuvee.com\/pl\/product\/pure-chess-grandmaster-edition\/","title":{"rendered":"PURE CHESS GRANDMASTER EDITION"},"content":{"rendered":"<p>Szachy! Jedna z&nbsp;najpopularniejszych gier \u015bwiata w\u0142a\u015bnie sta\u0142a si\u0119 jeszcze lepsza! <\/p>\n<p>\u201e Pure Chess Grandmaster Edition \u201d to niesamowita ods\u0142ona najwspanialszej gry strategicznej, jaka kiedykolwiek powsta\u0142a. <\/p>\n<p>Pure Chess Grandmaster Edition i&nbsp;zawiera pi\u0119kne, ekskluzywne szachownice i&nbsp;figury, od antycznych po nowoczesne. Ka\u017cdy znajdzie szachownic\u0119 i&nbsp;styl dla siebie. <\/p>\n<p>Cechy:<br \/>\n&#8211; 9 szczeg\u00f3\u0142owo zaprojektowanych szachownic<br \/>\n&#8211; 6 pi\u0119knych lokalizacji<br \/>\n&#8211; Wszechstronny samouczek, kt\u00f3ry uczy podstawowych, \u015bredniozaawansowanych i&nbsp;zaawansowanych technik<br \/>\n&#8211; \u015aledzenie wynik\u00f3w ELO i&nbsp;turniejowego w rankingach<br \/>\n<\/p>","protected":false},"excerpt":{"rendered":"<p>Szachy! Jedna z&nbsp;najpopularniejszych gier \u015bwiata w\u0142a\u015bnie sta\u0142a si\u0119 jeszcze lepsza! \u201e Pure Chess Grandmaster Edition \u201d to niesamowita ods\u0142ona najwspanialszej gry strategicznej, jaka kiedykolwiek powsta\u0142a. Pure Chess Grandmaster Edition i&nbsp;zawiera pi\u0119kne, ekskluzywne szachownice i&nbsp;figury, od antycznych po nowoczesne. Ka\u017cdy znajdzie szachownic\u0119 i&nbsp;styl dla siebie. Cechy: &#8211; 9 szczeg\u00f3\u0142owo zaprojektowanych szachownic &#8211; 6 pi\u0119knych lokalizacji &#8211; [&hellip;]<\/p>\n","protected":false},"featured_media":700043,"comment_status":"closed","ping_status":"closed","template":"","meta":{"ub_ctt_via":""},"product_cat":[232,223,221,78,222],"product_tag":[218],"class_list":["post-699806","product","type-product","status-publish","has-post-thumbnail","hentry","product_cat-sports","product_cat-casual","product_cat-indie","product_cat-simulation","product_cat-strategy","product_tag-games","platform-steam-works"],"_links":{"self":[{"href":"https:\/\/neuvee.com\/pl\/wp-json\/wp\/v2\/product\/699806","targetHints":{"allow":["GET"]}}],"collection":[{"href":"https:\/\/neuvee.com\/pl\/wp-json\/wp\/v2\/product"}],"about":[{"href":"https:\/\/neuvee.com\/pl\/wp-json\/wp\/v2\/types\/product"}],"replies":[{"embeddable":true,"href":"https:\/\/neuvee.com\/pl\/wp-json\/wp\/v2\/comments?post=699806"}],"wp:featuredmedia":[{"embeddable":true,"href":"https:\/\/neuvee.com\/pl\/wp-json\/wp\/v2\/media\/700043"}],"wp:attachment":[{"href":"https:\/\/neuvee.com\/pl\/wp-json\/wp\/v2\/media?parent=699806"}],"wp:term":[{"taxonomy":"product_cat","embeddable":true,"href":"https:\/\/neuvee.com\/pl\/wp-json\/wp\/v2\/product_cat?post=699806"},{"taxonomy":"product_tag","embeddable":true,"href":"https:\/\/neuvee.com\/pl\/wp-json\/wp\/v2\/product_tag?post=699806"}],"curies":[{"name":"wp","href":"https:\/\/api.w.org\/{rel}","templated":true}]}}