{"id":699802,"date":"2023-11-08T19:38:16","date_gmt":"2023-11-08T19:38:16","guid":{"rendered":"https:\/\/neuvee.com\/?post_type=product&#038;p=699802"},"modified":"2025-05-19T14:03:11","modified_gmt":"2025-05-19T14:03:11","slug":"noosphere-2","status":"publish","type":"product","link":"https:\/\/neuvee.com\/pl\/product\/noosphere-2\/","title":{"rendered":"NOOSPHERE"},"content":{"rendered":"<p>Kim jestem..<br \/>\n'Noosphere&#8217; jest pierwszoosobowym, logicznym horrorem o&nbsp;tzw. 'Osobowo\u015bciach&#8217;. Ocala\u0142y z&nbsp;wypadkusamochodowego odkrywa, \u017ce \u017cyje w nim inna istota.<br \/>\nCzyja to historia..<br \/>\nGracz wciela si\u0119 w rol\u0119VincentaMoon\u2019akt\u00f3ry u\u017cywa futurystycznej technologii, aby zag\u0142\u0119bi\u0107 si\u0119 we w\u0142asn\u0105 pod\u015bwiadomo\u015b\u0107. Gra fabularna z&nbsp;elementami logicznymi i&nbsp;horroru.<br \/>\nNoosphere<br \/>\nHe built a&nbsp;machine and named it 'The Noosphere&#8217;, a&nbsp;term stands for mind &#038; consciousness.<br \/>\nFunkcje<\/p>\n<p>&#8211; Grafabularna z&nbsp;elementami logicznymi<\/p>\n<p>&#8211; Challenging puzzles<\/p>\n<p>&#8211; Motyw&#8217;Osobowo\u015bci&#8217;<\/p>\n<p>&#8211; Tajemnica i&nbsp;odkrywanie prawdy<br \/>\nData premiery<br \/>\nPremiera we wczesnym 2021<br \/>\n&#8222;<\/p>\n<p><\/p>","protected":false},"excerpt":{"rendered":"<p>Kim jestem.. 'Noosphere&#8217; jest pierwszoosobowym, logicznym horrorem o&nbsp;tzw. 'Osobowo\u015bciach&#8217;. Ocala\u0142y z&nbsp;wypadkusamochodowego odkrywa, \u017ce \u017cyje w nim inna istota. Czyja to historia.. Gracz wciela si\u0119 w rol\u0119VincentaMoon\u2019akt\u00f3ry u\u017cywa futurystycznej technologii, aby zag\u0142\u0119bi\u0107 si\u0119 we w\u0142asn\u0105 pod\u015bwiadomo\u015b\u0107. Gra fabularna z&nbsp;elementami logicznymi i&nbsp;horroru. Noosphere He built a&nbsp;machine and named it 'The Noosphere&#8217;, a&nbsp;term stands for mind &#038; consciousness. [&hellip;]<\/p>\n","protected":false},"featured_media":700260,"comment_status":"closed","ping_status":"closed","template":"","meta":{"ub_ctt_via":""},"product_cat":[127,221],"product_tag":[218],"class_list":["post-699802","product","type-product","status-publish","has-post-thumbnail","hentry","product_cat-adventure","product_cat-indie","product_tag-games","platform-steam-works"],"_links":{"self":[{"href":"https:\/\/neuvee.com\/pl\/wp-json\/wp\/v2\/product\/699802","targetHints":{"allow":["GET"]}}],"collection":[{"href":"https:\/\/neuvee.com\/pl\/wp-json\/wp\/v2\/product"}],"about":[{"href":"https:\/\/neuvee.com\/pl\/wp-json\/wp\/v2\/types\/product"}],"replies":[{"embeddable":true,"href":"https:\/\/neuvee.com\/pl\/wp-json\/wp\/v2\/comments?post=699802"}],"wp:featuredmedia":[{"embeddable":true,"href":"https:\/\/neuvee.com\/pl\/wp-json\/wp\/v2\/media\/700260"}],"wp:attachment":[{"href":"https:\/\/neuvee.com\/pl\/wp-json\/wp\/v2\/media?parent=699802"}],"wp:term":[{"taxonomy":"product_cat","embeddable":true,"href":"https:\/\/neuvee.com\/pl\/wp-json\/wp\/v2\/product_cat?post=699802"},{"taxonomy":"product_tag","embeddable":true,"href":"https:\/\/neuvee.com\/pl\/wp-json\/wp\/v2\/product_tag?post=699802"}],"curies":[{"name":"wp","href":"https:\/\/api.w.org\/{rel}","templated":true}]}}