{"id":699791,"date":"2023-11-08T19:36:30","date_gmt":"2023-11-08T19:36:30","guid":{"rendered":"https:\/\/neuvee.com\/?post_type=product&#038;p=699791"},"modified":"2025-05-19T14:04:55","modified_gmt":"2025-05-19T14:04:55","slug":"ironcast","status":"publish","type":"product","link":"https:\/\/neuvee.com\/pl\/product\/ironcast\/","title":{"rendered":"IRONCAST"},"content":{"rendered":"<p>Zainspirowana tw\u00f3rczo\u015bci\u0105 takich pisarzy science fiction epoki wiktoria\u0144skiej, jak H.G. Wells i&nbsp;Jules Verne, Akcja gry Ironcast toczy si\u0119 w ramach fascynuj\u0105cej, alternatywnej historii, w kt\u00f3rej wytworni m\u0119\u017cczy\u017ani w cylindrach i&nbsp;kobiety w czepkach dowodz\u0105 ogromnymi, krocz\u0105cymi machinami wojennymi, siej\u0105c zniszczenie w\u015br\u00f3d wrog\u00f3w imperium brytyjskiego. Przejmij kontrol\u0119 nad 7-metrowej wysoko\u015bci pojazdem krocz\u0105cym o&nbsp;nazwie Ironcast i&nbsp;staw czo\u0142a atakuj\u0105cym wrogim jednostkom Ironcast, by stan\u0105\u0107 w obronie wiktoria\u0144skiej Anglii z&nbsp;lat 80 XIX wieku. <\/p>\n<p>Bitwy polegaj\u0105 na tworzeniu w\u0119z\u0142\u00f3w zasob\u00f3w, kt\u00f3re nast\u0119pnie zasilaj\u0105 r\u00f3\u017cne bronie i&nbsp;systemy pojazdu Ironcast. Do gracza nale\u017cy decyzja, jak m\u0105drze spo\u017cytkowa\u0107 te w\u0119z\u0142y. Mo\u017cna zastosowa\u0107 taktyk\u0119 ofensywn\u0105, by uszkodzi\u0107 i&nbsp;zniszczy\u0107 przeciwnika lub&nbsp;defensywn\u0105, je\u015bli spodziewany jest zmasowany atak wroga. <\/p>\n<p>Opis:<br \/>\n&#8211; Wojenna turowa gra strategiczna, kt\u00f3rej akcja toczy si\u0119 w bogatej i&nbsp;interesuj\u0105cej alternatywnej historii lat 80 XIX wieku.<br \/>\n&#8211; Tryb kampanii Roguelite, w kt\u00f3rym \u0142atwo zgin\u0105\u0107, lecz&nbsp;ka\u017cda kolejna sesja przynosi nowe nagrody. Odeprzyj atakuj\u0105ce si\u0142y i&nbsp;ruszaj do przodu po zwyci\u0119stwo!<br \/>\n&#8211; R\u0119cznie stylizowana oprawa graficzna.<br \/>\n&#8211; Inspirowana gatunkiem steampunk i&nbsp;wiktoria\u0144sk\u0105 literatur\u0105 science fiction.<br \/>\n&#8211; Zdobywaj nowe technologie i&nbsp;ulepszaj swoje zdolno\u015bci przeszukuj\u0105c wraki pokonanych wrog\u00f3w.<br \/>\n&#8211; Modyfikuj swoj\u0105 jednostk\u0119 z&nbsp;u\u017cyciem szerokiego wyboru unikalnych broni i&nbsp;system\u00f3w obronnych. Ponad 50 r\u00f3\u017cnych element\u00f3w do odblokowania zapewnia niemal niesko\u0144czon\u0105 liczb\u0119 kombinacji.<br \/>\n&#8211; Ulepszenia pasywne umo\u017cliwiaj\u0105 modyfikacj\u0119 broni jednostki Ironcast oraz&nbsp;jej zdolno\u015bci.<br \/>\n&#8211; Dla komputer\u00f3w PC, MAC oraz&nbsp;Linux.<br \/>\n<\/p>","protected":false},"excerpt":{"rendered":"<p>Zainspirowana tw\u00f3rczo\u015bci\u0105 takich pisarzy science fiction epoki wiktoria\u0144skiej, jak H.G. Wells i&nbsp;Jules Verne, Akcja gry Ironcast toczy si\u0119 w ramach fascynuj\u0105cej, alternatywnej historii, w kt\u00f3rej wytworni m\u0119\u017cczy\u017ani w cylindrach i&nbsp;kobiety w czepkach dowodz\u0105 ogromnymi, krocz\u0105cymi machinami wojennymi, siej\u0105c zniszczenie w\u015br\u00f3d wrog\u00f3w imperium brytyjskiego. Przejmij kontrol\u0119 nad 7-metrowej wysoko\u015bci pojazdem krocz\u0105cym o&nbsp;nazwie Ironcast i&nbsp;staw czo\u0142a atakuj\u0105cym [&hellip;]<\/p>\n","protected":false},"featured_media":700151,"comment_status":"closed","ping_status":"closed","template":"","meta":{"ub_ctt_via":""},"product_cat":[225,221,222],"product_tag":[218],"class_list":["post-699791","product","type-product","status-publish","has-post-thumbnail","hentry","product_cat-role-playing","product_cat-indie","product_cat-strategy","product_tag-games","platform-steam-works"],"_links":{"self":[{"href":"https:\/\/neuvee.com\/pl\/wp-json\/wp\/v2\/product\/699791","targetHints":{"allow":["GET"]}}],"collection":[{"href":"https:\/\/neuvee.com\/pl\/wp-json\/wp\/v2\/product"}],"about":[{"href":"https:\/\/neuvee.com\/pl\/wp-json\/wp\/v2\/types\/product"}],"replies":[{"embeddable":true,"href":"https:\/\/neuvee.com\/pl\/wp-json\/wp\/v2\/comments?post=699791"}],"wp:featuredmedia":[{"embeddable":true,"href":"https:\/\/neuvee.com\/pl\/wp-json\/wp\/v2\/media\/700151"}],"wp:attachment":[{"href":"https:\/\/neuvee.com\/pl\/wp-json\/wp\/v2\/media?parent=699791"}],"wp:term":[{"taxonomy":"product_cat","embeddable":true,"href":"https:\/\/neuvee.com\/pl\/wp-json\/wp\/v2\/product_cat?post=699791"},{"taxonomy":"product_tag","embeddable":true,"href":"https:\/\/neuvee.com\/pl\/wp-json\/wp\/v2\/product_tag?post=699791"}],"curies":[{"name":"wp","href":"https:\/\/api.w.org\/{rel}","templated":true}]}}