{"id":699692,"date":"2023-11-08T19:30:23","date_gmt":"2023-11-08T19:30:23","guid":{"rendered":"https:\/\/neuvee.com\/?post_type=product&#038;p=699692"},"modified":"2025-05-19T14:06:24","modified_gmt":"2025-05-19T14:06:24","slug":"extreme-exorcism","status":"publish","type":"product","link":"https:\/\/neuvee.com\/pl\/product\/extreme-exorcism\/","title":{"rendered":"EXTREME EXORCISM"},"content":{"rendered":"<p>O TEJ GRZE<br \/>\nExtreme Exorcism to gra platformowa w paranormalnym klimacie, w kt\u00f3rej ka\u017cdy Tw\u00f3j ruch b\u0119dzie Ci\u0119 p\u00f3\u017aniej prze\u015bladowa\u0142.<\/p>\n<p>Wciel si\u0119 w Mae Barrons, kt\u00f3ra jako Ekstremalny Egzorcysta nie bawi si\u0119 w p\u00f3\u0142\u015brodki. Jej nadprzyrodzone zdolno\u015bci s\u0105 ostatni\u0105 desk\u0105 ratunku tam, gdzie innym nie uda\u0142o si\u0119 przep\u0119dzi\u0107 upior\u00f3w z&nbsp;nawiedzonego domu.<\/p>\n<p>Konwencjonalne metody nie robi\u0105 wra\u017cenia na duchach. Mae dysponuje za to \u015bmiertelnie gro\u017anym arsena\u0142em broni przeciw duchom \u2014 od wyrzutni rakiet po ostry jak brzytwa bumerang.<\/p>\n<p>Nie s\u0105 to jednak&nbsp;zwyk\u0142e duchy. Pod koniec ka\u017cdej z&nbsp;rund pojawiaj\u0105cy si\u0119 duch odtwarza wszystkie Twoje ruchy z&nbsp;rundy poprzedniej. Im d\u0142u\u017cej pozostajesz przy \u017cyciu, tym rozgrywka staje si\u0119 bardziej ekstremalna.<\/p>\n<p>We\u017a udzia\u0142 w nieustaj\u0105cej walce z&nbsp;duchami w 10 zak\u0105tkach nawiedzonego domu. Ka\u017cdy pok\u00f3j to inne piekielne zagro\u017cenie. Walcz na wietrznym balkonie i&nbsp;w rozpalonej ogniem kuchni, by prze\u017cy\u0107 jak najd\u0142u\u017cej.<\/p>\n<p>W demonicznym lokalnym trybie wieloosobowym mo\u017cesz gra\u0107 w trybach wsp\u00f3\u0142pracy lub&nbsp;deathmatch nawet z&nbsp;3 znajomymi, a&nbsp;50 wyj\u0105tkowych wyzwa\u0144 pozwoli sprawdzi\u0107, czy zas\u0142ugujesz na miano Ekstremalnego Egzorcysty.<\/p>\n<p><\/p>","protected":false},"excerpt":{"rendered":"<p>O TEJ GRZE Extreme Exorcism to gra platformowa w paranormalnym klimacie, w kt\u00f3rej ka\u017cdy Tw\u00f3j ruch b\u0119dzie Ci\u0119 p\u00f3\u017aniej prze\u015bladowa\u0142. Wciel si\u0119 w Mae Barrons, kt\u00f3ra jako Ekstremalny Egzorcysta nie bawi si\u0119 w p\u00f3\u0142\u015brodki. Jej nadprzyrodzone zdolno\u015bci s\u0105 ostatni\u0105 desk\u0105 ratunku tam, gdzie innym nie uda\u0142o si\u0119 przep\u0119dzi\u0107 upior\u00f3w z&nbsp;nawiedzonego domu. Konwencjonalne metody nie robi\u0105 [&hellip;]<\/p>\n","protected":false},"featured_media":699928,"comment_status":"closed","ping_status":"closed","template":"","meta":{"ub_ctt_via":""},"product_cat":[88,127,223,221],"product_tag":[218],"class_list":["post-699692","product","type-product","status-publish","has-post-thumbnail","hentry","product_cat-action","product_cat-adventure","product_cat-casual","product_cat-indie","product_tag-games","platform-steam-works"],"_links":{"self":[{"href":"https:\/\/neuvee.com\/pl\/wp-json\/wp\/v2\/product\/699692","targetHints":{"allow":["GET"]}}],"collection":[{"href":"https:\/\/neuvee.com\/pl\/wp-json\/wp\/v2\/product"}],"about":[{"href":"https:\/\/neuvee.com\/pl\/wp-json\/wp\/v2\/types\/product"}],"replies":[{"embeddable":true,"href":"https:\/\/neuvee.com\/pl\/wp-json\/wp\/v2\/comments?post=699692"}],"wp:featuredmedia":[{"embeddable":true,"href":"https:\/\/neuvee.com\/pl\/wp-json\/wp\/v2\/media\/699928"}],"wp:attachment":[{"href":"https:\/\/neuvee.com\/pl\/wp-json\/wp\/v2\/media?parent=699692"}],"wp:term":[{"taxonomy":"product_cat","embeddable":true,"href":"https:\/\/neuvee.com\/pl\/wp-json\/wp\/v2\/product_cat?post=699692"},{"taxonomy":"product_tag","embeddable":true,"href":"https:\/\/neuvee.com\/pl\/wp-json\/wp\/v2\/product_tag?post=699692"}],"curies":[{"name":"wp","href":"https:\/\/api.w.org\/{rel}","templated":true}]}}