{"id":699684,"date":"2023-11-08T19:27:17","date_gmt":"2023-11-08T19:27:17","guid":{"rendered":"https:\/\/neuvee.com\/?post_type=product&#038;p=699684"},"modified":"2025-05-19T13:37:28","modified_gmt":"2025-05-19T13:37:28","slug":"chernobylite-enhanced-edition","status":"publish","type":"product","link":"https:\/\/neuvee.com\/pl\/product\/chernobylite-enhanced-edition\/","title":{"rendered":"CHERNOBYLITE ENHANCED EDITION"},"content":{"rendered":"<p>Chernobylite to gra z&nbsp;gatunku science-fiction survival horror RPG osadzona w wiernie odwzorowanej na podstawie skan\u00f3w 3D, opustosza\u0142ej strefie wykluczenia Czarnobyla. Zanurz si\u0119 w nieliniowej fabule i&nbsp;odkryj mroczne sekrety z&nbsp;przesz\u0142o\u015bci g\u0142\u00f3wnego bohatera.<\/p>\n<p><\/p>","protected":false},"excerpt":{"rendered":"<p>Chernobylite to gra z&nbsp;gatunku science-fiction survival horror RPG osadzona w wiernie odwzorowanej na podstawie skan\u00f3w 3D, opustosza\u0142ej strefie wykluczenia Czarnobyla. Zanurz si\u0119 w nieliniowej fabule i&nbsp;odkryj mroczne sekrety z&nbsp;przesz\u0142o\u015bci g\u0142\u00f3wnego bohatera.<\/p>\n","protected":false},"featured_media":699819,"comment_status":"closed","ping_status":"closed","template":"","meta":{"ub_ctt_via":""},"product_cat":[88,127,221,89,78],"product_tag":[218],"class_list":["post-699684","product","type-product","status-publish","has-post-thumbnail","hentry","product_cat-action","product_cat-adventure","product_cat-indie","product_cat-rpg","product_cat-simulation","product_tag-games","platform-steam-works"],"_links":{"self":[{"href":"https:\/\/neuvee.com\/pl\/wp-json\/wp\/v2\/product\/699684","targetHints":{"allow":["GET"]}}],"collection":[{"href":"https:\/\/neuvee.com\/pl\/wp-json\/wp\/v2\/product"}],"about":[{"href":"https:\/\/neuvee.com\/pl\/wp-json\/wp\/v2\/types\/product"}],"replies":[{"embeddable":true,"href":"https:\/\/neuvee.com\/pl\/wp-json\/wp\/v2\/comments?post=699684"}],"wp:featuredmedia":[{"embeddable":true,"href":"https:\/\/neuvee.com\/pl\/wp-json\/wp\/v2\/media\/699819"}],"wp:attachment":[{"href":"https:\/\/neuvee.com\/pl\/wp-json\/wp\/v2\/media?parent=699684"}],"wp:term":[{"taxonomy":"product_cat","embeddable":true,"href":"https:\/\/neuvee.com\/pl\/wp-json\/wp\/v2\/product_cat?post=699684"},{"taxonomy":"product_tag","embeddable":true,"href":"https:\/\/neuvee.com\/pl\/wp-json\/wp\/v2\/product_tag?post=699684"}],"curies":[{"name":"wp","href":"https:\/\/api.w.org\/{rel}","templated":true}]}}