{"id":699677,"date":"2023-11-08T19:25:03","date_gmt":"2023-11-08T19:25:03","guid":{"rendered":"https:\/\/neuvee.com\/?post_type=product&#038;p=699677"},"modified":"2025-05-19T14:17:52","modified_gmt":"2025-05-19T14:17:52","slug":"american-arcadia-3","status":"publish","type":"product","link":"https:\/\/neuvee.com\/pl\/product\/american-arcadia-3\/","title":{"rendered":"AMERICAN ARCADIA"},"content":{"rendered":"<p>Ogl\u0105daj \u201eAmerican Arcadia\u201d, najpopularniejszy reality show na \u015bwiecie! W tej retrofuturystycznej metropolii z&nbsp;lat 70. wszyscy \u017cyj\u0105 w luksusie\u2026 nie maj\u0105c poj\u0119cia, \u017ce s\u0105 ogl\u0105dani 24 godziny na dob\u0119! <\/p>\n<p>Ucieknij przed troskami prawdziwego \u015bwiata i&nbsp;\u015bled\u017a najniebezpieczniejszy konkurs w telewizji, w kt\u00f3rym za spadek popularno\u015bci czeka uczestnik\u00f3w najwy\u017csza kara: \u015bmier\u0107. <\/p>\n<p>OTO TREVORTrevor Hills to zwyczajny, przeci\u0119tny, szary cz\u0142owiek. Jest bardzo zadowolony ze swojego nudnego \u017cycia, pracy biurowej i&nbsp;sp\u0119dzania wieczor\u00f3w w domu z&nbsp;\u017c\u00f3\u0142wiem. Niestety taka codzienno\u015b\u0107 nie odpowiada bardzo wa\u017cnym widzom programu \u201eAmerican Arcadia\u201d i&nbsp;wi\u0105\u017ce si\u0119 z&nbsp;nieuchronn\u0105 egzekucj\u0105&#8230; chyba \u017ce uda mu si\u0119 uciec. <\/p>\n<p>Na szcz\u0119\u015bcie Trevor nie jest sam. <\/p>\n<p>]OTO ANGELA\u00a0<br \/>\nAngela Solano jest technikiem sceniczny w \u201eAmerican Arcadia\u201d i&nbsp;zrobi wszystko, by Trevor si\u0119 wydosta\u0142. Pomagaj\u0105c z&nbsp;zewn\u0105trz, wykorzystuje swoje zdolno\u015bci techniczne i&nbsp;spryt, by sterowa\u0107 jego otoczeniem i&nbsp;utorowa\u0107 mu drog\u0119 do wolno\u015bci. <\/p>\n<p>Jednak ani&nbsp;Angela, ani&nbsp;Trevor nie spodziewaj\u0105 si\u0119, \u017ce ucieczka b\u0119dzie przygod\u0105 pe\u0142n\u0105 zwrot\u00f3w akcji i&nbsp;k\u0142amstw. <\/p>\n<p>DWA RODZAJE ROZGRYWKI W JEDNEJ GRZE<br \/>\nKontroluj dwie postacie w r\u00f3\u017cnych \u015brodowiskach: steruj Trevorem w sekcjach platform\u00f3wki logicznej 2,5D i&nbsp;pomagaj mu jako Angela w grze z&nbsp;perspektywy pierwszej osoby z&nbsp;hakowaniem, skradaniem si\u0119 i&nbsp;dalszymi zagadkami. Wsp\u00f3\u0142praca jest ich jedyn\u0105 szans\u0105 na wygran\u0105 z&nbsp;bezlitosn\u0105 korporacj\u0105! <\/p>\n<p>]OD AUTOR\u00d3W GRY CALL OF THE SEA<br \/>\nPo opowie\u015bci o&nbsp;mi\u0142o\u015bci i&nbsp;stracie w latach 30. na po\u0142udniowym Pacyfiku deweloperzy z&nbsp;Out of the Blue przeskoczyli kilka dekad i&nbsp;stworzyli dzie\u0142o osadzone w \u015bwiecie r\u00f3wnie dzikim, jednak&nbsp;na inny spos\u00f3b. <\/p>\n<p>Rozegraj wielowarstwow\u0105 fabu\u0142\u0119 z&nbsp;dopracowan\u0105, artystyczn\u0105 estetyk\u0105, jakiej mo\u017cna si\u0119 spodziewa\u0107 po nagradzanym studiu, i&nbsp;g\u0142osami udzielonymi przez weteran\u00f3w bran\u017cy, takich jak Yuri Lowenthal ([i]Spider-Man 1 i&nbsp;2, Call of the Sea[\/i]), Krizia Bajos ([i]Cyberpunk 2077, League of Legends[\/i]) czy Cissy Jones ([i]Firewatch, Call of the Sea[\/i]).&#8221;<\/p>\n<p><\/p>","protected":false},"excerpt":{"rendered":"<p>Ogl\u0105daj \u201eAmerican Arcadia\u201d, najpopularniejszy reality show na \u015bwiecie! W tej retrofuturystycznej metropolii z&nbsp;lat 70. wszyscy \u017cyj\u0105 w luksusie\u2026 nie maj\u0105c poj\u0119cia, \u017ce s\u0105 ogl\u0105dani 24 godziny na dob\u0119! Ucieknij przed troskami prawdziwego \u015bwiata i&nbsp;\u015bled\u017a najniebezpieczniejszy konkurs w telewizji, w kt\u00f3rym za spadek popularno\u015bci czeka uczestnik\u00f3w najwy\u017csza kara: \u015bmier\u0107. OTO TREVORTrevor Hills to zwyczajny, przeci\u0119tny, szary [&hellip;]<\/p>\n","protected":false},"featured_media":700206,"comment_status":"closed","ping_status":"closed","template":"","meta":{"ub_ctt_via":""},"product_cat":[227,236,226],"product_tag":[218],"class_list":["post-699677","product","type-product","status-publish","has-post-thumbnail","hentry","product_cat-action-adventure","product_cat-platform","product_cat-puzzle","product_tag-games","platform-steam-works"],"_links":{"self":[{"href":"https:\/\/neuvee.com\/pl\/wp-json\/wp\/v2\/product\/699677","targetHints":{"allow":["GET"]}}],"collection":[{"href":"https:\/\/neuvee.com\/pl\/wp-json\/wp\/v2\/product"}],"about":[{"href":"https:\/\/neuvee.com\/pl\/wp-json\/wp\/v2\/types\/product"}],"replies":[{"embeddable":true,"href":"https:\/\/neuvee.com\/pl\/wp-json\/wp\/v2\/comments?post=699677"}],"wp:featuredmedia":[{"embeddable":true,"href":"https:\/\/neuvee.com\/pl\/wp-json\/wp\/v2\/media\/700206"}],"wp:attachment":[{"href":"https:\/\/neuvee.com\/pl\/wp-json\/wp\/v2\/media?parent=699677"}],"wp:term":[{"taxonomy":"product_cat","embeddable":true,"href":"https:\/\/neuvee.com\/pl\/wp-json\/wp\/v2\/product_cat?post=699677"},{"taxonomy":"product_tag","embeddable":true,"href":"https:\/\/neuvee.com\/pl\/wp-json\/wp\/v2\/product_tag?post=699677"}],"curies":[{"name":"wp","href":"https:\/\/api.w.org\/{rel}","templated":true}]}}