{"id":699674,"date":"2023-11-08T19:23:33","date_gmt":"2023-11-08T19:23:33","guid":{"rendered":"https:\/\/neuvee.com\/?post_type=product&#038;p=699674"},"modified":"2025-05-19T13:53:34","modified_gmt":"2025-05-19T13:53:34","slug":"achtung-cthulhu-tactics","status":"publish","type":"product","link":"https:\/\/neuvee.com\/pl\/product\/achtung-cthulhu-tactics\/","title":{"rendered":"ACHTUNG! CTHULHU TACTICS"},"content":{"rendered":"<p>Zmierz si\u0119 z&nbsp;przera\u017caj\u0105cym terrorem nazist\u00f3w i&nbsp;walcz z&nbsp;nie\u015bmiertelnym z\u0142em w Achtung! Cthulhu Tactics \u2013 turowej grze strategicznej osadzonej w nagradzanym \u015bwiecie Achtung! Cthulhu. <\/p>\n<p>Podczas tej utajonej wojny szalej\u0105cej w Europie ogromny mrok przenika wn\u0119trze ziemi i&nbsp;Forest of Fear. W mroku czai si\u0119 nieznane. Musisz zwyci\u0119\u017cy\u0107 za wszelk\u0105 cen\u0119, bo&nbsp;cho\u0107 nazi\u015bci okupuj\u0105 te ziemie, to nie s\u0105 najstraszliwszym wrogiem, z&nbsp;jakim przyjdzie ci si\u0119 zmierzy\u0107&#8230; <\/p>\n<p>Jeste\u015b za lini\u0105 wroga i&nbsp;musisz zniszczy\u0107 koszmarny sojusz mrocznej nauki i&nbsp;okultyzmu. W twoich r\u0119kach spoczywa los ludzko\u015bci. Ruszaj po zwyci\u0119stwo na czele sprzymierzonych si\u0142, korzystaj\u0105c z&nbsp;brawurowych manewr\u00f3w i&nbsp;przebieg\u0142ych strategii, aby zniszczy\u0107 frakcj\u0119 Cult of the Black Sun i&nbsp;tajemnice Wielkich Przedwiecznych, kt\u00f3re planuje wykorzysta\u0107. <\/p>\n<p>*Kluczowe elementy gry*<br \/>\n&#8211; Taktyczna walka: kieruj dru\u017cyn\u0105 sprzymierzonych bohater\u00f3w w innowacyjnych, turowych bitwach naziemnych.<br \/>\n&#8211; System impetu: przechyl szal\u0119 zwyci\u0119stwa na swoj\u0105 korzy\u015b\u0107, zabijaj\u0105c coraz wi\u0119cej wrog\u00f3w i&nbsp;wykonuj\u0105c uderzenia krytyczne, aby zdoby\u0107 impet.<br \/>\n&#8211; \u015awiat\u0142o kontra mrok: okie\u0142znaj moc \u015bwiat\u0142a, aby powstrzyma\u0107 Cthulhu ukrywaj\u0105cego si\u0119 w wielkiej ciemno\u015bci.<br \/>\n&#8211; System PA: ka\u017cda decyzja jest istotna, a&nbsp;system punkt\u00f3w akcji daje ci elastyczno\u015b\u0107, dzi\u0119ki kt\u00f3rej mo\u017cesz bardziej anga\u017cowa\u0107 si\u0119 w wir walki lub&nbsp;wykonywanie sprawnych manewr\u00f3w.<br \/>\n&#8211; System psychologiczny: do\u015bwiadcz grozy wojny i&nbsp;zobacz, jak psychika twojej jednostki zaczyna si\u0119 \u0142ama\u0107 podczas walki.<br \/>\n&#8211; Stw\u00f3rz swoj\u0105 dru\u017cyn\u0119: postacie maj\u0105 wyj\u0105tkowe umiej\u0119tno\u015bci, kt\u00f3re mo\u017cna odblokowywa\u0107 i&nbsp;rozwija\u0107 na r\u00f3\u017cne sposoby. Dodatkowo bronie r\u00f3wnie\u017c mog\u0105 by\u0107 modyfikowane, co zapewnia r\u00f3\u017cnorodne korzy\u015bci. Dzi\u0119ki temu mo\u017cesz lepiej dostosowa\u0107 swoich \u015bmia\u0142k\u00f3w do walki z&nbsp;nazistowskimi szumowinami.<br \/>\n&#8211; Dziwna wojna \u015bwiatowa: zg\u0142\u0119biaj \u015bwiat Achtung! Cthulhu, kt\u00f3ry jest po\u0142\u0105czeniem Lovercrafta i&nbsp;drugiej wojny \u015bwiatowej. Znajdziesz tutaj mitycznych przeciwnik\u00f3w i&nbsp;kampani\u0119 fabularn\u0105 stworzon\u0105 przez Johna Houlihana, kt\u00f3ra jest bezpo\u015brednio zwi\u0105zana z&nbsp;histori\u0105 opowiedzian\u0105 w planszowym odpowiedniku gry.<br \/>\n<\/p>","protected":false},"excerpt":{"rendered":"<p>Zmierz si\u0119 z&nbsp;przera\u017caj\u0105cym terrorem nazist\u00f3w i&nbsp;walcz z&nbsp;nie\u015bmiertelnym z\u0142em w Achtung! Cthulhu Tactics \u2013 turowej grze strategicznej osadzonej w nagradzanym \u015bwiecie Achtung! Cthulhu. Podczas tej utajonej wojny szalej\u0105cej w Europie ogromny mrok przenika wn\u0119trze ziemi i&nbsp;Forest of Fear. W mroku czai si\u0119 nieznane. Musisz zwyci\u0119\u017cy\u0107 za wszelk\u0105 cen\u0119, bo&nbsp;cho\u0107 nazi\u015bci okupuj\u0105 te ziemie, to nie s\u0105 [&hellip;]<\/p>\n","protected":false},"featured_media":699703,"comment_status":"closed","ping_status":"closed","template":"","meta":{"ub_ctt_via":""},"product_cat":[225,88,221,222],"product_tag":[218],"class_list":["post-699674","product","type-product","status-publish","has-post-thumbnail","hentry","product_cat-role-playing","product_cat-action","product_cat-indie","product_cat-strategy","product_tag-games","platform-steam-works"],"_links":{"self":[{"href":"https:\/\/neuvee.com\/pl\/wp-json\/wp\/v2\/product\/699674","targetHints":{"allow":["GET"]}}],"collection":[{"href":"https:\/\/neuvee.com\/pl\/wp-json\/wp\/v2\/product"}],"about":[{"href":"https:\/\/neuvee.com\/pl\/wp-json\/wp\/v2\/types\/product"}],"replies":[{"embeddable":true,"href":"https:\/\/neuvee.com\/pl\/wp-json\/wp\/v2\/comments?post=699674"}],"wp:featuredmedia":[{"embeddable":true,"href":"https:\/\/neuvee.com\/pl\/wp-json\/wp\/v2\/media\/699703"}],"wp:attachment":[{"href":"https:\/\/neuvee.com\/pl\/wp-json\/wp\/v2\/media?parent=699674"}],"wp:term":[{"taxonomy":"product_cat","embeddable":true,"href":"https:\/\/neuvee.com\/pl\/wp-json\/wp\/v2\/product_cat?post=699674"},{"taxonomy":"product_tag","embeddable":true,"href":"https:\/\/neuvee.com\/pl\/wp-json\/wp\/v2\/product_tag?post=699674"}],"curies":[{"name":"wp","href":"https:\/\/api.w.org\/{rel}","templated":true}]}}