{"id":696798,"date":"2023-10-21T21:24:54","date_gmt":"2023-10-21T21:24:54","guid":{"rendered":"https:\/\/neuvee.com\/?post_type=product&#038;p=696798"},"modified":"2025-05-19T14:35:38","modified_gmt":"2025-05-19T14:35:38","slug":"capcom-arcade-2nd-stadium","status":"publish","type":"product","link":"https:\/\/neuvee.com\/pl\/product\/capcom-arcade-2nd-stadium\/","title":{"rendered":"CAPCOM ARCADE 2ND STADIUM"},"content":{"rendered":"<p>\u25a0Capcom Arcade 2nd Stadium<br \/>\nPrzypomnij sobie minione lata, graj\u0105c w ulubione przeboje z&nbsp;salon\u00f3w gier.<br \/>\nZawiera bezp\u0142atn\u0105 gr\u0119 SONSON!<br \/>\nCapcom zn\u00f3w zabiera Ci\u0119 na stadion, przedstawiaj\u0105c kolejn\u0105 kolekcj\u0119 uwielbianych klasycznych hit\u00f3w!<br \/>\nSprawd\u017a, co si\u0119 zmieni\u0142o, i&nbsp;poznaj nowo\u015bci zawarte w pakiecie Capcom Arcade 2nd Stadium!<br \/>\nJak za starych, dobrych czas\u00f3w<br \/>\nOd renderowanych w 3D automat\u00f3w do gier po wyra\u017anie widoczne linie obrazu \u2013 znajdziesz tu wszystko, co potrzebne, by odtworzy\u0107 klimat salon\u00f3w gier. W pe\u0142ni personalizowane ustawienia obrazu pozwol\u0105 stworzy\u0107 w\u0142asne \u015brodowisko, kt\u00f3re przypomni Ci, jak wspaniale gra\u0142o si\u0119 w dawnych salonach.<br \/>\nZupe\u0142nie nowe sposoby gry<br \/>\nDzi\u0119ki funkcjom cofania rozgrywki, regulowania pr\u0119dko\u015bci i&nbsp;zapisywania oraz&nbsp;wczytywania gry w dowolnym momencie stare przeboje nabior\u0105 zupe\u0142nie nowych barw!<br \/>\nZ ka\u017cd\u0105 gr\u0105 zwi\u0105zana jest dost\u0119pna online drabinka rankingowa, wi\u0119c&nbsp;zawsze mo\u017cesz sprawdzi\u0107, jak wypadasz na tle innych graczy z&nbsp;ca\u0142ego \u015bwiata!<br \/>\nCapcom Arcade 2nd Stadium to pakiet, w kt\u00f3rym urok dawnych dni spotyka si\u0119 z&nbsp;najnowocze\u015bniejszymi technologiami, oferuj\u0105c zupe\u0142nie nowe podej\u015bcie do klasycznych gier firmy Capcom!<br \/>\nNie odpuszczaj. Zdominuj tablice wynik\u00f3w.<br \/>\n\u015aled\u017a swoje post\u0119py w ka\u017cdej z&nbsp;gier, w tym informacje o&nbsp;liczbie rozegranych partii, czasie uko\u0144czenia poziom\u00f3w i&nbsp;najlepszych wynikach! Pobijaj w\u0142asne rekordy lub&nbsp;te nale\u017c\u0105ce do Twoich przyjaci\u00f3\u0142 \u2014 zawsze znajdziesz pretekst do dalszej gry!<br \/>\n\u25a0Bundle Contents<br \/>\nSkorzystaj ze \u015bwietnej oferty obejmuj\u0105cej 30 dodatkowych tytu\u0142\u00f3w Capcom Arcade 2nd Stadium, kupuj\u0105c Capcom Arcade 2nd Stadium Bundle. Jako specjaln\u0105 premi\u0119 otrzymasz gr\u0119 Capcom Arcade 2nd Stadium: Gan Sumoku!<br \/>\nCA2S: SAVAGE BEES<br \/>\nCA2S: The Speed Rumbler<br \/>\nCA2S: HYPER DYNE SIDE ARMS<br \/>\nCA2S: Hissatsu Buraiken<br \/>\nCA2S: BLACK TIGER<br \/>\nCA2S: STREET FIGHTER<br \/>\nCA2S: Tiger Road<br \/>\nCA2S: 1943 Kai &#8211; Midway Kaisen &#8211;<br \/>\nCA2S: LAST DUEL<br \/>\nCA2S: Rally 2011 LED STORM<br \/>\nCA2S: A.K.A MAGIC SWORD<br \/>\nCA2S: THREE WONDERS<br \/>\nCA2S: A.K.A THE KING OF DRAGONS<br \/>\nCA2S: A.K.A BLOCK BLOCK<br \/>\nCA2S: A.K.A KNIGHTS OF THE ROUND<br \/>\nCA2S: SATURDAY NIGHT SLAM MASTERS<br \/>\nCA2S: ECO FIGHTERS<br \/>\nCA2S: Pnickies<br \/>\nCA2S: DARKSTALKERS &#8211; The Night Warriors &#8211;<br \/>\nCA2S: NIGHT WARRIORS &#8211; Darkstalkers&#8217; Revenge &#8211;<br \/>\nCA2S: STREET FIGHTER ALPHA &#8211; WARRIORS&#8217; DREAMS &#8211;<br \/>\nCA2S: MEGAMAN &#8211; THE POWER BATTLE &#8211;<br \/>\nCA2S: STREET FIGHTER ALPHA 2<br \/>\nCA2S: SUPER PUZZLE FIGHTER II TURBO<br \/>\nCA2S: MEGAMAN 2 &#8211; THE POWER FIGHTERS &#8211;<br \/>\nCA2S: A.K.A VAMPIRE SAVIOR &#8211; The Lord of Vampire &#8211;<br \/>\nCA2S: Capcom Sports Club<br \/>\nCA2S: SUPER GEM FIGHTER &#8211; MINI MIX &#8211;<br \/>\nCA2S: STREET FIGHTER ALPHA 3<br \/>\nCA2S: HYPER STREET FIGHTER II &#8211; The Anniversary Edition &#8211;<br \/>\nUwaga:<\/p>\n<p>&#8211; Liczba graczy r\u00f3\u017cni si\u0119 w poszczeg\u00f3lnych grach.<\/p>\n<p>&#8211; Otrzymasz specjaln\u0105 premi\u0119 w postaci gry Capcom Arcade 2nd Stadium: Gan Sumoku.<\/p>\n<p>&#8211; Gra Capcom Arcade 2nd Stadium: Gan Sumoku jest tak\u017ce znana pod starsz\u0105 nazw\u0105 GUN.SMOKE.<br \/>\n\u00a9Tetsuo Hara\/Coamix Approved No.GK-102<br \/>\n\u00a9SEGA<br \/>\n\u00a9CAPCOM CO., LTD. 2022 ALL RIGHTS RESERVED.<\/p>\n<p><\/p>","protected":false},"excerpt":{"rendered":"<p>\u25a0Capcom Arcade 2nd Stadium Przypomnij sobie minione lata, graj\u0105c w ulubione przeboje z&nbsp;salon\u00f3w gier. Zawiera bezp\u0142atn\u0105 gr\u0119 SONSON! Capcom zn\u00f3w zabiera Ci\u0119 na stadion, przedstawiaj\u0105c kolejn\u0105 kolekcj\u0119 uwielbianych klasycznych hit\u00f3w! Sprawd\u017a, co si\u0119 zmieni\u0142o, i&nbsp;poznaj nowo\u015bci zawarte w pakiecie Capcom Arcade 2nd Stadium! Jak za starych, dobrych czas\u00f3w Od renderowanych w 3D automat\u00f3w do gier [&hellip;]<\/p>\n","protected":false},"featured_media":697071,"comment_status":"closed","ping_status":"closed","template":"","meta":{"ub_ctt_via":""},"product_cat":[262,88],"product_tag":[218],"class_list":["post-696798","product","type-product","status-publish","has-post-thumbnail","hentry","product_cat-steam-deck-compatibility-verified","product_cat-action","product_tag-games","platform-steam-works"],"_links":{"self":[{"href":"https:\/\/neuvee.com\/pl\/wp-json\/wp\/v2\/product\/696798","targetHints":{"allow":["GET"]}}],"collection":[{"href":"https:\/\/neuvee.com\/pl\/wp-json\/wp\/v2\/product"}],"about":[{"href":"https:\/\/neuvee.com\/pl\/wp-json\/wp\/v2\/types\/product"}],"replies":[{"embeddable":true,"href":"https:\/\/neuvee.com\/pl\/wp-json\/wp\/v2\/comments?post=696798"}],"wp:featuredmedia":[{"embeddable":true,"href":"https:\/\/neuvee.com\/pl\/wp-json\/wp\/v2\/media\/697071"}],"wp:attachment":[{"href":"https:\/\/neuvee.com\/pl\/wp-json\/wp\/v2\/media?parent=696798"}],"wp:term":[{"taxonomy":"product_cat","embeddable":true,"href":"https:\/\/neuvee.com\/pl\/wp-json\/wp\/v2\/product_cat?post=696798"},{"taxonomy":"product_tag","embeddable":true,"href":"https:\/\/neuvee.com\/pl\/wp-json\/wp\/v2\/product_tag?post=696798"}],"curies":[{"name":"wp","href":"https:\/\/api.w.org\/{rel}","templated":true}]}}