{"id":696796,"date":"2023-10-21T21:24:10","date_gmt":"2023-10-21T21:24:10","guid":{"rendered":"https:\/\/neuvee.com\/?post_type=product&#038;p=696796"},"modified":"2025-05-19T13:23:46","modified_gmt":"2025-05-19T13:23:46","slug":"capcom-arcade-stadium-launch","status":"publish","type":"product","link":"https:\/\/neuvee.com\/pl\/product\/capcom-arcade-stadium-launch\/","title":{"rendered":"CAPCOM ARCADE STADIUM (LAUNCH)"},"content":{"rendered":"<p>Poznaj na nowo klasyki Capcom!<br \/>\n1943 &#8211; The Battle of Midway &#8211;<br \/>\nLogo Wallpaper<br \/>\ndo pobrania za darmo! <\/p>\n<p>Strzelanki, bijatyki, gry akcji \u2014 w tej niesamowitej kolekcji znajdziesz wszystkie swoje ulubione gatunki! Capcom Arcade Stadium przypomni Ci z&nbsp;nostalgi\u0105 gry z&nbsp;automat\u00f3w wzbogacone o&nbsp;nowe funkcje, kt\u00f3rych Ci w nich brakowa\u0142o! <\/p>\n<p>Jak za starych, dobrych czas\u00f3w<br \/>\nOd tr\u00f3jwymiarowych renderowanych salon\u00f3w gier po efekt monitora kineskopowego \u2013 znajdziesz tu wszystko, co przypomni Ci atmosfer\u0119 gry na automatach. Dzi\u0119ki w pe\u0142ni edytowalnym ustawieniom wy\u015bwietlania dotosujesz ekran do w\u0142asnych upodoba\u0144 i&nbsp;przypomnisz sobie wspania\u0142e czasy automat\u00f3w. <\/p>\n<p>Nowe sposoby rozgrywki<br \/>\nDzi\u0119ki mo\u017cliwo\u015bci przewijania gry, zmiany pr\u0119dko\u015bci oraz&nbsp;mo\u017cliwo\u015bci zapisywania i&nbsp;wczytywania gry w dowolnym momencie na nowo odkryjesz swoje ulubione tytu\u0142y!<br \/>\nW ka\u017cdej grze dost\u0119pny jest ranking online, w kt\u00f3rym sprawdzisz, jak Ci idzie na tle innych graczy z&nbsp;ca\u0142ego \u015bwiata!<br \/>\nCapcom Arcade Stadium \u2013 tutaj styl retro przeplata si\u0119 z&nbsp;nowoczesnymi funkcjami, pozwalaj\u0105c Ci na nowo spojrze\u0107 na klasyki Capcom! <\/p>\n<p>Gra w pakiecie<br \/>\n1943 &#8211; The Battle of Midway &#8211;<br \/>\nGracze: 1\u20132, tryb wsp\u00f3\u0142pracy<br \/>\nGatunek: strzelanka<br \/>\nWersje j\u0119zykowe: japo\u0144ska i&nbsp;angielska<br \/>\nUwaga: Liczba graczy r\u00f3\u017cni si\u0119 w zale\u017cno\u015bci od gry. Tryb wieloosobowy jest dost\u0119pny wy\u0142\u0105cznie w przypadku po\u0142\u0105cze\u0144 lokalnych.<br \/>\n&#8211; Tapety z&nbsp;logo gier zostan\u0105 pobrane do nast\u0119puj\u0105cego folderu na komputerze:<br \/>\n&#8230;steamappscommonCapcom Arcade StadiumWallpaper<\/p>\n<p><\/p>","protected":false},"excerpt":{"rendered":"<p>Poznaj na nowo klasyki Capcom! 1943 &#8211; The Battle of Midway &#8211; Logo Wallpaper do pobrania za darmo! Strzelanki, bijatyki, gry akcji \u2014 w tej niesamowitej kolekcji znajdziesz wszystkie swoje ulubione gatunki! Capcom Arcade Stadium przypomni Ci z&nbsp;nostalgi\u0105 gry z&nbsp;automat\u00f3w wzbogacone o&nbsp;nowe funkcje, kt\u00f3rych Ci w nich brakowa\u0142o! Jak za starych, dobrych czas\u00f3w Od tr\u00f3jwymiarowych [&hellip;]<\/p>\n","protected":false},"featured_media":696908,"comment_status":"closed","ping_status":"closed","template":"","meta":{"ub_ctt_via":""},"product_cat":[262,88],"product_tag":[218],"class_list":["post-696796","product","type-product","status-publish","has-post-thumbnail","hentry","product_cat-steam-deck-compatibility-verified","product_cat-action","product_tag-games","platform-steam-works"],"_links":{"self":[{"href":"https:\/\/neuvee.com\/pl\/wp-json\/wp\/v2\/product\/696796","targetHints":{"allow":["GET"]}}],"collection":[{"href":"https:\/\/neuvee.com\/pl\/wp-json\/wp\/v2\/product"}],"about":[{"href":"https:\/\/neuvee.com\/pl\/wp-json\/wp\/v2\/types\/product"}],"replies":[{"embeddable":true,"href":"https:\/\/neuvee.com\/pl\/wp-json\/wp\/v2\/comments?post=696796"}],"wp:featuredmedia":[{"embeddable":true,"href":"https:\/\/neuvee.com\/pl\/wp-json\/wp\/v2\/media\/696908"}],"wp:attachment":[{"href":"https:\/\/neuvee.com\/pl\/wp-json\/wp\/v2\/media?parent=696796"}],"wp:term":[{"taxonomy":"product_cat","embeddable":true,"href":"https:\/\/neuvee.com\/pl\/wp-json\/wp\/v2\/product_cat?post=696796"},{"taxonomy":"product_tag","embeddable":true,"href":"https:\/\/neuvee.com\/pl\/wp-json\/wp\/v2\/product_tag?post=696796"}],"curies":[{"name":"wp","href":"https:\/\/api.w.org\/{rel}","templated":true}]}}