{"id":696794,"date":"2023-10-21T21:23:30","date_gmt":"2023-10-21T21:23:30","guid":{"rendered":"https:\/\/neuvee.com\/?post_type=product&#038;p=696794"},"modified":"2025-05-19T14:17:12","modified_gmt":"2025-05-19T14:17:12","slug":"capcom-beat-em-up-bundle-%e3%82%ab%e3%83%97%e3%82%b3%e3%83%b3-%e3%83%99%e3%83%ab%e3%83%88%e3%82%a2%e3%82%af%e3%82%b7%e3%83%a7%e3%83%b3-%e3%82%b3%e3%83%ac%e3%82%af%e3%82%b7%e3%83%a7%e3%83%b3","status":"publish","type":"product","link":"https:\/\/neuvee.com\/pl\/product\/capcom-beat-em-up-bundle-%e3%82%ab%e3%83%97%e3%82%b3%e3%83%b3-%e3%83%99%e3%83%ab%e3%83%88%e3%82%a2%e3%82%af%e3%82%b7%e3%83%a7%e3%83%b3-%e3%82%b3%e3%83%ac%e3%82%af%e3%82%b7%e3%83%a7%e3%83%b3\/","title":{"rendered":"CAPCOM BEAT 'EM UP BUNDLE \/ \u30ab\u30d7\u30b3\u30f3 \u30d9\u30eb\u30c8\u30a2\u30af\u30b7\u30e7\u30f3 \u30b3\u30ec\u30af\u30b7\u30e7\u30f3"},"content":{"rendered":"<p>Prze\u017cyj raz jeszcze czasy \u015bwietno\u015bci gier arkadowych z&nbsp;trybem wsp\u00f3\u0142pracy dzi\u0119ki pakietowi Capcom Beat 'Em Up Bundle! W tej obszernej kolekcji znajdziesz siedem klasycznych tytu\u0142\u00f3w z&nbsp;r\u00f3\u017cnymi opcjami rozgrywki wieloosobowej, funkcjami online i&nbsp;galeriami!<\/p>\n<p>Po\u017cegnaj si\u0119 z&nbsp;pora\u017ckami! Dostosuj ustawienia trudno\u015bci lub&nbsp;zwi\u0119ksz liczb\u0119 \u017cy\u0107, by przej\u015b\u0107 ka\u017cd\u0105 z&nbsp;gier w ca\u0142o\u015bci. Ka\u017cdy z&nbsp;tytu\u0142\u00f3w jest dost\u0119pny w wersji angielskiej i&nbsp;japo\u0144skiej!<\/p>\n<p>Gry w pakiecie: Final Fight, Captain Commando, The King of Dragons, Knights of the Round i&nbsp;Warriors of Fate, a&nbsp;tak\u017ce dwie gry, kt\u00f3re nie by\u0142y dot\u0105d dost\u0119pne na konsolach: Armored Warriors i&nbsp;Battle Circuit!<\/p>\n<p>Skrzyknij znajomych i&nbsp;rozpraw si\u0119 z&nbsp;przeciwnikami w pakiecie BEAT 'EM UP!<\/p>\n<p><\/p>","protected":false},"excerpt":{"rendered":"<p>Prze\u017cyj raz jeszcze czasy \u015bwietno\u015bci gier arkadowych z&nbsp;trybem wsp\u00f3\u0142pracy dzi\u0119ki pakietowi Capcom Beat 'Em Up Bundle! W tej obszernej kolekcji znajdziesz siedem klasycznych tytu\u0142\u00f3w z&nbsp;r\u00f3\u017cnymi opcjami rozgrywki wieloosobowej, funkcjami online i&nbsp;galeriami! Po\u017cegnaj si\u0119 z&nbsp;pora\u017ckami! Dostosuj ustawienia trudno\u015bci lub&nbsp;zwi\u0119ksz liczb\u0119 \u017cy\u0107, by przej\u015b\u0107 ka\u017cd\u0105 z&nbsp;gier w ca\u0142o\u015bci. Ka\u017cdy z&nbsp;tytu\u0142\u00f3w jest dost\u0119pny w wersji angielskiej i&nbsp;japo\u0144skiej! Gry [&hellip;]<\/p>\n","protected":false},"featured_media":703710,"comment_status":"closed","ping_status":"closed","template":"","meta":{"ub_ctt_via":""},"product_cat":[262,88],"product_tag":[218,282],"class_list":["post-696794","product","type-product","status-publish","has-post-thumbnail","hentry","product_cat-steam-deck-compatibility-verified","product_cat-action","product_tag-games","product_tag-capcom-promo","platform-steam-works"],"_links":{"self":[{"href":"https:\/\/neuvee.com\/pl\/wp-json\/wp\/v2\/product\/696794","targetHints":{"allow":["GET"]}}],"collection":[{"href":"https:\/\/neuvee.com\/pl\/wp-json\/wp\/v2\/product"}],"about":[{"href":"https:\/\/neuvee.com\/pl\/wp-json\/wp\/v2\/types\/product"}],"replies":[{"embeddable":true,"href":"https:\/\/neuvee.com\/pl\/wp-json\/wp\/v2\/comments?post=696794"}],"wp:featuredmedia":[{"embeddable":true,"href":"https:\/\/neuvee.com\/pl\/wp-json\/wp\/v2\/media\/703710"}],"wp:attachment":[{"href":"https:\/\/neuvee.com\/pl\/wp-json\/wp\/v2\/media?parent=696794"}],"wp:term":[{"taxonomy":"product_cat","embeddable":true,"href":"https:\/\/neuvee.com\/pl\/wp-json\/wp\/v2\/product_cat?post=696794"},{"taxonomy":"product_tag","embeddable":true,"href":"https:\/\/neuvee.com\/pl\/wp-json\/wp\/v2\/product_tag?post=696794"}],"curies":[{"name":"wp","href":"https:\/\/api.w.org\/{rel}","templated":true}]}}