{"id":696791,"date":"2023-10-21T21:22:55","date_gmt":"2023-10-21T21:22:55","guid":{"rendered":"https:\/\/neuvee.com\/?post_type=product&#038;p=696791"},"modified":"2025-05-19T14:02:24","modified_gmt":"2025-05-19T14:02:24","slug":"capcom-fighting-collection","status":"publish","type":"product","link":"https:\/\/neuvee.com\/pl\/product\/capcom-fighting-collection\/","title":{"rendered":"CAPCOM FIGHTING COLLECTION"},"content":{"rendered":"<p>Dziesi\u0119\u0107 najpopularniejszych gier automatowych firmy Capcom po raz pierwszy w jednej takiej kolekcji!<\/p>\n<p>Szeroki wachlarz tytu\u0142\u00f3w z&nbsp;serii takich jak Street Fighter, Darkstalkers czy Cyberbots i&nbsp;pierwszy konsolowy port Red Earth!<\/p>\n<p>We wszystkie tytu\u0142y mo\u017cna oczywi\u015bcie gra\u0107 te\u017c online!<\/p>\n<p>To idealna kolekcja zar\u00f3wno dla weteran\u00f3w gier zr\u0119czno\u015bciowych, kt\u00f3rzy znaj\u0105 ju\u017c te tytu\u0142y, jak i&nbsp;dla tych, kt\u00f3rzy chc\u0105 w nie zagra\u0107 po raz pierwszy!<\/p>\n<p>\u25a0 Zaawansowane tryby online<br \/>\nGracze mog\u0105 rywalizowa\u0107 w globalnych rankingach lub&nbsp;tworzy\u0107 lobby do rozgrywek ze znajomymi i&nbsp;obserwowania gier. Rollback netcode sprawia, \u017ce przez sie\u0107 gra si\u0119 wygodniej.<\/p>\n<p>\u25a0 Witamy nowicjuszy<br \/>\nNie zapomnieli\u015bmy o&nbsp;funkcjach pomagaj\u0105cych pocz\u0105tkuj\u0105cym graczom, takich jak tryby treningu i&nbsp;jednoprzyciskowe ciosy specjalne. Mo\u017cna te\u017c w dowolnym momencie zapisywa\u0107 i&nbsp;wczytywa\u0107 gr\u0119, \u017ceby przej\u015b\u0107 co\u015b jeszcze raz!<\/p>\n<p>\u25a0 Dodatkowa zawarto\u015b\u0107 w Muzeum<br \/>\nZbi\u00f3r ponad 500 ilustracji i&nbsp;materia\u0142\u00f3w z&nbsp;etapu tworzenia 10 gier wchodz\u0105cych w sk\u0142ad kolekcji, a&nbsp;tak\u017ce niepublikowane dot\u0105d grafiki koncepcyjne i&nbsp;materia\u0142y zza kulis ods\u0142aniaj\u0105ce proces powstawania produkcji. Dodatkowo do\u0142\u0105czamy 400 \u015bcie\u017cek muzycznych z&nbsp;automatowych wersji ka\u017cdego z&nbsp;tytu\u0142\u00f3w.<\/p>\n<p>\u25a0 Gry w kolekcji (w j\u0119zyku angielskim i&nbsp;japo\u0144skim, opr\u00f3cz tytu\u0142\u00f3w oznaczonych gwiazdk\u0105, kt\u00f3re s\u0105 dost\u0119pne tylko po japo\u0144sku):<br \/>\nDarkstalkers<br \/>\nNight Warriors<br \/>\nVampire Savior<br \/>\nVampire Hunter 2*<br \/>\nVampire Savior 2*<br \/>\nHyper Street Fighter II<br \/>\nSuper Gem Fighter Minimix<br \/>\nSuper Puzzle Fighter II Turbo<br \/>\nCyberbots<br \/>\nRed Earth<\/p>\n<p><\/p>","protected":false},"excerpt":{"rendered":"<p>Dziesi\u0119\u0107 najpopularniejszych gier automatowych firmy Capcom po raz pierwszy w jednej takiej kolekcji! Szeroki wachlarz tytu\u0142\u00f3w z&nbsp;serii takich jak Street Fighter, Darkstalkers czy Cyberbots i&nbsp;pierwszy konsolowy port Red Earth! We wszystkie tytu\u0142y mo\u017cna oczywi\u015bcie gra\u0107 te\u017c online! To idealna kolekcja zar\u00f3wno dla weteran\u00f3w gier zr\u0119czno\u015bciowych, kt\u00f3rzy znaj\u0105 ju\u017c te tytu\u0142y, jak i&nbsp;dla tych, kt\u00f3rzy chc\u0105 [&hellip;]<\/p>\n","protected":false},"featured_media":697957,"comment_status":"closed","ping_status":"closed","template":"","meta":{"ub_ctt_via":""},"product_cat":[88],"product_tag":[218,282,290],"class_list":["post-696791","product","type-product","status-publish","has-post-thumbnail","hentry","product_cat-action","product_tag-games","product_tag-capcom-promo","product_tag-may-promo","platform-steam-works"],"_links":{"self":[{"href":"https:\/\/neuvee.com\/pl\/wp-json\/wp\/v2\/product\/696791","targetHints":{"allow":["GET"]}}],"collection":[{"href":"https:\/\/neuvee.com\/pl\/wp-json\/wp\/v2\/product"}],"about":[{"href":"https:\/\/neuvee.com\/pl\/wp-json\/wp\/v2\/types\/product"}],"replies":[{"embeddable":true,"href":"https:\/\/neuvee.com\/pl\/wp-json\/wp\/v2\/comments?post=696791"}],"wp:featuredmedia":[{"embeddable":true,"href":"https:\/\/neuvee.com\/pl\/wp-json\/wp\/v2\/media\/697957"}],"wp:attachment":[{"href":"https:\/\/neuvee.com\/pl\/wp-json\/wp\/v2\/media?parent=696791"}],"wp:term":[{"taxonomy":"product_cat","embeddable":true,"href":"https:\/\/neuvee.com\/pl\/wp-json\/wp\/v2\/product_cat?post=696791"},{"taxonomy":"product_tag","embeddable":true,"href":"https:\/\/neuvee.com\/pl\/wp-json\/wp\/v2\/product_tag?post=696791"}],"curies":[{"name":"wp","href":"https:\/\/api.w.org\/{rel}","templated":true}]}}