{"id":696771,"date":"2023-10-21T21:19:45","date_gmt":"2023-10-21T21:19:45","guid":{"rendered":"https:\/\/neuvee.com\/?post_type=product&#038;p=696771"},"modified":"2025-05-19T14:36:02","modified_gmt":"2025-05-19T14:36:02","slug":"dead-rising-4-franks-big-package","status":"publish","type":"product","link":"https:\/\/neuvee.com\/pl\/product\/dead-rising-4-franks-big-package\/","title":{"rendered":"DEAD RISING\u2122 4 &#8211; FRANK&#8217;S BIG PACKAGE"},"content":{"rendered":"<p>W tej edycji otrzymasz gr\u0119 Dead Rising 4 oraz&nbsp;subskrypcj\u0119 serii* Dead Rising 4, w tym wyj\u0105tkowe dodatki \u2014 wszystko to w jednej, atrakcyjnej cenie:<br \/>\nDead Rising 4<br \/>\nDead Rising 4 \u2013 Frank Rising<br \/>\nDead Rising 4 \u2013 Holiday Stocking Stuffer Pack<br \/>\nDead Rising 4 \u2013 Season Pass<br \/>\nDead Rising 4 \u2013 Super Ultra Dead Rising 4 Mini Golf<\/p>\n<p>W Dead Rising 4 do gry powraca fotoreporter Frank West w zupe\u0142nie nowej ods\u0142onie jednej z&nbsp;najpopularniejszych serii o&nbsp;tematyce zombie wszech czas\u00f3w. Powracaj\u0105 te\u017c wszystkie atuty prze\u0142omowej serii, takie jak ogromny wyb\u00f3r broni i&nbsp;pojazd\u00f3w \u2014 od ca\u0142kiem praktycznych po zupe\u0142nie odjechane \u2014 kt\u00f3re gracz mo\u017ce samodzielnie skonstruowa\u0107, by walczy\u0107 z&nbsp;hordami wrog\u00f3w. W grze pojawiaj\u0105 si\u0119 r\u00f3wnie\u017c ambitne nowe funkcje, w tym nowe klasy zombie, egzoszkielety oraz&nbsp;tryb wsp\u00f3\u0142pracy dla 4 graczy. Porywaj\u0105ca akcja i&nbsp;niezliczone opcje konfiguracji broni oraz&nbsp;postaci sprawi\u0105, \u017ce podczas gry w Dead Rising 4 gracze poczuj\u0105 prawdziwe emocje, poznaj\u0105c i&nbsp;przeszukuj\u0105c ogromny otwarty \u015bwiat oraz&nbsp;walcz\u0105c w nim o&nbsp;przetrwanie.<\/p>\n<p>Subskrypcja serii Dead Rising 4 to nieko\u0144cz\u0105ca si\u0119 krwawa rozrywka. Subskrypcja serii zapewnia dost\u0119p do nowych sposob\u00f3w prowadzenia rozgrywki w Willamette, nowego w\u0105tku fabularnego oraz&nbsp;wyj\u0105tkowej premii \u2014 \u015awi\u0105tecznego pakietu prezent\u00f3w. Wi\u0119cej szczeg\u00f3\u0142\u00f3w ju\u017c wkr\u00f3tce.<\/p>\n<p>*Gracze, kt\u00f3rzy wykupi\u0105 subskrypcj\u0119 serii, nie powinni kupowa\u0107 osobno pakiet\u00f3w zawarto\u015bci do pobrania, poniewa\u017c&nbsp;spowoduje to naliczenie dodatkowych op\u0142at. Dost\u0119pno\u015b\u0107 i&nbsp;daty publikacji mog\u0105 si\u0119 r\u00f3\u017cni\u0107 na poszczeg\u00f3lnych platformach i&nbsp;w r\u00f3\u017cnych krajach. Zawarto\u015b\u0107 dost\u0119pna w ramach subskrypcji serii mo\u017ce by\u0107 sprzedawana osobno. <\/p>","protected":false},"excerpt":{"rendered":"<p>W tej edycji otrzymasz gr\u0119 Dead Rising 4 oraz&nbsp;subskrypcj\u0119 serii* Dead Rising 4, w tym wyj\u0105tkowe dodatki \u2014 wszystko to w jednej, atrakcyjnej cenie: Dead Rising 4 Dead Rising 4 \u2013 Frank Rising Dead Rising 4 \u2013 Holiday Stocking Stuffer Pack Dead Rising 4 \u2013 Season Pass Dead Rising 4 \u2013 Super Ultra Dead Rising [&hellip;]<\/p>\n","protected":false},"featured_media":699254,"comment_status":"closed","ping_status":"closed","template":"","meta":{"ub_ctt_via":""},"product_cat":[88],"product_tag":[218],"class_list":["post-696771","product","type-product","status-publish","has-post-thumbnail","hentry","product_cat-action","product_tag-games","platform-steam-works"],"_links":{"self":[{"href":"https:\/\/neuvee.com\/pl\/wp-json\/wp\/v2\/product\/696771","targetHints":{"allow":["GET"]}}],"collection":[{"href":"https:\/\/neuvee.com\/pl\/wp-json\/wp\/v2\/product"}],"about":[{"href":"https:\/\/neuvee.com\/pl\/wp-json\/wp\/v2\/types\/product"}],"replies":[{"embeddable":true,"href":"https:\/\/neuvee.com\/pl\/wp-json\/wp\/v2\/comments?post=696771"}],"wp:featuredmedia":[{"embeddable":true,"href":"https:\/\/neuvee.com\/pl\/wp-json\/wp\/v2\/media\/699254"}],"wp:attachment":[{"href":"https:\/\/neuvee.com\/pl\/wp-json\/wp\/v2\/media?parent=696771"}],"wp:term":[{"taxonomy":"product_cat","embeddable":true,"href":"https:\/\/neuvee.com\/pl\/wp-json\/wp\/v2\/product_cat?post=696771"},{"taxonomy":"product_tag","embeddable":true,"href":"https:\/\/neuvee.com\/pl\/wp-json\/wp\/v2\/product_tag?post=696771"}],"curies":[{"name":"wp","href":"https:\/\/api.w.org\/{rel}","templated":true}]}}