{"id":696687,"date":"2023-10-21T21:16:23","date_gmt":"2023-10-21T21:16:23","guid":{"rendered":"https:\/\/neuvee.com\/?post_type=product&#038;p=696687"},"modified":"2025-05-19T13:59:59","modified_gmt":"2025-05-19T13:59:59","slug":"deadrising-4","status":"publish","type":"product","link":"https:\/\/neuvee.com\/pl\/product\/deadrising-4\/","title":{"rendered":"DEADRISING\u2122 4"},"content":{"rendered":"<p>W Dead Rising 4 do gry powraca fotoreporter Frank West w zupe\u0142nie nowej ods\u0142onie jednej z&nbsp;najpopularniejszych serii o&nbsp;tematyce zombie wszech czas\u00f3w. Powracaj\u0105 te\u017c wszystkie atuty prze\u0142omowej serii, takie jak ogromny wyb\u00f3r broni i&nbsp;pojazd\u00f3w \u2014 od ca\u0142kiem praktycznych po zupe\u0142nie odjechane \u2014 kt\u00f3re gracz mo\u017ce samodzielnie skonstruowa\u0107, by walczy\u0107 z&nbsp;hordami wrog\u00f3w. W grze pojawiaj\u0105 si\u0119 r\u00f3wnie\u017c ambitne nowe funkcje, w tym nowe klasy zombie, egzoszkielety oraz&nbsp;tryb wsp\u00f3\u0142pracy w ramach rozgrywki wieloosobowej dla 4 graczy. Porywaj\u0105ca akcja i&nbsp;niezliczone opcje konfiguracji broni oraz&nbsp;postaci sprawi\u0105, \u017ce podczas gry w Dead Rising 4 gracze poczuj\u0105 prawdziwe emocje, poznaj\u0105c i&nbsp;przeszukuj\u0105c ogromny otwarty \u015bwiat oraz&nbsp;walcz\u0105c w nim o&nbsp;przetrwanie.<\/p>\n<p><\/p>","protected":false},"excerpt":{"rendered":"<p>W Dead Rising 4 do gry powraca fotoreporter Frank West w zupe\u0142nie nowej ods\u0142onie jednej z&nbsp;najpopularniejszych serii o&nbsp;tematyce zombie wszech czas\u00f3w. Powracaj\u0105 te\u017c wszystkie atuty prze\u0142omowej serii, takie jak ogromny wyb\u00f3r broni i&nbsp;pojazd\u00f3w \u2014 od ca\u0142kiem praktycznych po zupe\u0142nie odjechane \u2014 kt\u00f3re gracz mo\u017ce samodzielnie skonstruowa\u0107, by walczy\u0107 z&nbsp;hordami wrog\u00f3w. W grze pojawiaj\u0105 si\u0119 r\u00f3wnie\u017c [&hellip;]<\/p>\n","protected":false},"featured_media":698294,"comment_status":"closed","ping_status":"closed","template":"","meta":{"ub_ctt_via":""},"product_cat":[88],"product_tag":[218,282],"class_list":["post-696687","product","type-product","status-publish","has-post-thumbnail","hentry","product_cat-action","product_tag-games","product_tag-capcom-promo","platform-steam-works"],"_links":{"self":[{"href":"https:\/\/neuvee.com\/pl\/wp-json\/wp\/v2\/product\/696687","targetHints":{"allow":["GET"]}}],"collection":[{"href":"https:\/\/neuvee.com\/pl\/wp-json\/wp\/v2\/product"}],"about":[{"href":"https:\/\/neuvee.com\/pl\/wp-json\/wp\/v2\/types\/product"}],"replies":[{"embeddable":true,"href":"https:\/\/neuvee.com\/pl\/wp-json\/wp\/v2\/comments?post=696687"}],"wp:featuredmedia":[{"embeddable":true,"href":"https:\/\/neuvee.com\/pl\/wp-json\/wp\/v2\/media\/698294"}],"wp:attachment":[{"href":"https:\/\/neuvee.com\/pl\/wp-json\/wp\/v2\/media?parent=696687"}],"wp:term":[{"taxonomy":"product_cat","embeddable":true,"href":"https:\/\/neuvee.com\/pl\/wp-json\/wp\/v2\/product_cat?post=696687"},{"taxonomy":"product_tag","embeddable":true,"href":"https:\/\/neuvee.com\/pl\/wp-json\/wp\/v2\/product_tag?post=696687"}],"curies":[{"name":"wp","href":"https:\/\/api.w.org\/{rel}","templated":true}]}}