{"id":696686,"date":"2023-10-21T21:16:06","date_gmt":"2023-10-21T21:16:06","guid":{"rendered":"https:\/\/neuvee.com\/?post_type=product&#038;p=696686"},"modified":"2025-05-19T14:07:55","modified_gmt":"2025-05-19T14:07:55","slug":"deadrising-4-season-pass","status":"publish","type":"product","link":"https:\/\/neuvee.com\/pl\/product\/deadrising-4-season-pass\/","title":{"rendered":"DEADRISING\u2122 4 SEASON PASS"},"content":{"rendered":"<p>Subskrypcja serii Dead Rising 4 to nieko\u0144cz\u0105ca si\u0119 krwawa rozrywka. Subskrypcja serii to nowe sposoby prowadzenia rozgrywki w Willamette, nowy w\u0105tek fabularny oraz&nbsp;wyj\u0105tkowa premia \u2014 \u015awi\u0105teczny pakiet prezent\u00f3w. Wi\u0119cej szczeg\u00f3\u0142\u00f3w ju\u017c wkr\u00f3tce.<br \/>\nPo udost\u0119pnieniu zawarto\u015b\u0107 mo\u017cna pobra\u0107 w sklepie w grze Dead Rising 4.<br \/>\nZawarto\u015b\u0107 do pobrania dost\u0119pna w ramach subskrypcji serii mo\u017ce by\u0107 sprzedawana osobno. Je\u015bli zakupisz subskrypcj\u0119 serii, nie kupuj sprzedawanych osobno pakiet\u00f3w zawarto\u015bci do pobrania, poniewa\u017c&nbsp;wi\u0105\u017ce si\u0119 to z&nbsp;pobraniem op\u0142at. Dost\u0119pno\u015b\u0107 i&nbsp;daty publikacji mog\u0105 si\u0119 r\u00f3\u017cni\u0107 na poszczeg\u00f3lnych platformach. Wymagana jest gra Dead Rising, sprzedawana osobno. Subskrypcja serii oraz&nbsp;zawarto\u015b\u0107 do pobrania mog\u0105 nie by\u0107 dost\u0119pne we wszystkich krajach. <\/p>","protected":false},"excerpt":{"rendered":"<p>Subskrypcja serii Dead Rising 4 to nieko\u0144cz\u0105ca si\u0119 krwawa rozrywka. Subskrypcja serii to nowe sposoby prowadzenia rozgrywki w Willamette, nowy w\u0105tek fabularny oraz&nbsp;wyj\u0105tkowa premia \u2014 \u015awi\u0105teczny pakiet prezent\u00f3w. Wi\u0119cej szczeg\u00f3\u0142\u00f3w ju\u017c wkr\u00f3tce. Po udost\u0119pnieniu zawarto\u015b\u0107 mo\u017cna pobra\u0107 w sklepie w grze Dead Rising 4. Zawarto\u015b\u0107 do pobrania dost\u0119pna w ramach subskrypcji serii mo\u017ce by\u0107 sprzedawana [&hellip;]<\/p>\n","protected":false},"featured_media":699224,"comment_status":"closed","ping_status":"closed","template":"","meta":{"ub_ctt_via":""},"product_cat":[88],"product_tag":[218],"class_list":["post-696686","product","type-product","status-publish","has-post-thumbnail","hentry","product_cat-action","product_tag-games","platform-steam-works"],"_links":{"self":[{"href":"https:\/\/neuvee.com\/pl\/wp-json\/wp\/v2\/product\/696686","targetHints":{"allow":["GET"]}}],"collection":[{"href":"https:\/\/neuvee.com\/pl\/wp-json\/wp\/v2\/product"}],"about":[{"href":"https:\/\/neuvee.com\/pl\/wp-json\/wp\/v2\/types\/product"}],"replies":[{"embeddable":true,"href":"https:\/\/neuvee.com\/pl\/wp-json\/wp\/v2\/comments?post=696686"}],"wp:featuredmedia":[{"embeddable":true,"href":"https:\/\/neuvee.com\/pl\/wp-json\/wp\/v2\/media\/699224"}],"wp:attachment":[{"href":"https:\/\/neuvee.com\/pl\/wp-json\/wp\/v2\/media?parent=696686"}],"wp:term":[{"taxonomy":"product_cat","embeddable":true,"href":"https:\/\/neuvee.com\/pl\/wp-json\/wp\/v2\/product_cat?post=696686"},{"taxonomy":"product_tag","embeddable":true,"href":"https:\/\/neuvee.com\/pl\/wp-json\/wp\/v2\/product_tag?post=696686"}],"curies":[{"name":"wp","href":"https:\/\/api.w.org\/{rel}","templated":true}]}}