{"id":696680,"date":"2023-10-21T21:14:16","date_gmt":"2023-10-21T21:14:16","guid":{"rendered":"https:\/\/neuvee.com\/?post_type=product&#038;p=696680"},"modified":"2025-05-19T14:29:00","modified_gmt":"2025-05-19T14:29:00","slug":"devil-may-cry-5-vergil","status":"publish","type":"product","link":"https:\/\/neuvee.com\/pl\/product\/devil-may-cry-5-vergil\/","title":{"rendered":"DEVIL MAY CRY 5 + VERGIL"},"content":{"rendered":"<p>Legendarny \u0142owca demon\u00f3w powraca w wielkim stylu w pe\u0142nej akcji grze wyczekiwanej przez fan\u00f3w serii. Pakiet obejmuje teraz zawarto\u015b\u0107 do pobrania Grywalna posta\u0107: Vergil (dost\u0119pn\u0105 r\u00f3wnie\u017c osobno).<\/p>\n<p>Zupe\u0142nie nowy tytu\u0142 z&nbsp;legendarnej serii gier akcji, Devil May Cry 5, jest charakterystycznym po\u0142\u0105czeniem wysokooktanowej akcji, postaci nie z&nbsp;tego \u015bwiata i&nbsp;najnowszych technologii firmy Capcom. To arcydzie\u0142o gatunku action-adventure z&nbsp;prze\u0142omow\u0105 grafik\u0105.<\/p>\n<p>*Aby nie zakupi\u0107 jej ponownie, sprawd\u017a zakupy dokonane wcze\u015bniej.<\/p>\n<p><\/p>","protected":false},"excerpt":{"rendered":"<p>Legendarny \u0142owca demon\u00f3w powraca w wielkim stylu w pe\u0142nej akcji grze wyczekiwanej przez fan\u00f3w serii. Pakiet obejmuje teraz zawarto\u015b\u0107 do pobrania Grywalna posta\u0107: Vergil (dost\u0119pn\u0105 r\u00f3wnie\u017c osobno). Zupe\u0142nie nowy tytu\u0142 z&nbsp;legendarnej serii gier akcji, Devil May Cry 5, jest charakterystycznym po\u0142\u0105czeniem wysokooktanowej akcji, postaci nie z&nbsp;tego \u015bwiata i&nbsp;najnowszych technologii firmy Capcom. To arcydzie\u0142o gatunku action-adventure [&hellip;]<\/p>\n","protected":false},"featured_media":698977,"comment_status":"closed","ping_status":"closed","template":"","meta":{"ub_ctt_via":""},"product_cat":[262,88],"product_tag":[218],"class_list":["post-696680","product","type-product","status-publish","has-post-thumbnail","hentry","product_cat-steam-deck-compatibility-verified","product_cat-action","product_tag-games","platform-steam-works"],"_links":{"self":[{"href":"https:\/\/neuvee.com\/pl\/wp-json\/wp\/v2\/product\/696680","targetHints":{"allow":["GET"]}}],"collection":[{"href":"https:\/\/neuvee.com\/pl\/wp-json\/wp\/v2\/product"}],"about":[{"href":"https:\/\/neuvee.com\/pl\/wp-json\/wp\/v2\/types\/product"}],"replies":[{"embeddable":true,"href":"https:\/\/neuvee.com\/pl\/wp-json\/wp\/v2\/comments?post=696680"}],"wp:featuredmedia":[{"embeddable":true,"href":"https:\/\/neuvee.com\/pl\/wp-json\/wp\/v2\/media\/698977"}],"wp:attachment":[{"href":"https:\/\/neuvee.com\/pl\/wp-json\/wp\/v2\/media?parent=696680"}],"wp:term":[{"taxonomy":"product_cat","embeddable":true,"href":"https:\/\/neuvee.com\/pl\/wp-json\/wp\/v2\/product_cat?post=696680"},{"taxonomy":"product_tag","embeddable":true,"href":"https:\/\/neuvee.com\/pl\/wp-json\/wp\/v2\/product_tag?post=696680"}],"curies":[{"name":"wp","href":"https:\/\/api.w.org\/{rel}","templated":true}]}}