{"id":696679,"date":"2023-10-21T21:13:56","date_gmt":"2023-10-21T21:13:56","guid":{"rendered":"https:\/\/neuvee.com\/?post_type=product&#038;p=696679"},"modified":"2025-05-19T13:43:47","modified_gmt":"2025-05-19T13:43:47","slug":"devil-may-cry-5-playable-character-vergil","status":"publish","type":"product","link":"https:\/\/neuvee.com\/pl\/product\/devil-may-cry-5-playable-character-vergil\/","title":{"rendered":"DEVIL MAY CRY 5 &#8211; PLAYABLE CHARACTER: VERGIL"},"content":{"rendered":"<p>Dodano Vergila jako grywaln\u0105 posta\u0107 w kampanii fabularnej oraz&nbsp;tryby Krwawy pa\u0142ac i&nbsp;Otch\u0142a\u0144.<\/p>\n<p><\/p>","protected":false},"excerpt":{"rendered":"<p>Dodano Vergila jako grywaln\u0105 posta\u0107 w kampanii fabularnej oraz&nbsp;tryby Krwawy pa\u0142ac i&nbsp;Otch\u0142a\u0144.<\/p>\n","protected":false},"featured_media":714645,"comment_status":"closed","ping_status":"closed","template":"","meta":{"ub_ctt_via":""},"product_cat":[88],"product_tag":[218,290],"class_list":["post-696679","product","type-product","status-publish","has-post-thumbnail","hentry","product_cat-action","product_tag-games","product_tag-may-promo","platform-steam-works"],"_links":{"self":[{"href":"https:\/\/neuvee.com\/pl\/wp-json\/wp\/v2\/product\/696679","targetHints":{"allow":["GET"]}}],"collection":[{"href":"https:\/\/neuvee.com\/pl\/wp-json\/wp\/v2\/product"}],"about":[{"href":"https:\/\/neuvee.com\/pl\/wp-json\/wp\/v2\/types\/product"}],"replies":[{"embeddable":true,"href":"https:\/\/neuvee.com\/pl\/wp-json\/wp\/v2\/comments?post=696679"}],"wp:featuredmedia":[{"embeddable":true,"href":"https:\/\/neuvee.com\/pl\/wp-json\/wp\/v2\/media\/714645"}],"wp:attachment":[{"href":"https:\/\/neuvee.com\/pl\/wp-json\/wp\/v2\/media?parent=696679"}],"wp:term":[{"taxonomy":"product_cat","embeddable":true,"href":"https:\/\/neuvee.com\/pl\/wp-json\/wp\/v2\/product_cat?post=696679"},{"taxonomy":"product_tag","embeddable":true,"href":"https:\/\/neuvee.com\/pl\/wp-json\/wp\/v2\/product_tag?post=696679"}],"curies":[{"name":"wp","href":"https:\/\/api.w.org\/{rel}","templated":true}]}}