{"id":696677,"date":"2023-10-21T21:13:13","date_gmt":"2023-10-21T21:13:13","guid":{"rendered":"https:\/\/neuvee.com\/?post_type=product&#038;p=696677"},"modified":"2025-05-19T14:26:15","modified_gmt":"2025-05-19T14:26:15","slug":"devil-may-cry-5-deluxe-vergil","status":"publish","type":"product","link":"https:\/\/neuvee.com\/pl\/product\/devil-may-cry-5-deluxe-vergil\/","title":{"rendered":"DEVIL MAY CRY 5 DELUXE + VERGIL"},"content":{"rendered":"<p>Legendarny \u0142owca demon\u00f3w powraca w wielkim stylu w pe\u0142nej akcji grze wyczekiwanej przez fan\u00f3w serii.<\/p>\n<p>Edycja deluxe obejmuje pe\u0142n\u0105 gr\u0119, zawarto\u015b\u0107 Grywalna posta\u0107: Vergil (dost\u0119pn\u0105 r\u00f3wnie\u017c osobno) oraz&nbsp;nast\u0119puj\u0105c\u0105 zawarto\u015b\u0107 dodatkow\u0105:<\/p>\n<p>&#8211; Poskramiacze demon\u00f3w: Gerbera GP01, Makaronowy niszczyciel, B\u0142oga przyjemno\u015b\u0107, Mega niszczyciel<br \/>\n&#8211; Bro\u0144 Dantego: Cavaliere R<br \/>\n&#8211; Muzyka towarzysz\u0105ca walkom: po 3 utwory z&nbsp;gier Devil May Cry, Devil May Cry 2, Devil May Cry 3 oraz&nbsp;Devil May Cry 4<br \/>\n&#8211; Alternatywne g\u0142osy: informacje o&nbsp;klasyfikacji stylu, g\u0142osy tytu\u0142owe<br \/>\n&#8211; Scenki z&nbsp;aktorami<\/p>\n<p>Uwaga: Poskramiacze demon\u00f3w i&nbsp;alternatywna muzyka\/g\u0142osy\/scenki s\u0105 dost\u0119pne od misji 2, a&nbsp;Bro\u0144 Dantego Cavaliere R \u2014 po zdobyciu Cavaliere. Zmiana muzyki\/g\u0142os\u00f3w: Galeria > Szafa graj\u0105ca. Zmiana scenek: Opcje > Dostosuj scenki. Komentarze dost\u0119pne s\u0105 tylko w j\u0119zyku japo\u0144skim.<\/p>\n<p>*Aby nie zakupi\u0107 jej ponownie, sprawd\u017a zakupy dokonane wcze\u015bniej.<\/p>\n<p><\/p>","protected":false},"excerpt":{"rendered":"<p>Legendarny \u0142owca demon\u00f3w powraca w wielkim stylu w pe\u0142nej akcji grze wyczekiwanej przez fan\u00f3w serii. Edycja deluxe obejmuje pe\u0142n\u0105 gr\u0119, zawarto\u015b\u0107 Grywalna posta\u0107: Vergil (dost\u0119pn\u0105 r\u00f3wnie\u017c osobno) oraz&nbsp;nast\u0119puj\u0105c\u0105 zawarto\u015b\u0107 dodatkow\u0105: &#8211; Poskramiacze demon\u00f3w: Gerbera GP01, Makaronowy niszczyciel, B\u0142oga przyjemno\u015b\u0107, Mega niszczyciel &#8211; Bro\u0144 Dantego: Cavaliere R &#8211; Muzyka towarzysz\u0105ca walkom: po 3 utwory z&nbsp;gier Devil [&hellip;]<\/p>\n","protected":false},"featured_media":0,"comment_status":"closed","ping_status":"closed","template":"","meta":{"ub_ctt_via":""},"product_cat":[88],"product_tag":[218],"class_list":["post-696677","product","type-product","status-publish","hentry","product_cat-action","product_tag-games","platform-steam-works"],"_links":{"self":[{"href":"https:\/\/neuvee.com\/pl\/wp-json\/wp\/v2\/product\/696677","targetHints":{"allow":["GET"]}}],"collection":[{"href":"https:\/\/neuvee.com\/pl\/wp-json\/wp\/v2\/product"}],"about":[{"href":"https:\/\/neuvee.com\/pl\/wp-json\/wp\/v2\/types\/product"}],"replies":[{"embeddable":true,"href":"https:\/\/neuvee.com\/pl\/wp-json\/wp\/v2\/comments?post=696677"}],"wp:attachment":[{"href":"https:\/\/neuvee.com\/pl\/wp-json\/wp\/v2\/media?parent=696677"}],"wp:term":[{"taxonomy":"product_cat","embeddable":true,"href":"https:\/\/neuvee.com\/pl\/wp-json\/wp\/v2\/product_cat?post=696677"},{"taxonomy":"product_tag","embeddable":true,"href":"https:\/\/neuvee.com\/pl\/wp-json\/wp\/v2\/product_tag?post=696677"}],"curies":[{"name":"wp","href":"https:\/\/api.w.org\/{rel}","templated":true}]}}