{"id":696675,"date":"2023-10-21T21:12:31","date_gmt":"2023-10-21T21:12:31","guid":{"rendered":"https:\/\/neuvee.com\/?post_type=product&#038;p=696675"},"modified":"2025-05-19T14:01:47","modified_gmt":"2025-05-19T14:01:47","slug":"devil-may-cry-hd-collection","status":"publish","type":"product","link":"https:\/\/neuvee.com\/pl\/product\/devil-may-cry-hd-collection\/","title":{"rendered":"DEVIL MAY CRY HD COLLECTION"},"content":{"rendered":"<p>Popularne stylowe gry akcji Devil May Cry, Devil May Cry 2 oraz&nbsp;Devil May Cry 3 Special Edition powracaj\u0105 zebrane w jednej kolekcji! Wciel si\u0119 w Dantego, niezwyci\u0119\u017conego \u0142owc\u0119 demon\u00f3w, po\u0142\u0105cz si\u0142y z&nbsp;ciekawymi postaciami, takimi jak Trish, Lady czy Lucia, i&nbsp;we\u017a udzia\u0142 w niezwyk\u0142ej rozgrywce po raz pierwszy dost\u0119pnej w rozdzielczo\u015bci Full HD (1920 x 1080) i&nbsp;60 klatkach na sekund\u0119.<\/p>\n<p><\/p>","protected":false},"excerpt":{"rendered":"<p>Popularne stylowe gry akcji Devil May Cry, Devil May Cry 2 oraz&nbsp;Devil May Cry 3 Special Edition powracaj\u0105 zebrane w jednej kolekcji! Wciel si\u0119 w Dantego, niezwyci\u0119\u017conego \u0142owc\u0119 demon\u00f3w, po\u0142\u0105cz si\u0142y z&nbsp;ciekawymi postaciami, takimi jak Trish, Lady czy Lucia, i&nbsp;we\u017a udzia\u0142 w niezwyk\u0142ej rozgrywce po raz pierwszy dost\u0119pnej w rozdzielczo\u015bci Full HD (1920 x 1080) [&hellip;]<\/p>\n","protected":false},"featured_media":698454,"comment_status":"closed","ping_status":"closed","template":"","meta":{"ub_ctt_via":""},"product_cat":[88],"product_tag":[218],"class_list":["post-696675","product","type-product","status-publish","has-post-thumbnail","hentry","product_cat-action","product_tag-games","platform-steam-works"],"_links":{"self":[{"href":"https:\/\/neuvee.com\/pl\/wp-json\/wp\/v2\/product\/696675","targetHints":{"allow":["GET"]}}],"collection":[{"href":"https:\/\/neuvee.com\/pl\/wp-json\/wp\/v2\/product"}],"about":[{"href":"https:\/\/neuvee.com\/pl\/wp-json\/wp\/v2\/types\/product"}],"replies":[{"embeddable":true,"href":"https:\/\/neuvee.com\/pl\/wp-json\/wp\/v2\/comments?post=696675"}],"wp:featuredmedia":[{"embeddable":true,"href":"https:\/\/neuvee.com\/pl\/wp-json\/wp\/v2\/media\/698454"}],"wp:attachment":[{"href":"https:\/\/neuvee.com\/pl\/wp-json\/wp\/v2\/media?parent=696675"}],"wp:term":[{"taxonomy":"product_cat","embeddable":true,"href":"https:\/\/neuvee.com\/pl\/wp-json\/wp\/v2\/product_cat?post=696675"},{"taxonomy":"product_tag","embeddable":true,"href":"https:\/\/neuvee.com\/pl\/wp-json\/wp\/v2\/product_tag?post=696675"}],"curies":[{"name":"wp","href":"https:\/\/api.w.org\/{rel}","templated":true}]}}