{"id":696606,"date":"2023-10-21T21:05:37","date_gmt":"2023-10-21T21:05:37","guid":{"rendered":"https:\/\/neuvee.com\/?post_type=product&#038;p=696606"},"modified":"2025-05-19T13:23:21","modified_gmt":"2025-05-19T13:23:21","slug":"exoprimal","status":"publish","type":"product","link":"https:\/\/neuvee.com\/pl\/product\/exoprimal\/","title":{"rendered":"EXOPRIMAL"},"content":{"rendered":"<p>Oferta przedsprzeda\u017cy<br \/>\nZawiera nast\u0119puj\u0105c\u0105 zawarto\u015b\u0107:<br \/>\n\u2013 Sk\u00f3rka Paszcza rekina (szara) dla egzopancerza Deadeye<br \/>\n\u2013 Sk\u00f3rka Kamienny golem dla egzopancerza Roadblock<br \/>\n\u2013 Sk\u00f3rka Krzewiasty kamufla\u017c dla egzopancerza Witchdoctor<\/p>\n<p>Uwaga: sk\u00f3rki to przedmioty kosmetyczne, kt\u00f3re zmieniaj\u0105 wygl\u0105d egzopancerza i&nbsp;nie maj\u0105 innych w\u0142a\u015bciwo\u015bci. Ta zawarto\u015b\u0107 stanowi bonus za zakup w przedsprzeda\u017cy edycji standardowej lub&nbsp;Deluxe gry Exoprimal i&nbsp;w przysz\u0142o\u015bci mo\u017ce trafi\u0107 do sprzeda\u017cy. Odwied\u017a oficjaln\u0105 stron\u0119 internetow\u0105, aby uzyska\u0107 wi\u0119cej szczeg\u00f3\u0142\u00f3w.<\/p>\n<p>Exoprimal to sieciowa, dru\u017cynowa gra akcji, w kt\u00f3rej wyposa\u017ceni w nowoczesne egzopancerze ludzie musz\u0105 stawi\u0107 czo\u0142a najbardziej przera\u017caj\u0105cym bestiom w dziejach \u2013 dinozaurom.<br \/>\nEgzopancerze spe\u0142niaj\u0105 r\u00f3\u017cne role, a&nbsp;zadaniem graczy jest wykorzystanie ich mocy do zwalczania ogromnych hord dinozaur\u00f3w. Do dyspozycji \u015bmia\u0142k\u00f3w s\u0105 r\u00f3\u017cne dru\u017cynowe tryby gry sieciowej. W g\u0142\u00f3wnym trybie Dino Survival dwie pi\u0119cioosobowe dru\u017cyny konkuruj\u0105 ze sob\u0105 w r\u00f3\u017cnych misjach PvE i&nbsp;PvP. Gracze s\u0105 przenoszeni na miejsce ostatniej inwazji dinozaur\u00f3w i&nbsp;realizuj\u0105 cele, pod\u0105\u017caj\u0105c za wskaz\u00f3wkami Leviathana. Zwyci\u0119\u017ca zesp\u00f3\u0142, kt\u00f3ry jako pierwszy wype\u0142ni swoj\u0105 misj\u0119.<br \/>\nNiezale\u017cnie od tego, czy gracze tocz\u0105 z&nbsp;przeciwn\u0105 dru\u017cyn\u0105 bezpo\u015bredni\u0105 walk\u0119, czy wsp\u00f3\u0142pracuj\u0105 z&nbsp;rywalami, aby pokona\u0107 wsp\u00f3lnego wroga, ich celem jest jak najszybsze zrealizowanie cel\u00f3w. Misje r\u00f3\u017cni\u0105 si\u0119 w zale\u017cno\u015bci od umiej\u0119tno\u015bci gracza i&nbsp;innych czynnik\u00f3w, dlatego&nbsp;ka\u017cde starcie jest niepowtarzalne.<\/p>\n<p>Online Play<br \/>\n* A Capcom ID and internet connection is required to play this game.<br \/>\n* For information on the services related to Capcom ID and how to use it, please visit the official Capcom ID website cid.capcom.com. Please note that there may be cases wherein use of Capcom ID is age-restricted.<br \/>\n* Capcom may temporarily suspend online services in the event of unforeseen circumstances.<\/p>\n<p><\/p>","protected":false},"excerpt":{"rendered":"<p>Oferta przedsprzeda\u017cy Zawiera nast\u0119puj\u0105c\u0105 zawarto\u015b\u0107: \u2013 Sk\u00f3rka Paszcza rekina (szara) dla egzopancerza Deadeye \u2013 Sk\u00f3rka Kamienny golem dla egzopancerza Roadblock \u2013 Sk\u00f3rka Krzewiasty kamufla\u017c dla egzopancerza Witchdoctor Uwaga: sk\u00f3rki to przedmioty kosmetyczne, kt\u00f3re zmieniaj\u0105 wygl\u0105d egzopancerza i&nbsp;nie maj\u0105 innych w\u0142a\u015bciwo\u015bci. Ta zawarto\u015b\u0107 stanowi bonus za zakup w przedsprzeda\u017cy edycji standardowej lub&nbsp;Deluxe gry Exoprimal i&nbsp;w przysz\u0142o\u015bci [&hellip;]<\/p>\n","protected":false},"featured_media":0,"comment_status":"closed","ping_status":"closed","template":"","meta":{"ub_ctt_via":""},"product_cat":[88],"product_tag":[218],"class_list":["post-696606","product","type-product","status-publish","hentry","product_cat-action","product_tag-games","platform-steam-works"],"_links":{"self":[{"href":"https:\/\/neuvee.com\/pl\/wp-json\/wp\/v2\/product\/696606","targetHints":{"allow":["GET"]}}],"collection":[{"href":"https:\/\/neuvee.com\/pl\/wp-json\/wp\/v2\/product"}],"about":[{"href":"https:\/\/neuvee.com\/pl\/wp-json\/wp\/v2\/types\/product"}],"replies":[{"embeddable":true,"href":"https:\/\/neuvee.com\/pl\/wp-json\/wp\/v2\/comments?post=696606"}],"wp:attachment":[{"href":"https:\/\/neuvee.com\/pl\/wp-json\/wp\/v2\/media?parent=696606"}],"wp:term":[{"taxonomy":"product_cat","embeddable":true,"href":"https:\/\/neuvee.com\/pl\/wp-json\/wp\/v2\/product_cat?post=696606"},{"taxonomy":"product_tag","embeddable":true,"href":"https:\/\/neuvee.com\/pl\/wp-json\/wp\/v2\/product_tag?post=696606"}],"curies":[{"name":"wp","href":"https:\/\/api.w.org\/{rel}","templated":true}]}}