{"id":696602,"date":"2023-10-21T21:05:01","date_gmt":"2023-10-21T21:05:01","guid":{"rendered":"https:\/\/neuvee.com\/?post_type=product&#038;p=696602"},"modified":"2025-05-19T14:15:47","modified_gmt":"2025-05-19T14:15:47","slug":"ghost-trick-phantom-detective","status":"publish","type":"product","link":"https:\/\/neuvee.com\/pl\/product\/ghost-trick-phantom-detective\/","title":{"rendered":"GHOST TRICK: PHANTOM DETECTIVE"},"content":{"rendered":"<p>Oferta przedsprzeda\u017cy<br \/>\nPoni\u017csza zawarto\u015b\u0107 jest dost\u0119pna w formie bonus\u00f3w przedsprzeda\u017cowych.<\/p>\n<p>4 t\u0142a ekranu:<\/p>\n<p>\u2013 Missile<\/p>\n<p>\u2013 Kamila i&nbsp;Missile<\/p>\n<p>\u2013 Sissel i&nbsp;Lynne<\/p>\n<p>\u2013 Ray i&nbsp;Black Cat<\/p>\n<p>Utwory muzyczne do pos\u0142uchania w menu \u201eMusic\u201d (\u201eMuzyka\u201d):<\/p>\n<p>\u2013 Missile, Brave Little Creature<\/p>\n<p>\u2013 Chicken Paradise <\/p>\n<p>Uwaga: Utwory muzyczne obejmuj\u0105 wersje oryginalne oraz&nbsp;nowe aran\u017cacje. Ta zawarto\u015b\u0107 mo\u017ce zosta\u0107 udost\u0119pniona w p\u00f3\u017aniejszym terminie.<\/p>\n<p>Informacje o\u00a0grze<br \/>\nRozwi\u0105\u017c tajemnic\u0119 w\u0142asnego morderstwa w tej nietuzinkowej i&nbsp;pe\u0142nej zagadek klasycznej grze \u2013 teraz dost\u0119pnej w wersji HD!<br \/>\nBANG! Po spowitym mrokiem mie\u015bcie niesie si\u0119 d\u017awi\u0119k wystrza\u0142u. Jednak koniec jednego \u017cycia jest pocz\u0105tkiem innej opowie\u015bci\u2026 Sissel budzi si\u0119 w postaci ducha i&nbsp;u\u015bwiadamia sobie, \u017ce straci\u0142 nie tylko \u017cycie, ale i&nbsp;pami\u0119\u0107. \u201eKim ja jestem? Kto mnie zabi\u0142 i&nbsp;dlaczego?\u201d. Do wschodu s\u0142o\u0144ca, kt\u00f3ry wi\u0105\u017ce si\u0119 z&nbsp;nadej\u015bciem wiecznego zapomnienia, zosta\u0142o tylko kilka godzin \u2013 Sissel musi wi\u0119c&nbsp;szybko rozwik\u0142a\u0107 zagadk\u0119 w\u0142asnego morderstwa. Zaczyna od detektywa, kt\u00f3ry m\u00f3g\u0142 by\u0107 \u015bwiadkiem tej zbrodni\u2026 U\u017cywaj\u0105c mocy umar\u0142ych, mo\u017cesz op\u0119tywa\u0107 obiekty i&nbsp;manipulowa\u0107 nimi, a&nbsp;nawet cofa\u0107 czas, aby rozwi\u0105za\u0107 trudne \u0142amig\u0142\u00f3wki w ramach historii pe\u0142nej specyficznego humoru i&nbsp;urzekaj\u0105cych postaci.<br \/>\nD\u0142ugo wyczekiwany remaster HD klasycznej gry logicznej Ghost Trick: Phantom Detective, kt\u00f3rej re\u017cyserem jest Shu Takumi, tw\u00f3rca serii Ace Attorney, charakteryzuje si\u0119 ulepszon\u0105 opraw\u0105 wizualn\u0105 i&nbsp;d\u017awi\u0119kow\u0105. Delektuj si\u0119 nowymi aran\u017cacjami muzycznymi autorstwa uznanego kompozytora \u015bcie\u017cki d\u017awi\u0119kowej gry Great Ace Attorney, Yasumasy Kitagawy \u2013 s\u0105 one w pe\u0142ni zsynchronizowane z&nbsp;oryginaln\u0105 muzyk\u0105, dzi\u0119ki czemu podczas rozgrywki mo\u017cesz w dowolnej chwili prze\u0142\u0105cza\u0107 si\u0119 mi\u0119dzy r\u00f3\u017cnymi wersjami utwor\u00f3w. Dost\u0119pna jest te\u017c nowa galeria grafik i&nbsp;muzyki. To nie \u017cadna sztuczka \u2013 to najlepsza wersja klasycznej gry przygodowej pe\u0142nej tajemnic i&nbsp;zagadek do rozwi\u0105zania!<\/p>\n<p><\/p>","protected":false},"excerpt":{"rendered":"<p>Oferta przedsprzeda\u017cy Poni\u017csza zawarto\u015b\u0107 jest dost\u0119pna w formie bonus\u00f3w przedsprzeda\u017cowych. 4 t\u0142a ekranu: \u2013 Missile \u2013 Kamila i&nbsp;Missile \u2013 Sissel i&nbsp;Lynne \u2013 Ray i&nbsp;Black Cat Utwory muzyczne do pos\u0142uchania w menu \u201eMusic\u201d (\u201eMuzyka\u201d): \u2013 Missile, Brave Little Creature \u2013 Chicken Paradise Uwaga: Utwory muzyczne obejmuj\u0105 wersje oryginalne oraz&nbsp;nowe aran\u017cacje. Ta zawarto\u015b\u0107 mo\u017ce zosta\u0107 udost\u0119pniona w [&hellip;]<\/p>\n","protected":false},"featured_media":696963,"comment_status":"closed","ping_status":"closed","template":"","meta":{"ub_ctt_via":""},"product_cat":[262,88,127],"product_tag":[218],"class_list":["post-696602","product","type-product","status-publish","has-post-thumbnail","hentry","product_cat-steam-deck-compatibility-verified","product_cat-action","product_cat-adventure","product_tag-games","platform-steam-works"],"_links":{"self":[{"href":"https:\/\/neuvee.com\/pl\/wp-json\/wp\/v2\/product\/696602","targetHints":{"allow":["GET"]}}],"collection":[{"href":"https:\/\/neuvee.com\/pl\/wp-json\/wp\/v2\/product"}],"about":[{"href":"https:\/\/neuvee.com\/pl\/wp-json\/wp\/v2\/types\/product"}],"replies":[{"embeddable":true,"href":"https:\/\/neuvee.com\/pl\/wp-json\/wp\/v2\/comments?post=696602"}],"wp:featuredmedia":[{"embeddable":true,"href":"https:\/\/neuvee.com\/pl\/wp-json\/wp\/v2\/media\/696963"}],"wp:attachment":[{"href":"https:\/\/neuvee.com\/pl\/wp-json\/wp\/v2\/media?parent=696602"}],"wp:term":[{"taxonomy":"product_cat","embeddable":true,"href":"https:\/\/neuvee.com\/pl\/wp-json\/wp\/v2\/product_cat?post=696602"},{"taxonomy":"product_tag","embeddable":true,"href":"https:\/\/neuvee.com\/pl\/wp-json\/wp\/v2\/product_tag?post=696602"}],"curies":[{"name":"wp","href":"https:\/\/api.w.org\/{rel}","templated":true}]}}