{"id":696601,"date":"2023-10-21T21:04:23","date_gmt":"2023-10-21T21:04:23","guid":{"rendered":"https:\/\/neuvee.com\/?post_type=product&#038;p=696601"},"modified":"2025-05-19T14:35:36","modified_gmt":"2025-05-19T14:35:36","slug":"ghosts-n-goblins-resurrection","status":"publish","type":"product","link":"https:\/\/neuvee.com\/pl\/product\/ghosts-n-goblins-resurrection\/","title":{"rendered":"GHOSTS 'N GOBLINS RESURRECTION"},"content":{"rendered":"<p>Obserwuj, jak ods\u0142ania si\u0119 przed Tob\u0105 nostalgiczny, cho\u0107 wymy\u015blony ca\u0142kiem na nowo \u015bwiat z&nbsp;opowie\u015bci. <\/p>\n<p>Resurrection czerpie inspiracje z&nbsp;gier Ghosts 'n Goblins i&nbsp;Ghouls 'n Ghosts, ale to zupe\u0142nie nowy tytu\u0142, wart swojej nazwy. <\/p>\n<p>Nie daj si\u0119 zwie\u015b\u0107 \u2014 ten malowniczy \u015bwiat, cho\u0107 przepi\u0119kny, powsta\u0142 z&nbsp;mi\u0142o\u015bci do oryginalnych tytu\u0142\u00f3w i&nbsp;czeka Ci\u0119 w nim ta sama karko\u0142omna rozgrywka, kt\u00f3rej oczekuj\u0105 fani serii. Sprawd\u017a sw\u00f3j charakter, podejmuj\u0105c wyzwanie! <\/p>\n<p>Fabu\u0142a <\/p>\n<p>Dawno, dawno temu&#8230; <\/p>\n<p>W dalekich krajach toczy si\u0119 opowie\u015b\u0107, a&nbsp;pi\u0119kno jej nie ma sobie r\u00f3wnych.<br \/>\nJest tam rycerz o&nbsp;imieniu Arthur i&nbsp;ksi\u0119\u017cniczka, oboje sk\u0105pani w promieniach s\u0142o\u0144ca.<br \/>\nLecz nagle co\u015b si\u0119 dzieje, a&nbsp;miasto staje w p\u0142omieniach.<br \/>\nPojawia si\u0119 ciemny ob\u0142ok, ogarniaj\u0105c ca\u0142y pa\u0142ac. <\/p>\n<p>Nast\u0119pnie cie\u0144 si\u0119ga po boskie Drzewo Umbry.<br \/>\nKolory blakn\u0105, a&nbsp;si\u0142\u0119 drzewa po\u017cera z\u0142a moc.<br \/>\nI w tym chaosie przybywa Pan Demon\u00f3w.<br \/>\nGdy Arthur odwraca wzrok, porywa on ksi\u0119\u017cniczk\u0119 zgodnie ze swym niecnym planem. <\/p>\n<p>Arthur przywdziewa w po\u015bpiechu zbroj\u0119, by ruszy\u0107 na ratunek swej pani.<br \/>\nZst\u0119puje w \u015bwiat demon\u00f3w \u2014 niech lepiej maj\u0105 si\u0119 na baczno\u015bci. <\/p>\n<p>Rozgrywka <\/p>\n<p>Tak jak w poprzednich grach, w Ghosts 'n Goblins Resurrection mamy proste sterowanie, kt\u00f3re spodoba si\u0119 ka\u017cdemu. Wykorzystaj je podczas walki na dziwacznych, upiornych poziomach pe\u0142nych niezwyk\u0142ych przeciwnik\u00f3w. Zanurz si\u0119 w czarodziejski \u015bwiat o\u017cywiony dzi\u0119ki nowoczesnej technologii i&nbsp;filozofii projektowania gier! <\/p>\n<p>Mamy \u015bwiadomo\u015b\u0107, \u017ce Ghosts 'n Goblins to trudna gra. Stanowi\u0142o to cech\u0119 charakterystyczn\u0105 serii, kt\u00f3r\u0105 kontynuujemy w Resurrection. B\u0119dziesz gin\u0105\u0107, ale wstaniesz, otrzepiesz si\u0119 i&nbsp;b\u0119dzie Ci sz\u0142o lepiej przy ka\u017cdej kolejnej pr\u00f3bie, bo&nbsp;b\u0119dziesz wiedzie\u0107 wi\u0119cej o&nbsp;przeciwnikach i&nbsp;dopracujesz taktyk\u0119. B\u0119dzie ci\u0119\u017cko, ale gdy w ko\u0144cu zwyci\u0119\u017cysz, satysfakcja b\u0119dzie ogromna. To w\u0142a\u015bnie istota Ghosts 'n Goblins. <\/p>\n<p>W Resurrection Arthur mo\u017ce zdoby\u0107 8 rodzaj\u00f3w broni, z&nbsp;kt\u00f3rych ka\u017cd\u0105 walczy si\u0119 inaczej. Powalaj wrog\u00f3w za pomoc\u0105 dobrze znanej i&nbsp;lubianej lancy i&nbsp;sztyletu, strzelaj falami energii z&nbsp;m\u0142ota, wyrzucaj\u0105c wrog\u00f3w w powietrze i&nbsp;posy\u0142aj w ruch kolczast\u0105 kul\u0119, kt\u00f3ra ich poprzewraca! Ta i&nbsp;nie tylko ta bro\u0144 pomo\u017ce Ci przej\u015b\u0107 przez \u015bwiat demon\u00f3w! <\/p>\n<p>Poza poka\u017anym arsena\u0142em Arthur mo\u017ce te\u017c nauczy\u0107 si\u0119 wielu czar\u00f3w i&nbsp;zdolno\u015bci. Burza wypu\u015bci w czterech kierunkach r\u00f3j b\u0142yskawic, a&nbsp;umiej\u0119tno\u015b\u0107 wyposa\u017cania si\u0119 zwi\u0119kszy miejsce w ekwipunku Arthura, dzi\u0119ki czemu b\u0119dzie m\u00f3g\u0142 nie\u015b\u0107 wi\u0119cej broni. Maj\u0105c do dyspozycji znacznie wi\u0119cej element\u00f3w, pami\u0119taj, \u017ceby uwzgl\u0119dni\u0107 w swojej strategii magi\u0119 i&nbsp;zdolno\u015bci! <\/p>\n<p>Wykorzystaj w pe\u0142ni uzbrojenie Arthura, jego czary i&nbsp;umiej\u0119tno\u015bci podczas walki w \u015bwiecie demon\u00f3w, aby sprowadzi\u0107 ksi\u0119\u017cniczk\u0119 bezpiecznie do domu. Wykorzystaj ca\u0142\u0105 swoj\u0105 moc, b\u0119dzie Ci potrzebna! <\/p>\n<p>Opr\u00f3cz trybu dla jednego gracza, w kt\u00f3rym samotnie chowasz si\u0119 i&nbsp;walczysz z&nbsp;przeciwno\u015bciami, Arthurowi mog\u0105 pomaga\u0107 w poszukiwaniach postacie wspieraj\u0105ce, Trzej M\u0105drzy Go\u015bcie. Ten rodzaj rozgrywki zapewnia pe\u0142n\u0105 napi\u0119cia gr\u0119 we wsp\u00f3\u0142pracy dla dw\u00f3ch graczy \u2014 po raz pierwszy w tej serii. <\/p>\n<p>Pod\u0142\u0105cz dwa kontrolery i&nbsp;graj rami\u0119 w rami\u0119 ze znajomym.<br \/>\nUwaga: Tylko lokalna wsp\u00f3\u0142praca. Gra w sieci nie jest obs\u0142ugiwana. <\/p>\n<p>Graj w trybie jednoosobowym, a\u017c spoc\u0105 Ci si\u0119 d\u0142onie, a&nbsp;knykcie zbielej\u0105, lub&nbsp;baw si\u0119 z&nbsp;przyjaci\u00f3\u0142mi w trybie kooperacji przypominaj\u0105cym gr\u0119 imprezow\u0105!<\/p>\n<p><\/p>","protected":false},"excerpt":{"rendered":"<p>Obserwuj, jak ods\u0142ania si\u0119 przed Tob\u0105 nostalgiczny, cho\u0107 wymy\u015blony ca\u0142kiem na nowo \u015bwiat z&nbsp;opowie\u015bci. Resurrection czerpie inspiracje z&nbsp;gier Ghosts 'n Goblins i&nbsp;Ghouls 'n Ghosts, ale to zupe\u0142nie nowy tytu\u0142, wart swojej nazwy. Nie daj si\u0119 zwie\u015b\u0107 \u2014 ten malowniczy \u015bwiat, cho\u0107 przepi\u0119kny, powsta\u0142 z&nbsp;mi\u0142o\u015bci do oryginalnych tytu\u0142\u00f3w i&nbsp;czeka Ci\u0119 w nim ta sama karko\u0142omna rozgrywka, [&hellip;]<\/p>\n","protected":false},"featured_media":699390,"comment_status":"closed","ping_status":"closed","template":"","meta":{"ub_ctt_via":""},"product_cat":[262,88],"product_tag":[218],"class_list":["post-696601","product","type-product","status-publish","has-post-thumbnail","hentry","product_cat-steam-deck-compatibility-verified","product_cat-action","product_tag-games","platform-steam-works"],"_links":{"self":[{"href":"https:\/\/neuvee.com\/pl\/wp-json\/wp\/v2\/product\/696601","targetHints":{"allow":["GET"]}}],"collection":[{"href":"https:\/\/neuvee.com\/pl\/wp-json\/wp\/v2\/product"}],"about":[{"href":"https:\/\/neuvee.com\/pl\/wp-json\/wp\/v2\/types\/product"}],"replies":[{"embeddable":true,"href":"https:\/\/neuvee.com\/pl\/wp-json\/wp\/v2\/comments?post=696601"}],"wp:featuredmedia":[{"embeddable":true,"href":"https:\/\/neuvee.com\/pl\/wp-json\/wp\/v2\/media\/699390"}],"wp:attachment":[{"href":"https:\/\/neuvee.com\/pl\/wp-json\/wp\/v2\/media?parent=696601"}],"wp:term":[{"taxonomy":"product_cat","embeddable":true,"href":"https:\/\/neuvee.com\/pl\/wp-json\/wp\/v2\/product_cat?post=696601"},{"taxonomy":"product_tag","embeddable":true,"href":"https:\/\/neuvee.com\/pl\/wp-json\/wp\/v2\/product_tag?post=696601"}],"curies":[{"name":"wp","href":"https:\/\/api.w.org\/{rel}","templated":true}]}}