{"id":696593,"date":"2023-10-21T21:02:01","date_gmt":"2023-10-21T21:02:01","guid":{"rendered":"https:\/\/neuvee.com\/?post_type=product&#038;p=696593"},"modified":"2025-05-19T13:48:57","modified_gmt":"2025-05-19T13:48:57","slug":"marvel-vs-capcom-infinite-digital-deluxe","status":"publish","type":"product","link":"https:\/\/neuvee.com\/pl\/product\/marvel-vs-capcom-infinite-digital-deluxe\/","title":{"rendered":"MARVEL VS. CAPCOM\u00ae: INFINITE &#8211; DIGITAL DELUXE"},"content":{"rendered":"<p>Zestaw 6 produkt\u00f3w:<br \/>\n&#8211; Marvel vs. Capcom: Infinite<br \/>\n&#8211; Marvel vs. Capcom: Infinite Character Pass<\/p>\n<p>Epickie starcie dw\u00f3ch legendarnych uniwers\u00f3w powraca w Marvel vs. Capcom: Infinite, kolejnej ods\u0142onie kultowej serii gier akcji w walk\u0105 w roli g\u0142\u00f3wnej. W wyniku niezwyk\u0142ego zderzenia uniwers\u00f3w Marvel i&nbsp;Capcom bohaterowie \u0142\u0105cz\u0105 swoje si\u0142y w pe\u0142nej akcji rozgrywce w trybie \u201egracz kontra gracz\u201d. Ultron Sigma zamierza systematycznie unicestwi\u0107 wszystkie przejawy biologicznego \u017cycia. Bohaterowie musz\u0105 otrz\u0105sn\u0105\u0107 si\u0119 po pierwszym szoku, stworzy\u0107 nowe sojusze i&nbsp;wsp\u00f3lnie stawi\u0107 czo\u0142a wielkiemu zagro\u017ceniu. Ich jedyn\u0105 nadziej\u0105 s\u0105 wszechpot\u0119\u017cne Kamienie Niesko\u0144czono\u015bci.<\/p>\n<p><\/p>","protected":false},"excerpt":{"rendered":"<p>Zestaw 6 produkt\u00f3w: &#8211; Marvel vs. Capcom: Infinite &#8211; Marvel vs. Capcom: Infinite Character Pass Epickie starcie dw\u00f3ch legendarnych uniwers\u00f3w powraca w Marvel vs. Capcom: Infinite, kolejnej ods\u0142onie kultowej serii gier akcji w walk\u0105 w roli g\u0142\u00f3wnej. W wyniku niezwyk\u0142ego zderzenia uniwers\u00f3w Marvel i&nbsp;Capcom bohaterowie \u0142\u0105cz\u0105 swoje si\u0142y w pe\u0142nej akcji rozgrywce w trybie \u201egracz [&hellip;]<\/p>\n","protected":false},"featured_media":0,"comment_status":"closed","ping_status":"closed","template":"","meta":{"ub_ctt_via":""},"product_cat":[88],"product_tag":[218],"class_list":["post-696593","product","type-product","status-publish","hentry","product_cat-action","product_tag-games","platform-steam-works"],"_links":{"self":[{"href":"https:\/\/neuvee.com\/pl\/wp-json\/wp\/v2\/product\/696593","targetHints":{"allow":["GET"]}}],"collection":[{"href":"https:\/\/neuvee.com\/pl\/wp-json\/wp\/v2\/product"}],"about":[{"href":"https:\/\/neuvee.com\/pl\/wp-json\/wp\/v2\/types\/product"}],"replies":[{"embeddable":true,"href":"https:\/\/neuvee.com\/pl\/wp-json\/wp\/v2\/comments?post=696593"}],"wp:attachment":[{"href":"https:\/\/neuvee.com\/pl\/wp-json\/wp\/v2\/media?parent=696593"}],"wp:term":[{"taxonomy":"product_cat","embeddable":true,"href":"https:\/\/neuvee.com\/pl\/wp-json\/wp\/v2\/product_cat?post=696593"},{"taxonomy":"product_tag","embeddable":true,"href":"https:\/\/neuvee.com\/pl\/wp-json\/wp\/v2\/product_tag?post=696593"}],"curies":[{"name":"wp","href":"https:\/\/api.w.org\/{rel}","templated":true}]}}