{"id":696591,"date":"2023-10-21T21:01:16","date_gmt":"2023-10-21T21:01:16","guid":{"rendered":"https:\/\/neuvee.com\/?post_type=product&#038;p=696591"},"modified":"2025-05-19T14:14:06","modified_gmt":"2025-05-19T14:14:06","slug":"mega-man-11","status":"publish","type":"product","link":"https:\/\/neuvee.com\/pl\/product\/mega-man-11\/","title":{"rendered":"MEGA MAN 11"},"content":{"rendered":"<p>Mega Man wraca do akcji! Najnowsza cz\u0119\u015b\u0107 \u015bwiatowego bestsellera to po\u0142\u0105czenie klasycznej, pe\u0142nej wyzwa\u0144 i&nbsp;akcji platform\u00f3wki 2D z&nbsp;opraw\u0105 graficzn\u0105 w zupe\u0142nie nowym stylu. Z nowym, podw\u00f3jnym systemem ekwipunku Mega Man jest jeszcze szybszy i&nbsp;na\u0142adowany energi\u0105, co dodatkowo urozmaica wci\u0105gaj\u0105c\u0105 rozgrywk\u0119, z&nbsp;kt\u00f3rej s\u0142ynie ta seria. Dzi\u0119ki r\u00f3\u017cnym trybom trudno\u015bci gra wci\u0105gnie r\u00f3wnie\u017c graczy, kt\u00f3rzy nie znaj\u0105 jeszcze Mega Mana!<br \/>\n<\/p>","protected":false},"excerpt":{"rendered":"<p>Mega Man wraca do akcji! Najnowsza cz\u0119\u015b\u0107 \u015bwiatowego bestsellera to po\u0142\u0105czenie klasycznej, pe\u0142nej wyzwa\u0144 i&nbsp;akcji platform\u00f3wki 2D z&nbsp;opraw\u0105 graficzn\u0105 w zupe\u0142nie nowym stylu. Z nowym, podw\u00f3jnym systemem ekwipunku Mega Man jest jeszcze szybszy i&nbsp;na\u0142adowany energi\u0105, co dodatkowo urozmaica wci\u0105gaj\u0105c\u0105 rozgrywk\u0119, z&nbsp;kt\u00f3rej s\u0142ynie ta seria. Dzi\u0119ki r\u00f3\u017cnym trybom trudno\u015bci gra wci\u0105gnie r\u00f3wnie\u017c graczy, kt\u00f3rzy nie znaj\u0105 [&hellip;]<\/p>\n","protected":false},"featured_media":0,"comment_status":"closed","ping_status":"closed","template":"","meta":{"ub_ctt_via":""},"product_cat":[88],"product_tag":[218],"class_list":["post-696591","product","type-product","status-publish","hentry","product_cat-action","product_tag-games","platform-steam-works"],"_links":{"self":[{"href":"https:\/\/neuvee.com\/pl\/wp-json\/wp\/v2\/product\/696591","targetHints":{"allow":["GET"]}}],"collection":[{"href":"https:\/\/neuvee.com\/pl\/wp-json\/wp\/v2\/product"}],"about":[{"href":"https:\/\/neuvee.com\/pl\/wp-json\/wp\/v2\/types\/product"}],"replies":[{"embeddable":true,"href":"https:\/\/neuvee.com\/pl\/wp-json\/wp\/v2\/comments?post=696591"}],"wp:attachment":[{"href":"https:\/\/neuvee.com\/pl\/wp-json\/wp\/v2\/media?parent=696591"}],"wp:term":[{"taxonomy":"product_cat","embeddable":true,"href":"https:\/\/neuvee.com\/pl\/wp-json\/wp\/v2\/product_cat?post=696591"},{"taxonomy":"product_tag","embeddable":true,"href":"https:\/\/neuvee.com\/pl\/wp-json\/wp\/v2\/product_tag?post=696591"}],"curies":[{"name":"wp","href":"https:\/\/api.w.org\/{rel}","templated":true}]}}