{"id":696589,"date":"2023-10-21T21:00:24","date_gmt":"2023-10-21T21:00:24","guid":{"rendered":"https:\/\/neuvee.com\/?post_type=product&#038;p=696589"},"modified":"2025-05-19T13:53:45","modified_gmt":"2025-05-19T13:53:45","slug":"mega-man-battle-network-legacy-collection","status":"publish","type":"product","link":"https:\/\/neuvee.com\/pl\/product\/mega-man-battle-network-legacy-collection\/","title":{"rendered":"MEGA MAN BATTLE NETWORK LEGACY COLLECTION"},"content":{"rendered":"<p>Uwaga: Ten produkt jest pakietem zawieraj\u0105cym cz\u0119\u015bci 1 i&nbsp;2 kolekcji Mega Man Battle Network Legacy Collection.<\/p>\n<p>Battle Network powraca! Pod\u0142\u0105cz si\u0119 do sieci i&nbsp;staw czo\u0142a niszczycielskim wrogim programom w elektryzuj\u0105cych walkach na siatce, a&nbsp;nast\u0119pnie przeszukaj sie\u0107 pod k\u0105tem rzadkich, pot\u0119\u017cnych Czip\u00f3w Bitewnych, dzi\u0119ki kt\u00f3rym zbudujesz najlepsz\u0105 tali\u0119 ruch\u00f3w specjalnych!<\/p>\n<p>S\u0142ynna seria Mega Man Battle Network, kt\u00f3ra zosta\u0142a rozbudowana o&nbsp;tre\u015bci anime i&nbsp;komiksy, powraca pod postaci\u0105 Mega Man Battle Network Legacy Collection. Ten pakiet zawiera dziesi\u0119\u0107 dynamicznych gier i&nbsp;dodatkowe funkcje, takie jak galeria ilustracji i&nbsp;muzyki. Dost\u0119pna jest tak\u017ce rozgrywka online.<\/p>\n<p>W latach 2000 szybki rozw\u00f3j technologii internetowych doprowadzi\u0142 do \u201eepoki sieciowej\u201d. Ludzie korzystali z&nbsp;dobrodziejstw technologii sieciowych za pomoc\u0105 por\u0119cznych urz\u0105dze\u0144 do przegl\u0105dania zwanych PET oraz&nbsp;program\u00f3w do symulowania osobowo\u015bci nosz\u0105cych nazw\u0119 NetNavi. Wraz z&nbsp;rozwojem sieciowego \u015bwiata i&nbsp;popraw\u0105 komfortu \u017cycia dochodzi do intensyfikacji przest\u0119pczo\u015bci sieciowej. Lan Hikari ze swoim NetNavi \u2013 MegaManem.EXE \u2013 wsp\u00f3lnie pr\u00f3buj\u0105 stawi\u0107 czo\u0142a tym zdarzeniom. <\/p>\n<p>Pakiet Mega Man Battle Network Legacy Collection zawiera:<br \/>\nMega Man Battle Network<br \/>\nMega Man Battle Network 2<br \/>\nMega Man Battle Network 3 Blue<br \/>\nMega Man Battle Network 3 White<br \/>\nMega Man Battle Network 4 Red Sun<br \/>\nMega Man Battle Network 4 Blue Moon<br \/>\nMega Man Battle Network 5 Team Protoman<br \/>\nMega Man Battle Network 5 Team Colonel<br \/>\nMega Man Battle Network 6 Cybeast Gregar<br \/>\nMega Man Battle Network 6 Cybeast Falzar<\/p>\n<p>Gry z&nbsp;tej kolekcji s\u0105 dost\u0119pne wy\u0142\u0105cznie w j\u0119zyku angielskim, japo\u0144skim i&nbsp;chi\u0144skim (uproszczonym\/tradycyjnym).<\/p>\n<p>Uwaga: funkcje zabawki Link z&nbsp;wersji oryginalnych nie s\u0105 dost\u0119pne.<\/p>\n<p><\/p>","protected":false},"excerpt":{"rendered":"<p>Uwaga: Ten produkt jest pakietem zawieraj\u0105cym cz\u0119\u015bci 1 i&nbsp;2 kolekcji Mega Man Battle Network Legacy Collection. Battle Network powraca! Pod\u0142\u0105cz si\u0119 do sieci i&nbsp;staw czo\u0142a niszczycielskim wrogim programom w elektryzuj\u0105cych walkach na siatce, a&nbsp;nast\u0119pnie przeszukaj sie\u0107 pod k\u0105tem rzadkich, pot\u0119\u017cnych Czip\u00f3w Bitewnych, dzi\u0119ki kt\u00f3rym zbudujesz najlepsz\u0105 tali\u0119 ruch\u00f3w specjalnych! S\u0142ynna seria Mega Man Battle Network, [&hellip;]<\/p>\n","protected":false},"featured_media":697406,"comment_status":"closed","ping_status":"closed","template":"","meta":{"ub_ctt_via":""},"product_cat":[262],"product_tag":[218,282],"class_list":["post-696589","product","type-product","status-publish","has-post-thumbnail","hentry","product_cat-steam-deck-compatibility-verified","product_tag-games","product_tag-capcom-promo","platform-steam-works"],"_links":{"self":[{"href":"https:\/\/neuvee.com\/pl\/wp-json\/wp\/v2\/product\/696589","targetHints":{"allow":["GET"]}}],"collection":[{"href":"https:\/\/neuvee.com\/pl\/wp-json\/wp\/v2\/product"}],"about":[{"href":"https:\/\/neuvee.com\/pl\/wp-json\/wp\/v2\/types\/product"}],"replies":[{"embeddable":true,"href":"https:\/\/neuvee.com\/pl\/wp-json\/wp\/v2\/comments?post=696589"}],"wp:featuredmedia":[{"embeddable":true,"href":"https:\/\/neuvee.com\/pl\/wp-json\/wp\/v2\/media\/697406"}],"wp:attachment":[{"href":"https:\/\/neuvee.com\/pl\/wp-json\/wp\/v2\/media?parent=696589"}],"wp:term":[{"taxonomy":"product_cat","embeddable":true,"href":"https:\/\/neuvee.com\/pl\/wp-json\/wp\/v2\/product_cat?post=696589"},{"taxonomy":"product_tag","embeddable":true,"href":"https:\/\/neuvee.com\/pl\/wp-json\/wp\/v2\/product_tag?post=696589"}],"curies":[{"name":"wp","href":"https:\/\/api.w.org\/{rel}","templated":true}]}}