{"id":696427,"date":"2023-10-21T20:53:36","date_gmt":"2023-10-21T20:53:36","guid":{"rendered":"https:\/\/neuvee.com\/?post_type=product&#038;p=696427"},"modified":"2025-05-19T13:39:57","modified_gmt":"2025-05-19T13:39:57","slug":"mega-man-zero-zx-legacy-collection","status":"publish","type":"product","link":"https:\/\/neuvee.com\/pl\/product\/mega-man-zero-zx-legacy-collection\/","title":{"rendered":"MEGA MAN ZERO\/ZX LEGACY COLLECTION"},"content":{"rendered":"<p>Mega Man Zero\/ZX Legacy Collection to sze\u015b\u0107 klasycznych tytu\u0142\u00f3w w jednym: Mega Man Zero, 2, 3 i&nbsp;4, a&nbsp;tak\u017ce Mega Man ZX oraz&nbsp;ZX Advent.<\/p>\n<p>Pakiet zawiera nie tylko gry, ale te\u017c galeri\u0119 materia\u0142\u00f3w graficznych, odtwarzacz muzyki, filtry i&nbsp;jeszcze wi\u0119cej nowo\u015bci \u2014 w tym nowy tryb rankingowy Z Chaser, tryb prostego scenariusza oraz&nbsp;tryb wspomagania zapisu, dzi\u0119ki kt\u00f3remu gracze b\u0119d\u0105 mogli odkrywa\u0107 fabu\u0142\u0119 we w\u0142asnym tempie.<\/p>\n<p><\/p>","protected":false},"excerpt":{"rendered":"<p>Mega Man Zero\/ZX Legacy Collection to sze\u015b\u0107 klasycznych tytu\u0142\u00f3w w jednym: Mega Man Zero, 2, 3 i&nbsp;4, a&nbsp;tak\u017ce Mega Man ZX oraz&nbsp;ZX Advent. Pakiet zawiera nie tylko gry, ale te\u017c galeri\u0119 materia\u0142\u00f3w graficznych, odtwarzacz muzyki, filtry i&nbsp;jeszcze wi\u0119cej nowo\u015bci \u2014 w tym nowy tryb rankingowy Z Chaser, tryb prostego scenariusza oraz&nbsp;tryb wspomagania zapisu, dzi\u0119ki kt\u00f3remu [&hellip;]<\/p>\n","protected":false},"featured_media":703709,"comment_status":"closed","ping_status":"closed","template":"","meta":{"ub_ctt_via":""},"product_cat":[225,262,88],"product_tag":[218,282],"class_list":["post-696427","product","type-product","status-publish","has-post-thumbnail","hentry","product_cat-role-playing","product_cat-steam-deck-compatibility-verified","product_cat-action","product_tag-games","product_tag-capcom-promo","platform-steam-works"],"_links":{"self":[{"href":"https:\/\/neuvee.com\/pl\/wp-json\/wp\/v2\/product\/696427","targetHints":{"allow":["GET"]}}],"collection":[{"href":"https:\/\/neuvee.com\/pl\/wp-json\/wp\/v2\/product"}],"about":[{"href":"https:\/\/neuvee.com\/pl\/wp-json\/wp\/v2\/types\/product"}],"replies":[{"embeddable":true,"href":"https:\/\/neuvee.com\/pl\/wp-json\/wp\/v2\/comments?post=696427"}],"wp:featuredmedia":[{"embeddable":true,"href":"https:\/\/neuvee.com\/pl\/wp-json\/wp\/v2\/media\/703709"}],"wp:attachment":[{"href":"https:\/\/neuvee.com\/pl\/wp-json\/wp\/v2\/media?parent=696427"}],"wp:term":[{"taxonomy":"product_cat","embeddable":true,"href":"https:\/\/neuvee.com\/pl\/wp-json\/wp\/v2\/product_cat?post=696427"},{"taxonomy":"product_tag","embeddable":true,"href":"https:\/\/neuvee.com\/pl\/wp-json\/wp\/v2\/product_tag?post=696427"}],"curies":[{"name":"wp","href":"https:\/\/api.w.org\/{rel}","templated":true}]}}