{"id":696424,"date":"2023-10-21T20:52:11","date_gmt":"2023-10-21T20:52:11","guid":{"rendered":"https:\/\/neuvee.com\/?post_type=product&#038;p=696424"},"modified":"2025-05-19T13:44:09","modified_gmt":"2025-05-19T13:44:09","slug":"mega-man-x-legacy-collection-%e3%83%ad%e3%83%83%e3%82%af%e3%83%9e%e3%83%b3x-%e3%82%a2%e3%83%8b%e3%83%90%e3%83%bc%e3%82%b5%e3%83%aa%e3%83%bc-%e3%82%b3%e3%83%ac%e3%82%af%e3%82%b7%e3%83%a7","status":"publish","type":"product","link":"https:\/\/neuvee.com\/pl\/product\/mega-man-x-legacy-collection-%e3%83%ad%e3%83%83%e3%82%af%e3%83%9e%e3%83%b3x-%e3%82%a2%e3%83%8b%e3%83%90%e3%83%bc%e3%82%b5%e3%83%aa%e3%83%bc-%e3%82%b3%e3%83%ac%e3%82%af%e3%82%b7%e3%83%a7\/","title":{"rendered":"Mega Man\u2122 X Legacy Collection \/ \u30ed\u30c3\u30af\u30de\u30f3X \u30a2\u30cb\u30d0\u30fc\u30b5\u30ea\u30fc \u30b3\u30ec\u30af\u30b7\u30e7\u30f3"},"content":{"rendered":"<p>Znana seria Mega Man X powraca! Graj pot\u0119\u017cnym Mega Man X \u2014 nast\u0119pc\u0105 klasycznego robota bojowego Mega Man \u2014 walcz\u0105cym z&nbsp;r\u00f3\u017cnymi \u015bmiertelnie niebezpiecznymi bossami nazywanymi Mavericks w czterech niezapomnianych tytu\u0142ach. Mega Man X Legacy Collection to pakiet legendarnych tytu\u0142\u00f3w 16-bitowych oraz&nbsp;pierwsze kroki serii w erze 32-bitowc\u00f3w: Mega Man X, X2, X3 oraz&nbsp;X4. Po pokonaniu ka\u017cdego z&nbsp;boss\u00f3w bohaterski robot ro\u015bnie w si\u0142\u0119 i&nbsp;zdobywa ich bro\u0144, a&nbsp;umiej\u0119tno\u015bci takie jak sprint i&nbsp;skoki na \u015bcian\u0119 zapewniaj\u0105 emocjonuj\u0105c\u0105, szybk\u0105 walk\u0119.<\/p>\n<p>Tytu\u0142y z&nbsp;pakietu Mega Man X Legacy Collection zosta\u0142y wzbogacone o&nbsp;wiele nowych funkcji. Sprawd\u017a, co potrafisz, w nowym trybie X Challenge, staj\u0105c do walki z&nbsp;dwoma \u015bmiertelnie niebezpiecznymi bossami naraz. Zajrzyj do ogromnego muzeum pe\u0142nego rzadkich grafik i&nbsp;katalog\u00f3w klasycznych towar\u00f3w, zawieraj\u0105cego tak\u017ce list\u0119 odtwarzania z&nbsp;nostalgicznymi reklamami i&nbsp;nie tylko.<\/p>\n<p>Ta kolekcja to najlepszy spos\u00f3b na poznanie pocz\u0105tk\u00f3w emocjonuj\u0105cej serii Mega Man X.<\/p>","protected":false},"excerpt":{"rendered":"<p>Znana seria Mega Man X powraca! Graj pot\u0119\u017cnym Mega Man X \u2014 nast\u0119pc\u0105 klasycznego robota bojowego Mega Man \u2014 walcz\u0105cym z&nbsp;r\u00f3\u017cnymi \u015bmiertelnie niebezpiecznymi bossami nazywanymi Mavericks w czterech niezapomnianych tytu\u0142ach. Mega Man X Legacy Collection to pakiet legendarnych tytu\u0142\u00f3w 16-bitowych oraz&nbsp;pierwsze kroki serii w erze 32-bitowc\u00f3w: Mega Man X, X2, X3 oraz&nbsp;X4. Po pokonaniu ka\u017cdego [&hellip;]<\/p>\n","protected":false},"featured_media":699126,"comment_status":"closed","ping_status":"closed","template":"","meta":{"ub_ctt_via":""},"product_cat":[88],"product_tag":[218],"class_list":["post-696424","product","type-product","status-publish","has-post-thumbnail","hentry","product_cat-action","product_tag-games","platform-steam-works"],"_links":{"self":[{"href":"https:\/\/neuvee.com\/pl\/wp-json\/wp\/v2\/product\/696424","targetHints":{"allow":["GET"]}}],"collection":[{"href":"https:\/\/neuvee.com\/pl\/wp-json\/wp\/v2\/product"}],"about":[{"href":"https:\/\/neuvee.com\/pl\/wp-json\/wp\/v2\/types\/product"}],"replies":[{"embeddable":true,"href":"https:\/\/neuvee.com\/pl\/wp-json\/wp\/v2\/comments?post=696424"}],"wp:featuredmedia":[{"embeddable":true,"href":"https:\/\/neuvee.com\/pl\/wp-json\/wp\/v2\/media\/699126"}],"wp:attachment":[{"href":"https:\/\/neuvee.com\/pl\/wp-json\/wp\/v2\/media?parent=696424"}],"wp:term":[{"taxonomy":"product_cat","embeddable":true,"href":"https:\/\/neuvee.com\/pl\/wp-json\/wp\/v2\/product_cat?post=696424"},{"taxonomy":"product_tag","embeddable":true,"href":"https:\/\/neuvee.com\/pl\/wp-json\/wp\/v2\/product_tag?post=696424"}],"curies":[{"name":"wp","href":"https:\/\/api.w.org\/{rel}","templated":true}]}}