{"id":696419,"date":"2023-10-21T20:48:14","date_gmt":"2023-10-21T20:48:14","guid":{"rendered":"https:\/\/neuvee.com\/?post_type=product&#038;p=696419"},"modified":"2025-05-19T13:34:20","modified_gmt":"2025-05-19T13:34:20","slug":"mega-man-x-legacy-collection-2-%e3%83%ad%e3%83%83%e3%82%af%e3%83%9e%e3%83%b3x-%e3%82%a2%e3%83%8b%e3%83%90%e3%83%bc%e3%82%b5%e3%83%aa%e3%83%bc-%e3%82%b3%e3%83%ac%e3%82%af%e3%82%b7%e3%83%a7","status":"publish","type":"product","link":"https:\/\/neuvee.com\/pl\/product\/mega-man-x-legacy-collection-2-%e3%83%ad%e3%83%83%e3%82%af%e3%83%9e%e3%83%b3x-%e3%82%a2%e3%83%8b%e3%83%90%e3%83%bc%e3%82%b5%e3%83%aa%e3%83%bc-%e3%82%b3%e3%83%ac%e3%82%af%e3%82%b7%e3%83%a7\/","title":{"rendered":"MEGA MAN\u2122 X LEGACY COLLECTION 2 \/ \u30ed\u30c3\u30af\u30de\u30f3X \u30a2\u30cb\u30d0\u30fc\u30b5\u30ea\u30fc \u30b3\u30ec\u30af\u30b7\u30e7\u30f3 2"},"content":{"rendered":"<p>Zagraj w pozosta\u0142e tytu\u0142y sagi Mega Man X dzi\u0119ki tej kolekcji czterech gier! Pakiet obejmuje dwie generacje gier i&nbsp;prezentuje rozw\u00f3j serii dzi\u0119ki tytu\u0142om Mega Man X5, X6, X7 oraz&nbsp;X8. Mega Man X i&nbsp;jego sojusznik Zero powracaj\u0105 jako grywalne postacie, pozwalaj\u0105c graczom przedziera\u0107 si\u0119 przez trudne etapy wymagaj\u0105ce skakania i&nbsp;strzelania z&nbsp;dzia\u0142ka naramiennego X lub&nbsp;przecinania wrog\u00f3w mieczem energetycznym Zero.<\/p>\n<p>Tytu\u0142y z&nbsp;pakietu Mega Man X Legacy Collection 2 zosta\u0142y wzbogacone o&nbsp;wiele nowych funkcji. Sprawd\u017a, co potrafisz, w nowym trybie X Challenge, staj\u0105c do walki z&nbsp;dwoma bossami naraz. Zajrzyj do ogromnego muzeum pe\u0142nego rzadkich grafik i&nbsp;katalog\u00f3w klasycznych towar\u00f3w, zawieraj\u0105cego tak\u017ce list\u0119 odtwarzania z&nbsp;nostalgicznymi reklamami i&nbsp;nie tylko. Kolekcja zawiera te\u017c film animowany, kt\u00f3rego akcja ma miejsce przed wydarzeniami z&nbsp;Mega Man X i&nbsp;przedstawia pocz\u0105tki g\u0142\u00f3wnego przeciwnika w grze \u2014 Sigmy.<\/p>\n<p>To najlepszy spos\u00f3b na poznanie drugiej po\u0142owy emocjonuj\u0105cej serii Mega Man X.<\/p>\n<p><\/p>","protected":false},"excerpt":{"rendered":"<p>Zagraj w pozosta\u0142e tytu\u0142y sagi Mega Man X dzi\u0119ki tej kolekcji czterech gier! Pakiet obejmuje dwie generacje gier i&nbsp;prezentuje rozw\u00f3j serii dzi\u0119ki tytu\u0142om Mega Man X5, X6, X7 oraz&nbsp;X8. Mega Man X i&nbsp;jego sojusznik Zero powracaj\u0105 jako grywalne postacie, pozwalaj\u0105c graczom przedziera\u0107 si\u0119 przez trudne etapy wymagaj\u0105ce skakania i&nbsp;strzelania z&nbsp;dzia\u0142ka naramiennego X lub&nbsp;przecinania wrog\u00f3w mieczem [&hellip;]<\/p>\n","protected":false},"featured_media":697719,"comment_status":"closed","ping_status":"closed","template":"","meta":{"ub_ctt_via":""},"product_cat":[225,88],"product_tag":[218,282],"class_list":["post-696419","product","type-product","status-publish","has-post-thumbnail","hentry","product_cat-role-playing","product_cat-action","product_tag-games","product_tag-capcom-promo","platform-steam-works"],"_links":{"self":[{"href":"https:\/\/neuvee.com\/pl\/wp-json\/wp\/v2\/product\/696419","targetHints":{"allow":["GET"]}}],"collection":[{"href":"https:\/\/neuvee.com\/pl\/wp-json\/wp\/v2\/product"}],"about":[{"href":"https:\/\/neuvee.com\/pl\/wp-json\/wp\/v2\/types\/product"}],"replies":[{"embeddable":true,"href":"https:\/\/neuvee.com\/pl\/wp-json\/wp\/v2\/comments?post=696419"}],"wp:featuredmedia":[{"embeddable":true,"href":"https:\/\/neuvee.com\/pl\/wp-json\/wp\/v2\/media\/697719"}],"wp:attachment":[{"href":"https:\/\/neuvee.com\/pl\/wp-json\/wp\/v2\/media?parent=696419"}],"wp:term":[{"taxonomy":"product_cat","embeddable":true,"href":"https:\/\/neuvee.com\/pl\/wp-json\/wp\/v2\/product_cat?post=696419"},{"taxonomy":"product_tag","embeddable":true,"href":"https:\/\/neuvee.com\/pl\/wp-json\/wp\/v2\/product_tag?post=696419"}],"curies":[{"name":"wp","href":"https:\/\/api.w.org\/{rel}","templated":true}]}}