{"id":696415,"date":"2023-10-21T20:46:56","date_gmt":"2023-10-21T20:46:56","guid":{"rendered":"https:\/\/neuvee.com\/?post_type=product&#038;p=696415"},"modified":"2025-05-19T14:22:44","modified_gmt":"2025-05-19T14:22:44","slug":"monster-hunter-rise-deluxe-edition","status":"publish","type":"product","link":"https:\/\/neuvee.com\/pl\/product\/monster-hunter-rise-deluxe-edition\/","title":{"rendered":"MONSTER HUNTER RISE DELUXE EDITION"},"content":{"rendered":"<p>*Bonusy dost\u0119pne w przedsprzeda\u017cy:*<br \/>\n&#8211; Pancerz warstwowy Palamute Retriever Costume<br \/>\n&#8211; Pancerz warstwowy Palico Forest Cat Costume<br \/>\n&#8211; Talizman nowicjusza zapewniaj\u0105cy pomoc na wczesnych etapach gry<\/p>\n<p>MONSTER HUNTER RISE i&nbsp;zawarto\u015b\u0107 Deluxe Kit w jednym pakiecie!<\/p>\n<p>Gra g\u0142\u00f3wna: \u201eMONSTER HUNTER RISE\u201d<br \/>\n    &#8211; Wszystkie elementy my\u015bliwskiego pancerza warstwowego \u201eKamurai\u201d<br \/>\n    &#8211; Element pancerza warstwowego Palamute \u201eShuriken Collar\u201d<br \/>\n    &#8211; Element pancerza warstwowego Palico \u201eFish Collar\u201d<br \/>\n    &#8211; Gesty (4 skoki)<br \/>\n    &#8211; Zestaw p\u00f3z samurajskich<br \/>\n    &#8211; Makija\u017c twarzy w stylu Kabuki<br \/>\n    &#8211; Fryzura \u201eIzuchi Tail\u201d<\/p>\n<p>Podejmij wyzwanie i&nbsp;do\u0142\u0105cz do polowania! W Monster Hunter Rise, najnowszej ods\u0142onie wielokrotnie nagradzanej, bestsellerowej serii gier Monster Hunter, przedstawiamy zupe\u0142nie nowy w\u0105tek fabularny, kt\u00f3ry da Ci mo\u017cliwo\u015b\u0107 wcielenia si\u0119 w posta\u0107 my\u015bliwego, poznania nowych map i&nbsp;walki z&nbsp;budz\u0105cymi strach potworami przy wykorzystaniu arsena\u0142u niezwykle zr\u00f3\u017cnicowanych broni. Wersja na komputery PC charakteryzuje si\u0119 dodatkowo zoptymalizowan\u0105 warstw\u0105 wizualn\u0105 i&nbsp;lepsz\u0105 wydajno\u015bci\u0105.<\/p>\n<p>*Przera\u017caj\u0105ce potwory o&nbsp;unikatowych cechach*<br \/>\nPoluj na hordy potwor\u00f3w, kt\u00f3re zachowuj\u0105 si\u0119 w charakterystyczny dla swego gatunku spos\u00f3b i&nbsp;cechuj\u0105 si\u0119 zab\u00f3jcz\u0105 zajad\u0142o\u015bci\u0105. Dost\u0119pne s\u0105 zar\u00f3wno klasyczne, powracaj\u0105ce w nowej ods\u0142onie potwory, jak i&nbsp;zupe\u0142nie nowe bestie inspirowane kultur\u0105 ludow\u0105 Japonii, takie jak sztandarowy przedstawiciel gatunku wiwern \u2014 Magnamalo. Je\u015bli chcesz zdoby\u0107 nagrody, musisz b\u0142yskawicznie podejmowa\u0107 decyzje i&nbsp;doskonale pozna\u0107 zwyczaje potwor\u00f3w!<\/p>\n<p>*Wybierz ulubion\u0105 bro\u0144 i&nbsp;popisz si\u0119 umiej\u0119tno\u015bciami*<br \/>\nMasz do wyboru 14 zr\u00f3\u017cnicowanych typ\u00f3w uzbrojenia, gdzie ka\u017cd\u0105 bro\u0144 charakteryzuje zupe\u0142nie inny styl rozgrywki, zar\u00f3wno w zwarciu, jak i&nbsp;na dystans. Na\u0142aduj niszczycielski Wielki Miecz i&nbsp;zadaj druzgoc\u0105cy cios, rozprosz potwory z&nbsp;wyj\u0105tkow\u0105 gracj\u0105, walcz\u0105c D\u0142ugim Mieczem, powo\u0142aj do \u017cycia istn\u0105 burz\u0119 kling, u\u017cywaj\u0105c szybkich Podw\u00f3jnych Ostrzy, szar\u017cuj na wrog\u00f3w, dzier\u017c\u0105c w d\u0142oniach Lanc\u0119 lub&nbsp;rozpraw si\u0119 z&nbsp;potworami z&nbsp;dystansu, strzelaj\u0105c z&nbsp;\u0142uku lub&nbsp;broni palnej. To tylko niekt\u00f3re z&nbsp;dost\u0119pnych w grze typ\u00f3w uzbrojenia, wi\u0119c&nbsp;z&nbsp;pewno\u015bci\u0105 ka\u017cdy gracz znajdzie odpowiadaj\u0105cy mu styl gry. <\/p>\n<p>*Poluj, zbieraj zasoby i&nbsp;konstruuj przedmioty, by sta\u0107 si\u0119 ostatnim ogniwem \u0142a\u0144cucha pokarmowego*<br \/>\nKa\u017cdy z&nbsp;upolowanych potwor\u00f3w dostarcza nieco materia\u0142\u00f3w, dzi\u0119ki kt\u00f3rym mo\u017cesz konstruowa\u0107 nowe bronie i&nbsp;pancerze oraz&nbsp;ulepsza\u0107 posiadane wyposa\u017cenie. To z&nbsp;kolei pozwoli Ci wr\u00f3ci\u0107 w teren, rozpocz\u0105\u0107 polowanie na jeszcze straszliwsze bestie i&nbsp;zdoby\u0107 cenniejsze nagrody! Bro\u0144 mo\u017cna w dowolnej chwili zmieni\u0107 w Skrzyniach z&nbsp;Wyposa\u017ceniem, zatem&nbsp;dysponujesz nieograniczonymi mo\u017cliwo\u015bciami!<\/p>\n<p>*Poluj na potwory w pojedynk\u0119 lub&nbsp;w dru\u017cynie*<br \/>\nW Bazie \u0141owc\u00f3w znajdziesz zadania dla wielu graczy. W sk\u0142ad poluj\u0105cej wsp\u00f3lnie dru\u017cyny mo\u017ce wchodzi\u0107 maksymalnie czterech graczy. Dzi\u0119ki skalowaniu poziomu trudno\u015bci walki zawsze stanowi\u0105 wyzwanie, niezale\u017cnie od tego, czy stajesz do nich samodzielnie, czy w pe\u0142nym sk\u0142adzie.<\/p>\n<p>*Ol\u015bniewaj\u0105ce efekty wizualne, nieograniczona liczba klatek na sekund\u0119 i&nbsp;inne optymalizacje wersji PC*<br \/>\nCiesz si\u0119 pi\u0119kn\u0105 grafik\u0105 w rozdzielczo\u015bci do 4K i&nbsp;obrazem HDR. Dzi\u0119ki obs\u0142udze monitor\u00f3w ultrapanoramicznych  i&nbsp;nieograniczonej liczbie klatek na sekund\u0119 polowanie na potwory b\u0119dzie naprawd\u0119 wci\u0105gaj\u0105ce. \u0141owcy otrzymaj\u0105 tak\u017ce natychmiastowy dost\u0119p do wielu bezp\u0142atnych aktualizacji gry, w tym nowych potwor\u00f3w, zada\u0144, wyposa\u017cenia i&nbsp;nie tylko.<\/p>\n<p>*Poznaj now\u0105, interesuj\u0105c\u0105 fabu\u0142\u0119 po\u015bwi\u0119con\u0105 wydarzeniom w wiosce Kamura*<br \/>\nT\u0119 spokojn\u0105 lokalizacj\u0119 zamieszkuje barwna grupa osadnik\u00f3w, kt\u00f3rzy od lat \u017cyj\u0105 w cieniu zagro\u017cenia, jakim jest Szale\u0144stwo \u2014 katastroficzne wydarzenia, podczas kt\u00f3rego niezliczone potwory atakuj\u0105 wiosk\u0119. Od ostatniego Szale\u0144stwa min\u0119\u0142o ju\u017c 50 lat, wi\u0119c&nbsp;musisz wsp\u00f3\u0142pracowa\u0107 z&nbsp;osadnikami, by wsp\u00f3lnie przygotowa\u0107 si\u0119 do tej pr\u00f3by.<\/p>\n<p>*Nowe akcje my\u015bliwskie zwi\u0105zane z&nbsp;Wirebugiem*<br \/>\nWirebug to integralna cz\u0119\u015b\u0107 zestawu narz\u0119dzi my\u015bliwego. Wystrzeliwane przez to stworzenie specjalne, jedwabne nici przytwierdzaj\u0105 si\u0119 do \u015bcian i&nbsp;umo\u017cliwiaj\u0105 szybkie pokonywanie map. Mo\u017cna tak\u017ce dzi\u0119ki nim wykonywa\u0107 specjalne ataki ka\u017cdym z&nbsp;14 typ\u00f3w dost\u0119pnych w grze broni.<\/p>\n<p>*Przyjaciele s\u0105 po to, by pomaga\u0107 *<br \/>\nDo znanych z&nbsp;wcze\u015bniejszych ods\u0142on Monster Hunter i&nbsp;uwielbianych Palico Felyne do\u0142\u0105czyli zupe\u0142nie nowi towarzysze \u2014 Palamute Canyne!<\/p>\n<p>*Siej spustoszenie, kontroluj\u0105c+J21 potwory*<br \/>\nKontroluj szalej\u0105ce potwory, u\u017cywaj\u0105c umiej\u0119tno\u015bci Jazda na Wiwernie, i&nbsp;zadawaj celom powa\u017cne obra\u017cenia! <\/p>\n<p>*Odpieraj ataki hord potwor\u00f3w podczas Szale\u0144stwa*<br \/>\nBro\u0144 wioski Kamura przed hordami potwor\u00f3w w zadaniu zupe\u0142nie nowego typu! Przygotuj si\u0119 do polowania na potwory na niespotykan\u0105 dotychczas skal\u0119!<\/p>\n<p><\/p>","protected":false},"excerpt":{"rendered":"<p>*Bonusy dost\u0119pne w przedsprzeda\u017cy:* &#8211; Pancerz warstwowy Palamute Retriever Costume &#8211; Pancerz warstwowy Palico Forest Cat Costume &#8211; Talizman nowicjusza zapewniaj\u0105cy pomoc na wczesnych etapach gry MONSTER HUNTER RISE i&nbsp;zawarto\u015b\u0107 Deluxe Kit w jednym pakiecie! Gra g\u0142\u00f3wna: \u201eMONSTER HUNTER RISE\u201d &#8211; Wszystkie elementy my\u015bliwskiego pancerza warstwowego \u201eKamurai\u201d &#8211; Element pancerza warstwowego Palamute \u201eShuriken Collar\u201d &#8211; [&hellip;]<\/p>\n","protected":false},"featured_media":697661,"comment_status":"closed","ping_status":"closed","template":"","meta":{"ub_ctt_via":""},"product_cat":[261,88],"product_tag":[218],"class_list":["post-696415","product","type-product","status-publish","has-post-thumbnail","hentry","product_cat-steam-deck-compatibility-playable","product_cat-action","product_tag-games","platform-steam-works"],"_links":{"self":[{"href":"https:\/\/neuvee.com\/pl\/wp-json\/wp\/v2\/product\/696415","targetHints":{"allow":["GET"]}}],"collection":[{"href":"https:\/\/neuvee.com\/pl\/wp-json\/wp\/v2\/product"}],"about":[{"href":"https:\/\/neuvee.com\/pl\/wp-json\/wp\/v2\/types\/product"}],"replies":[{"embeddable":true,"href":"https:\/\/neuvee.com\/pl\/wp-json\/wp\/v2\/comments?post=696415"}],"wp:featuredmedia":[{"embeddable":true,"href":"https:\/\/neuvee.com\/pl\/wp-json\/wp\/v2\/media\/697661"}],"wp:attachment":[{"href":"https:\/\/neuvee.com\/pl\/wp-json\/wp\/v2\/media?parent=696415"}],"wp:term":[{"taxonomy":"product_cat","embeddable":true,"href":"https:\/\/neuvee.com\/pl\/wp-json\/wp\/v2\/product_cat?post=696415"},{"taxonomy":"product_tag","embeddable":true,"href":"https:\/\/neuvee.com\/pl\/wp-json\/wp\/v2\/product_tag?post=696415"}],"curies":[{"name":"wp","href":"https:\/\/api.w.org\/{rel}","templated":true}]}}