{"id":696414,"date":"2023-10-21T20:46:39","date_gmt":"2023-10-21T20:46:39","guid":{"rendered":"https:\/\/neuvee.com\/?post_type=product&#038;p=696414"},"modified":"2025-05-19T14:16:48","modified_gmt":"2025-05-19T14:16:48","slug":"monster-hunter-rise-deluxe-kit","status":"publish","type":"product","link":"https:\/\/neuvee.com\/pl\/product\/monster-hunter-rise-deluxe-kit\/","title":{"rendered":"MONSTER HUNTER RISE DELUXE KIT"},"content":{"rendered":"<p>Poluj w dobrym stylu dzi\u0119ki szerokiej gamie zabawnych dodatk\u00f3w kosmetycznych, kt\u00f3re pozwol\u0105 ci ubra\u0107 \u0142owc\u0119 oraz&nbsp;kumpli z&nbsp;Palico i&nbsp;Palamute i&nbsp;popisa\u0107 si\u0119 przed innymi graczami! Mo\u017cesz nawet wyrazi\u0107 siebie za pomoc\u0105 fajnych gest\u00f3w i&nbsp;p\u00f3z. <\/p>\n<p> &#8211; Wszystkie elementy my\u015bliwskiego pancerza warstwowego \u201eKamurai\u201d<br \/>\n &#8211; Element pancerza warstwowego Palamute \u201eShuriken Collar\u201d<br \/>\n &#8211; Element pancerza warstwowego Palico \u201eFish Collar\u201d<br \/>\n &#8211; Gesty (4 skoki)<br \/>\n &#8211; Zestaw p\u00f3z samurajskich<br \/>\n &#8211; Makija\u017c twarzy w stylu Kabuki<br \/>\n &#8211; Fryzura \u201eIzuchi Tail\u201d<\/p>\n<p><\/p>","protected":false},"excerpt":{"rendered":"<p>Poluj w dobrym stylu dzi\u0119ki szerokiej gamie zabawnych dodatk\u00f3w kosmetycznych, kt\u00f3re pozwol\u0105 ci ubra\u0107 \u0142owc\u0119 oraz&nbsp;kumpli z&nbsp;Palico i&nbsp;Palamute i&nbsp;popisa\u0107 si\u0119 przed innymi graczami! Mo\u017cesz nawet wyrazi\u0107 siebie za pomoc\u0105 fajnych gest\u00f3w i&nbsp;p\u00f3z. &#8211; Wszystkie elementy my\u015bliwskiego pancerza warstwowego \u201eKamurai\u201d &#8211; Element pancerza warstwowego Palamute \u201eShuriken Collar\u201d &#8211; Element pancerza warstwowego Palico \u201eFish Collar\u201d &#8211; Gesty [&hellip;]<\/p>\n","protected":false},"featured_media":697604,"comment_status":"closed","ping_status":"closed","template":"","meta":{"ub_ctt_via":""},"product_cat":[88],"product_tag":[218],"class_list":["post-696414","product","type-product","status-publish","has-post-thumbnail","hentry","product_cat-action","product_tag-games","platform-steam-works"],"_links":{"self":[{"href":"https:\/\/neuvee.com\/pl\/wp-json\/wp\/v2\/product\/696414","targetHints":{"allow":["GET"]}}],"collection":[{"href":"https:\/\/neuvee.com\/pl\/wp-json\/wp\/v2\/product"}],"about":[{"href":"https:\/\/neuvee.com\/pl\/wp-json\/wp\/v2\/types\/product"}],"replies":[{"embeddable":true,"href":"https:\/\/neuvee.com\/pl\/wp-json\/wp\/v2\/comments?post=696414"}],"wp:featuredmedia":[{"embeddable":true,"href":"https:\/\/neuvee.com\/pl\/wp-json\/wp\/v2\/media\/697604"}],"wp:attachment":[{"href":"https:\/\/neuvee.com\/pl\/wp-json\/wp\/v2\/media?parent=696414"}],"wp:term":[{"taxonomy":"product_cat","embeddable":true,"href":"https:\/\/neuvee.com\/pl\/wp-json\/wp\/v2\/product_cat?post=696414"},{"taxonomy":"product_tag","embeddable":true,"href":"https:\/\/neuvee.com\/pl\/wp-json\/wp\/v2\/product_tag?post=696414"}],"curies":[{"name":"wp","href":"https:\/\/api.w.org\/{rel}","templated":true}]}}