{"id":696412,"date":"2023-10-21T20:46:01","date_gmt":"2023-10-21T20:46:01","guid":{"rendered":"https:\/\/neuvee.com\/?post_type=product&#038;p=696412"},"modified":"2025-05-19T14:04:50","modified_gmt":"2025-05-19T14:04:50","slug":"monster-hunter-rise-sunbreak","status":"publish","type":"product","link":"https:\/\/neuvee.com\/pl\/product\/monster-hunter-rise-sunbreak\/","title":{"rendered":"MONSTER HUNTER RISE: SUNBREAK"},"content":{"rendered":"<p>- Rozszerzenie Monster Hunter Rise: Sunbreak<br \/>\nDzi\u0119ki temu ogromnemu rozszerzeniu \u015bwiat Monster Hunter Rise staje si\u0119 jeszcze wi\u0119kszy i&nbsp;ciekawszy. Wprowadza ono nowe potwory, lokalizacje i&nbsp;nie tylko!<\/p>\n<p>&#8211; Nowa przygoda w odleg\u0142ej krainie<br \/>\nW trakcie wydarze\u0144 rozgrywaj\u0105cych si\u0119 w Monster Hunter Rise okrzykni\u0119to Ci\u0119 \u201eNieul\u0119k\u0142ym P\u0142omieniem Kamury\u201d. Teraz musisz wyruszy\u0107 w rejs, by odkry\u0107 \u017ar\u00f3d\u0142o potwornego zamorskiego zagro\u017cenia, kt\u00f3re zawis\u0142o nad kr\u00f3lestwem!<\/p>\n<p>&#8211; Pojawiaj\u0105 si\u0119 nowi wrogowie, powracaj\u0105 dawne zagro\u017cenia<br \/>\nDocieraj\u0105c do Posterunku Elgado, odkrywasz, \u017ce \u017ar\u00f3d\u0142em zagra\u017caj\u0105cych kr\u00f3lestwu nietypowych wydarze\u0144 s\u0105 Malzeno, Lunagaron i&nbsp;Garangolm \u2013 straszliwe potwory, zwane przez miejscowych Trzema Lordami. Opr\u00f3cz nowych wrog\u00f3w, stawisz tak\u017ce czo\u0142a dawniejszym przeciwnikom, poniewa\u017c&nbsp;powracaj\u0105 dobrze znane z&nbsp;serii potwory, kt\u00f3re nie pojawia\u0142y si\u0119 dotychczas w Monster Hunter Rise!<\/p>\n<p>&#8211; Ciekawsza rozgrywka<br \/>\nZaufany Kablobak powraca \u2013 bardziej przydatny ni\u017c kiedykolwiek wcze\u015bniej. Nowe umiej\u0119tno\u015bci zwi\u0105zane ze wszystkimi 14 typami uzbrojenia zapewniaj\u0105 niespotykan\u0105 dot\u0105d elastyczno\u015b\u0107 i&nbsp;urozmaicaj\u0105 \u0142owy.<\/p>\n<p>&#8211; Barwna gama postaci<br \/>\nTwoj\u0105 baz\u0119 operacyjn\u0105 zamieszkuje barwna grupa miejscowych o&nbsp;zr\u00f3\u017cnicowanych osobowo\u015bciach \u2013 ka\u017cdy z&nbsp;nich zareaguje na Twoj\u0105 obecno\u015b\u0107 w charakterystyczny dla siebie spos\u00f3b. Czasami poprosz\u0105 do\u015bwiadczonego my\u015bliwego o&nbsp;pomoc, innym razem to Ty b\u0119dziesz potrzebowa\u0107 ich pomocy!<br \/>\nUwaga: Aby zagra\u0107 w to rozszerzenie, nale\u017cy posiada\u0107 gr\u0119 Monster Hunter Rise. Zawarto\u015b\u0107 rozszerzenia Sunbreak jest dost\u0119pna po uko\u0144czeniu 7-gwiadkowego zadania \u201eW\u0119\u017cowa bogini grzmotu\u201d<\/p>\n<p><\/p>","protected":false},"excerpt":{"rendered":"<p>&#8211; Rozszerzenie Monster Hunter Rise: Sunbreak Dzi\u0119ki temu ogromnemu rozszerzeniu \u015bwiat Monster Hunter Rise staje si\u0119 jeszcze wi\u0119kszy i&nbsp;ciekawszy. Wprowadza ono nowe potwory, lokalizacje i&nbsp;nie tylko! &#8211; Nowa przygoda w odleg\u0142ej krainie W trakcie wydarze\u0144 rozgrywaj\u0105cych si\u0119 w Monster Hunter Rise okrzykni\u0119to Ci\u0119 \u201eNieul\u0119k\u0142ym P\u0142omieniem Kamury\u201d. Teraz musisz wyruszy\u0107 w rejs, by odkry\u0107 \u017ar\u00f3d\u0142o potwornego [&hellip;]<\/p>\n","protected":false},"featured_media":697423,"comment_status":"closed","ping_status":"closed","template":"","meta":{"ub_ctt_via":""},"product_cat":[88],"product_tag":[218],"class_list":["post-696412","product","type-product","status-publish","has-post-thumbnail","hentry","product_cat-action","product_tag-games","platform-steam-works"],"_links":{"self":[{"href":"https:\/\/neuvee.com\/pl\/wp-json\/wp\/v2\/product\/696412","targetHints":{"allow":["GET"]}}],"collection":[{"href":"https:\/\/neuvee.com\/pl\/wp-json\/wp\/v2\/product"}],"about":[{"href":"https:\/\/neuvee.com\/pl\/wp-json\/wp\/v2\/types\/product"}],"replies":[{"embeddable":true,"href":"https:\/\/neuvee.com\/pl\/wp-json\/wp\/v2\/comments?post=696412"}],"wp:featuredmedia":[{"embeddable":true,"href":"https:\/\/neuvee.com\/pl\/wp-json\/wp\/v2\/media\/697423"}],"wp:attachment":[{"href":"https:\/\/neuvee.com\/pl\/wp-json\/wp\/v2\/media?parent=696412"}],"wp:term":[{"taxonomy":"product_cat","embeddable":true,"href":"https:\/\/neuvee.com\/pl\/wp-json\/wp\/v2\/product_cat?post=696412"},{"taxonomy":"product_tag","embeddable":true,"href":"https:\/\/neuvee.com\/pl\/wp-json\/wp\/v2\/product_tag?post=696412"}],"curies":[{"name":"wp","href":"https:\/\/api.w.org\/{rel}","templated":true}]}}