{"id":696389,"date":"2023-10-21T20:26:21","date_gmt":"2023-10-21T20:26:21","guid":{"rendered":"https:\/\/neuvee.com\/?post_type=product&#038;p=696389"},"modified":"2025-05-19T14:00:46","modified_gmt":"2025-05-19T14:00:46","slug":"monster-hunter-rise-sunbreak-deluxe-edition","status":"publish","type":"product","link":"https:\/\/neuvee.com\/pl\/product\/monster-hunter-rise-sunbreak-deluxe-edition\/","title":{"rendered":"MONSTER HUNTER RISE: SUNBREAK DELUXE EDITION"},"content":{"rendered":"<p>Dzi\u0119ki tej wersji Deluxe Edition wraz z&nbsp;ogromnym rozszerzeniem Monster Hunter Rise: Sunbreak otrzymasz tak\u017ce wspania\u0142\u0105 zawarto\u015bci\u0105 dodatkow\u0105!<\/p>\n<p>Zawiera rozszerzenie Sunbreak i&nbsp;nast\u0119puj\u0105ce dodatki DLC:<br \/>\n\u2022 Zestaw pancerza warstwowego \u0142owcy \u201eSmokozgubny\u201d<br \/>\n\u2022 Zestaw pancerza warstwowego kumpsa \u201eK Ogar\u201d<br \/>\n\u2022 Zestaw pancerza warstwowego kole\u017ckota \u201eF Gorliwiec\u201d<br \/>\n\u2022 Zestaw gest\u00f3w \u201eWyceluj\u201d x4<br \/>\n\u2022 Zestaw walecznych p\u00f3z x3<br \/>\n\u2022 Farba do twarzy \u201eEleganckie oczy\u201d<br \/>\n\u2022 Fryzura \u201ePuszyste loki\u201d<\/p>\n<p>Uwaga: Pancerz warstwowy to \u201esk\u00f3rka\u201d, kt\u00f3ra zmienia wygl\u0105d postaci, nie wp\u0142ywaj\u0105c na jej statystyki i&nbsp;umiej\u0119tno\u015bci. Zawarto\u015b\u0107 dodatkowa dost\u0119pna w wersji Deluxe Edition jest tak\u017ce udost\u0119pniana osobno w postaci aktualizacji Deluxe Kit.<\/p>\n<p><\/p>","protected":false},"excerpt":{"rendered":"<p>Dzi\u0119ki tej wersji Deluxe Edition wraz z&nbsp;ogromnym rozszerzeniem Monster Hunter Rise: Sunbreak otrzymasz tak\u017ce wspania\u0142\u0105 zawarto\u015bci\u0105 dodatkow\u0105! Zawiera rozszerzenie Sunbreak i&nbsp;nast\u0119puj\u0105ce dodatki DLC: \u2022 Zestaw pancerza warstwowego \u0142owcy \u201eSmokozgubny\u201d \u2022 Zestaw pancerza warstwowego kumpsa \u201eK Ogar\u201d \u2022 Zestaw pancerza warstwowego kole\u017ckota \u201eF Gorliwiec\u201d \u2022 Zestaw gest\u00f3w \u201eWyceluj\u201d x4 \u2022 Zestaw walecznych p\u00f3z x3 \u2022 Farba [&hellip;]<\/p>\n","protected":false},"featured_media":699119,"comment_status":"closed","ping_status":"closed","template":"","meta":{"ub_ctt_via":""},"product_cat":[88],"product_tag":[218],"class_list":["post-696389","product","type-product","status-publish","has-post-thumbnail","hentry","product_cat-action","product_tag-games","platform-steam-works"],"_links":{"self":[{"href":"https:\/\/neuvee.com\/pl\/wp-json\/wp\/v2\/product\/696389","targetHints":{"allow":["GET"]}}],"collection":[{"href":"https:\/\/neuvee.com\/pl\/wp-json\/wp\/v2\/product"}],"about":[{"href":"https:\/\/neuvee.com\/pl\/wp-json\/wp\/v2\/types\/product"}],"replies":[{"embeddable":true,"href":"https:\/\/neuvee.com\/pl\/wp-json\/wp\/v2\/comments?post=696389"}],"wp:featuredmedia":[{"embeddable":true,"href":"https:\/\/neuvee.com\/pl\/wp-json\/wp\/v2\/media\/699119"}],"wp:attachment":[{"href":"https:\/\/neuvee.com\/pl\/wp-json\/wp\/v2\/media?parent=696389"}],"wp:term":[{"taxonomy":"product_cat","embeddable":true,"href":"https:\/\/neuvee.com\/pl\/wp-json\/wp\/v2\/product_cat?post=696389"},{"taxonomy":"product_tag","embeddable":true,"href":"https:\/\/neuvee.com\/pl\/wp-json\/wp\/v2\/product_tag?post=696389"}],"curies":[{"name":"wp","href":"https:\/\/api.w.org\/{rel}","templated":true}]}}