{"id":696383,"date":"2023-10-21T20:24:22","date_gmt":"2023-10-21T20:24:22","guid":{"rendered":"https:\/\/neuvee.com\/?post_type=product&#038;p=696383"},"modified":"2025-05-19T14:13:42","modified_gmt":"2025-05-19T14:13:42","slug":"monster-hunter-world-iceborne","status":"publish","type":"product","link":"https:\/\/neuvee.com\/pl\/product\/monster-hunter-world-iceborne\/","title":{"rendered":"MONSTER HUNTER WORLD: ICEBORNE"},"content":{"rendered":"<p>Do korzystania z&nbsp;tej zawarto\u015bci niezb\u0119dna jest gra podstawowa \u201eMonster Hunter: World\u201d (sprzedawana osobno). <\/p>\n<p>Zdaj si\u0119 na instynkt \u0142owcy, by zaj\u015b\u0107 dalej ni\u017c kiedykolwiek!<\/p>\n<p>\u201eIceborne\u201d to ogromne rozszerzenie, kt\u00f3rego akcja rozgrywa si\u0119 po zako\u0144czeniu fabu\u0142y Monster Hunter: World, z&nbsp;nowym \u201epoziomem mistrza\u201d do zdobycia!<\/p>\n<p>Nowe zadania, potwory, bronie, pancerze oraz&nbsp;nowa fabu\u0142a, dzi\u0119ki kt\u00f3rym wespniesz si\u0119 na nowy poziom \u0142owieckich umiej\u0119tno\u015bci!<\/p>\n<p>Zawarto\u015b\u0107 \u201eMonster Hunter World: Iceborne\u201d:<br \/>\n&#8211; \u201eMonster Hunter World: Iceborne\u201d (gigantyczne rozszerzenie)<\/p>\n<p><\/p>","protected":false},"excerpt":{"rendered":"<p>Do korzystania z&nbsp;tej zawarto\u015bci niezb\u0119dna jest gra podstawowa \u201eMonster Hunter: World\u201d (sprzedawana osobno). Zdaj si\u0119 na instynkt \u0142owcy, by zaj\u015b\u0107 dalej ni\u017c kiedykolwiek! \u201eIceborne\u201d to ogromne rozszerzenie, kt\u00f3rego akcja rozgrywa si\u0119 po zako\u0144czeniu fabu\u0142y Monster Hunter: World, z&nbsp;nowym \u201epoziomem mistrza\u201d do zdobycia! Nowe zadania, potwory, bronie, pancerze oraz&nbsp;nowa fabu\u0142a, dzi\u0119ki kt\u00f3rym wespniesz si\u0119 na nowy [&hellip;]<\/p>\n","protected":false},"featured_media":697296,"comment_status":"closed","ping_status":"closed","template":"","meta":{"ub_ctt_via":""},"product_cat":[227,88,127],"product_tag":[218],"class_list":["post-696383","product","type-product","status-publish","has-post-thumbnail","hentry","product_cat-action-adventure","product_cat-action","product_cat-adventure","product_tag-games","platform-steam-works"],"_links":{"self":[{"href":"https:\/\/neuvee.com\/pl\/wp-json\/wp\/v2\/product\/696383","targetHints":{"allow":["GET"]}}],"collection":[{"href":"https:\/\/neuvee.com\/pl\/wp-json\/wp\/v2\/product"}],"about":[{"href":"https:\/\/neuvee.com\/pl\/wp-json\/wp\/v2\/types\/product"}],"replies":[{"embeddable":true,"href":"https:\/\/neuvee.com\/pl\/wp-json\/wp\/v2\/comments?post=696383"}],"wp:featuredmedia":[{"embeddable":true,"href":"https:\/\/neuvee.com\/pl\/wp-json\/wp\/v2\/media\/697296"}],"wp:attachment":[{"href":"https:\/\/neuvee.com\/pl\/wp-json\/wp\/v2\/media?parent=696383"}],"wp:term":[{"taxonomy":"product_cat","embeddable":true,"href":"https:\/\/neuvee.com\/pl\/wp-json\/wp\/v2\/product_cat?post=696383"},{"taxonomy":"product_tag","embeddable":true,"href":"https:\/\/neuvee.com\/pl\/wp-json\/wp\/v2\/product_tag?post=696383"}],"curies":[{"name":"wp","href":"https:\/\/api.w.org\/{rel}","templated":true}]}}