{"id":696381,"date":"2023-10-21T20:23:24","date_gmt":"2023-10-21T20:23:24","guid":{"rendered":"https:\/\/neuvee.com\/?post_type=product&#038;p=696381"},"modified":"2025-05-19T14:03:29","modified_gmt":"2025-05-19T14:03:29","slug":"monster-hunter-world-iceborne-deluxe-edition","status":"publish","type":"product","link":"https:\/\/neuvee.com\/pl\/product\/monster-hunter-world-iceborne-deluxe-edition\/","title":{"rendered":"Monster Hunter World: Iceborne &#8211; Deluxe Edition"},"content":{"rendered":"<p>Do korzystania z&nbsp;zawarto\u015bci niezb\u0119dna jest gra \u201eMonster Hunter: World\u201d (sprzedawana osobno). <\/p>\n<p>Zdaj si\u0119 na instynkt \u0142owcy, by zaj\u015b\u0107 jeszcze dalej!<\/p>\n<p>\u201eIceborne\u201d to gigantyczne rozszerzenie, kt\u00f3rego akcja rozgrywa si\u0119 po zako\u0144czeniu fabu\u0142y Monster Hunter: World, oraz&nbsp;nowy \u201epoziom mistrza\u201d!<\/p>\n<p>Nowe zadania, potwory, bro\u0144, pancerze i&nbsp;fabu\u0142a, a&nbsp;z nimi nowy poziom \u0142owieckich umiej\u0119tno\u015bci!<\/p>\n<p>Zawarto\u015b\u0107 \u201eMonster Hunter World: Iceborne \u2014 Cyfrowa Edycja Deluxe\u201d:<br \/>\n&#8211; \u201eMonster Hunter World: Iceborne\u201d (rozszerzenie)<br \/>\n&#8211; Pakiet Deluxe \u201eMonster Hunter World: Iceborne\u201d<br \/>\n\t\t*Zestaw pancerza warstwowego \u201eSrebrny Rycerz\u201d<br \/>\n\t\t*3 gesty<br \/>\n\t\t*2 zestawy obrazk\u00f3w<br \/>\n\t\t*1 makija\u017c<br \/>\n\t\t*1 fryzura<br \/>\n\t\t*1 zestaw dekoracji (do personalizacji pokoju)<\/p>\n<p><\/p>","protected":false},"excerpt":{"rendered":"<p>Do korzystania z&nbsp;zawarto\u015bci niezb\u0119dna jest gra \u201eMonster Hunter: World\u201d (sprzedawana osobno). Zdaj si\u0119 na instynkt \u0142owcy, by zaj\u015b\u0107 jeszcze dalej! \u201eIceborne\u201d to gigantyczne rozszerzenie, kt\u00f3rego akcja rozgrywa si\u0119 po zako\u0144czeniu fabu\u0142y Monster Hunter: World, oraz&nbsp;nowy \u201epoziom mistrza\u201d! Nowe zadania, potwory, bro\u0144, pancerze i&nbsp;fabu\u0142a, a&nbsp;z nimi nowy poziom \u0142owieckich umiej\u0119tno\u015bci! Zawarto\u015b\u0107 \u201eMonster Hunter World: Iceborne \u2014 [&hellip;]<\/p>\n","protected":false},"featured_media":0,"comment_status":"closed","ping_status":"closed","template":"","meta":{"ub_ctt_via":""},"product_cat":[227,88,127],"product_tag":[218],"class_list":["post-696381","product","type-product","status-publish","hentry","product_cat-action-adventure","product_cat-action","product_cat-adventure","product_tag-games","platform-steam-works"],"_links":{"self":[{"href":"https:\/\/neuvee.com\/pl\/wp-json\/wp\/v2\/product\/696381","targetHints":{"allow":["GET"]}}],"collection":[{"href":"https:\/\/neuvee.com\/pl\/wp-json\/wp\/v2\/product"}],"about":[{"href":"https:\/\/neuvee.com\/pl\/wp-json\/wp\/v2\/types\/product"}],"replies":[{"embeddable":true,"href":"https:\/\/neuvee.com\/pl\/wp-json\/wp\/v2\/comments?post=696381"}],"wp:attachment":[{"href":"https:\/\/neuvee.com\/pl\/wp-json\/wp\/v2\/media?parent=696381"}],"wp:term":[{"taxonomy":"product_cat","embeddable":true,"href":"https:\/\/neuvee.com\/pl\/wp-json\/wp\/v2\/product_cat?post=696381"},{"taxonomy":"product_tag","embeddable":true,"href":"https:\/\/neuvee.com\/pl\/wp-json\/wp\/v2\/product_tag?post=696381"}],"curies":[{"name":"wp","href":"https:\/\/api.w.org\/{rel}","templated":true}]}}