{"id":696377,"date":"2023-10-21T20:19:57","date_gmt":"2023-10-21T20:19:57","guid":{"rendered":"https:\/\/neuvee.com\/?post_type=product&#038;p=696377"},"modified":"2025-05-19T14:08:59","modified_gmt":"2025-05-19T14:08:59","slug":"monster-hunter-world-iceborne-master-edition-deluxe","status":"publish","type":"product","link":"https:\/\/neuvee.com\/pl\/product\/monster-hunter-world-iceborne-master-edition-deluxe\/","title":{"rendered":"MONSTER HUNTER WORLD: ICEBORNE MASTER EDITION DELUXE"},"content":{"rendered":"<p>Cyfrowa Edycja Deluxe rozszerzenia \u201eMonster Hunter World: Iceborne \u2014 Edycja Mistrzowska\u201d to zestaw obejmuj\u0105cy zar\u00f3wno gr\u0119 g\u0142\u00f3wn\u0105, jak i&nbsp;gigantyczne rozszerzenie.<\/p>\n<p>Nowe zadania, potwory, bronie, pancerze, nowa fabu\u0142a oraz&nbsp;odblokowanie zupe\u0142nie nowego \u201epoziomu mistrza\u201d pozwol\u0105 Ci wspi\u0105\u0107 si\u0119 na nowy poziom \u0142owieckich umiej\u0119tno\u015bci!<\/p>\n<p>Zawarto\u015b\u0107 \u201eMonster Hunter World: Iceborne \u2014 Edycja Mistrzowska\u201d:<br \/>\n&#8211; Monster Hunter: World\u201d (gra g\u0142\u00f3wna)<br \/>\n&#8211; Monster Hunter World: Iceborne\u201d (gigantyczne rozszerzenie)<br \/>\n&#8211; Pakiet Deluxe \u201eMonster Hunter World: Iceborne\u201d<br \/>\n   &#8211; Zestaw pancerza warstwowego \u201eSrebrny Rycerz\u201d<br \/>\n   &#8211; 3 gesty<br \/>\n   &#8211; 2 zestawy obrazk\u00f3w<br \/>\n   &#8211; 1 makija\u017c<br \/>\n   &#8211; 1 fryzura<br \/>\n   &#8211; 1 zestaw dekoracji (do personalizacji pokoju)<\/p>\n<p>Pancerz warstwowy zmienia jedynie wygl\u0105d postaci. Nie obejmuje \u017cadnej broni.<\/p>\n<p>Note: Layered armor only changes your character&#8217;s appearance. It does not include any weapons.<\/p>","protected":false},"excerpt":{"rendered":"<p>Cyfrowa Edycja Deluxe rozszerzenia \u201eMonster Hunter World: Iceborne \u2014 Edycja Mistrzowska\u201d to zestaw obejmuj\u0105cy zar\u00f3wno gr\u0119 g\u0142\u00f3wn\u0105, jak i&nbsp;gigantyczne rozszerzenie. Nowe zadania, potwory, bronie, pancerze, nowa fabu\u0142a oraz&nbsp;odblokowanie zupe\u0142nie nowego \u201epoziomu mistrza\u201d pozwol\u0105 Ci wspi\u0105\u0107 si\u0119 na nowy poziom \u0142owieckich umiej\u0119tno\u015bci! Zawarto\u015b\u0107 \u201eMonster Hunter World: Iceborne \u2014 Edycja Mistrzowska\u201d: &#8211; Monster Hunter: World\u201d (gra g\u0142\u00f3wna) [&hellip;]<\/p>\n","protected":false},"featured_media":0,"comment_status":"closed","ping_status":"closed","template":"","meta":{"ub_ctt_via":""},"product_cat":[227,88,127],"product_tag":[218],"class_list":["post-696377","product","type-product","status-publish","hentry","product_cat-action-adventure","product_cat-action","product_cat-adventure","product_tag-games","platform-steam-works"],"_links":{"self":[{"href":"https:\/\/neuvee.com\/pl\/wp-json\/wp\/v2\/product\/696377","targetHints":{"allow":["GET"]}}],"collection":[{"href":"https:\/\/neuvee.com\/pl\/wp-json\/wp\/v2\/product"}],"about":[{"href":"https:\/\/neuvee.com\/pl\/wp-json\/wp\/v2\/types\/product"}],"replies":[{"embeddable":true,"href":"https:\/\/neuvee.com\/pl\/wp-json\/wp\/v2\/comments?post=696377"}],"wp:attachment":[{"href":"https:\/\/neuvee.com\/pl\/wp-json\/wp\/v2\/media?parent=696377"}],"wp:term":[{"taxonomy":"product_cat","embeddable":true,"href":"https:\/\/neuvee.com\/pl\/wp-json\/wp\/v2\/product_cat?post=696377"},{"taxonomy":"product_tag","embeddable":true,"href":"https:\/\/neuvee.com\/pl\/wp-json\/wp\/v2\/product_tag?post=696377"}],"curies":[{"name":"wp","href":"https:\/\/api.w.org\/{rel}","templated":true}]}}