{"id":696375,"date":"2023-10-21T20:18:43","date_gmt":"2023-10-21T20:18:43","guid":{"rendered":"https:\/\/neuvee.com\/?post_type=product&#038;p=696375"},"modified":"2025-05-19T13:41:22","modified_gmt":"2025-05-19T13:41:22","slug":"monster-hunter-world-2","status":"publish","type":"product","link":"https:\/\/neuvee.com\/pl\/product\/monster-hunter-world-2\/","title":{"rendered":"MONSTER HUNTER: WORLD"},"content":{"rendered":"<p>Witaj w nowym \u015bwiecie! Wciel si\u0119 w rol\u0119 \u0142owcy, by zabija\u0107 potwory w \u017cyj\u0105cym, oddychaj\u0105cym ekosystemie, w kt\u00f3rym mo\u017cesz wykorzystywa\u0107 do pomocy elementy krajobrazu oraz&nbsp;mieszka\u0144c\u00f3w tego \u015bwiata. Poluj w pojedynk\u0119 lub&nbsp;wsp\u00f3\u0142pracuj\u0105c nawet z&nbsp;trojgiem innych graczy. Maj\u0105c do dyspozycji surowce z&nbsp;powalonych drzew, mo\u017cesz wytwarza\u0107 nowe uzbrojenie, by pokonywa\u0107 jeszcze wi\u0119ksze i&nbsp;straszniejsze bestie!<\/p>\n<p><\/p>","protected":false},"excerpt":{"rendered":"<p>Witaj w nowym \u015bwiecie! Wciel si\u0119 w rol\u0119 \u0142owcy, by zabija\u0107 potwory w \u017cyj\u0105cym, oddychaj\u0105cym ekosystemie, w kt\u00f3rym mo\u017cesz wykorzystywa\u0107 do pomocy elementy krajobrazu oraz&nbsp;mieszka\u0144c\u00f3w tego \u015bwiata. Poluj w pojedynk\u0119 lub&nbsp;wsp\u00f3\u0142pracuj\u0105c nawet z&nbsp;trojgiem innych graczy. Maj\u0105c do dyspozycji surowce z&nbsp;powalonych drzew, mo\u017cesz wytwarza\u0107 nowe uzbrojenie, by pokonywa\u0107 jeszcze wi\u0119ksze i&nbsp;straszniejsze bestie!<\/p>\n","protected":false},"featured_media":698832,"comment_status":"closed","ping_status":"closed","template":"","meta":{"ub_ctt_via":""},"product_cat":[261,88],"product_tag":[218],"class_list":["post-696375","product","type-product","status-publish","has-post-thumbnail","hentry","product_cat-steam-deck-compatibility-playable","product_cat-action","product_tag-games","platform-steam-works"],"_links":{"self":[{"href":"https:\/\/neuvee.com\/pl\/wp-json\/wp\/v2\/product\/696375","targetHints":{"allow":["GET"]}}],"collection":[{"href":"https:\/\/neuvee.com\/pl\/wp-json\/wp\/v2\/product"}],"about":[{"href":"https:\/\/neuvee.com\/pl\/wp-json\/wp\/v2\/types\/product"}],"replies":[{"embeddable":true,"href":"https:\/\/neuvee.com\/pl\/wp-json\/wp\/v2\/comments?post=696375"}],"wp:featuredmedia":[{"embeddable":true,"href":"https:\/\/neuvee.com\/pl\/wp-json\/wp\/v2\/media\/698832"}],"wp:attachment":[{"href":"https:\/\/neuvee.com\/pl\/wp-json\/wp\/v2\/media?parent=696375"}],"wp:term":[{"taxonomy":"product_cat","embeddable":true,"href":"https:\/\/neuvee.com\/pl\/wp-json\/wp\/v2\/product_cat?post=696375"},{"taxonomy":"product_tag","embeddable":true,"href":"https:\/\/neuvee.com\/pl\/wp-json\/wp\/v2\/product_tag?post=696375"}],"curies":[{"name":"wp","href":"https:\/\/api.w.org\/{rel}","templated":true}]}}