{"id":696370,"date":"2023-10-21T20:16:45","date_gmt":"2023-10-21T20:16:45","guid":{"rendered":"https:\/\/neuvee.com\/?post_type=product&#038;p=696370"},"modified":"2025-05-19T13:48:37","modified_gmt":"2025-05-19T13:48:37","slug":"onimusha-warlords-%e9%ac%bc%e6%ad%a6%e8%80%85","status":"publish","type":"product","link":"https:\/\/neuvee.com\/pl\/product\/onimusha-warlords-%e9%ac%bc%e6%ad%a6%e8%80%85\/","title":{"rendered":"Onimusha: Warlords \/ \u9b3c\u6b66\u8005"},"content":{"rendered":"<p>Powraca klasyczna gra survivalowa osadzona w realiach okresu Sengoku, kt\u00f3ra od premiery w 2001 roku sprzeda\u0142a si\u0119 w 2 milionach egzemplarzy. Ta wersja obs\u0142uguje grafik\u0119 w wy\u017cszej rozdzielczo\u015bci, format szerokoekranowy 16:9 oraz&nbsp;zmodyfikowane opcje sterowania, u\u0142atwiaj\u0105ce walk\u0119 na miecze, kt\u00f3ra tak zachwyci\u0142a graczy z&nbsp;ca\u0142ego \u015bwiata w oryginalnym wydaniu gry.<br \/>\n<\/p>","protected":false},"excerpt":{"rendered":"<p>Powraca klasyczna gra survivalowa osadzona w realiach okresu Sengoku, kt\u00f3ra od premiery w 2001 roku sprzeda\u0142a si\u0119 w 2 milionach egzemplarzy. Ta wersja obs\u0142uguje grafik\u0119 w wy\u017cszej rozdzielczo\u015bci, format szerokoekranowy 16:9 oraz&nbsp;zmodyfikowane opcje sterowania, u\u0142atwiaj\u0105ce walk\u0119 na miecze, kt\u00f3ra tak zachwyci\u0142a graczy z&nbsp;ca\u0142ego \u015bwiata w oryginalnym wydaniu gry.<\/p>\n","protected":false},"featured_media":697439,"comment_status":"closed","ping_status":"closed","template":"","meta":{"ub_ctt_via":""},"product_cat":[88],"product_tag":[218],"class_list":["post-696370","product","type-product","status-publish","has-post-thumbnail","hentry","product_cat-action","product_tag-games","platform-steam-works"],"_links":{"self":[{"href":"https:\/\/neuvee.com\/pl\/wp-json\/wp\/v2\/product\/696370","targetHints":{"allow":["GET"]}}],"collection":[{"href":"https:\/\/neuvee.com\/pl\/wp-json\/wp\/v2\/product"}],"about":[{"href":"https:\/\/neuvee.com\/pl\/wp-json\/wp\/v2\/types\/product"}],"replies":[{"embeddable":true,"href":"https:\/\/neuvee.com\/pl\/wp-json\/wp\/v2\/comments?post=696370"}],"wp:featuredmedia":[{"embeddable":true,"href":"https:\/\/neuvee.com\/pl\/wp-json\/wp\/v2\/media\/697439"}],"wp:attachment":[{"href":"https:\/\/neuvee.com\/pl\/wp-json\/wp\/v2\/media?parent=696370"}],"wp:term":[{"taxonomy":"product_cat","embeddable":true,"href":"https:\/\/neuvee.com\/pl\/wp-json\/wp\/v2\/product_cat?post=696370"},{"taxonomy":"product_tag","embeddable":true,"href":"https:\/\/neuvee.com\/pl\/wp-json\/wp\/v2\/product_tag?post=696370"}],"curies":[{"name":"wp","href":"https:\/\/api.w.org\/{rel}","templated":true}]}}