{"id":696345,"date":"2023-10-21T20:07:19","date_gmt":"2023-10-21T20:07:19","guid":{"rendered":"https:\/\/neuvee.com\/?post_type=product&#038;p=696345"},"modified":"2025-05-19T13:52:26","modified_gmt":"2025-05-19T13:52:26","slug":"phoenix-wright-ace-attorney-trilogy","status":"publish","type":"product","link":"https:\/\/neuvee.com\/pl\/product\/phoenix-wright-ace-attorney-trilogy\/","title":{"rendered":"PHOENIX WRIGHT: ACE ATTORNEY TRILOGY"},"content":{"rendered":"<p>Przedstawiamy klasyczn\u0105 przygodow\u0105 seri\u0119 s\u0105dow\u0105, kt\u00f3ra sprzeda\u0142a si\u0119 na ca\u0142ym \u015bwiecie w ponad 6,7 mln egzemplarzy. Wciel si\u0119 w posta\u0107 Phoenixa Wrighta i&nbsp;poczuj dreszczyk emocji, walcz\u0105c przed s\u0105dem w obronie niewinnych klient\u00f3w. Rozegraj wszystkie 14 odcink\u00f3w z&nbsp;pierwszych trzech gier dost\u0119pnych w ramach tej wyj\u0105tkowej kolekcji. Rozwi\u0105zuj zagadki zwi\u0105zane z&nbsp;ka\u017cd\u0105 ze spraw i&nbsp;przekonaj si\u0119 na w\u0142asne oczy, co jest prawd\u0105!<\/p>\n<p>Uwaga: obs\u0142uga j\u0119zyk\u00f3w francuskiego i&nbsp;niemieckiego  w grze ma wed\u0142ug plan\u00f3w zosta\u0107 dodana w ramach aktualizacji po dacie premiery.<\/p>\n<p><\/p>","protected":false},"excerpt":{"rendered":"<p>Przedstawiamy klasyczn\u0105 przygodow\u0105 seri\u0119 s\u0105dow\u0105, kt\u00f3ra sprzeda\u0142a si\u0119 na ca\u0142ym \u015bwiecie w ponad 6,7 mln egzemplarzy. Wciel si\u0119 w posta\u0107 Phoenixa Wrighta i&nbsp;poczuj dreszczyk emocji, walcz\u0105c przed s\u0105dem w obronie niewinnych klient\u00f3w. Rozegraj wszystkie 14 odcink\u00f3w z&nbsp;pierwszych trzech gier dost\u0119pnych w ramach tej wyj\u0105tkowej kolekcji. Rozwi\u0105zuj zagadki zwi\u0105zane z&nbsp;ka\u017cd\u0105 ze spraw i&nbsp;przekonaj si\u0119 na w\u0142asne [&hellip;]<\/p>\n","protected":false},"featured_media":698023,"comment_status":"closed","ping_status":"closed","template":"","meta":{"ub_ctt_via":""},"product_cat":[261,127],"product_tag":[218,282],"class_list":["post-696345","product","type-product","status-publish","has-post-thumbnail","hentry","product_cat-steam-deck-compatibility-playable","product_cat-adventure","product_tag-games","product_tag-capcom-promo","platform-steam-works"],"_links":{"self":[{"href":"https:\/\/neuvee.com\/pl\/wp-json\/wp\/v2\/product\/696345","targetHints":{"allow":["GET"]}}],"collection":[{"href":"https:\/\/neuvee.com\/pl\/wp-json\/wp\/v2\/product"}],"about":[{"href":"https:\/\/neuvee.com\/pl\/wp-json\/wp\/v2\/types\/product"}],"replies":[{"embeddable":true,"href":"https:\/\/neuvee.com\/pl\/wp-json\/wp\/v2\/comments?post=696345"}],"wp:featuredmedia":[{"embeddable":true,"href":"https:\/\/neuvee.com\/pl\/wp-json\/wp\/v2\/media\/698023"}],"wp:attachment":[{"href":"https:\/\/neuvee.com\/pl\/wp-json\/wp\/v2\/media?parent=696345"}],"wp:term":[{"taxonomy":"product_cat","embeddable":true,"href":"https:\/\/neuvee.com\/pl\/wp-json\/wp\/v2\/product_cat?post=696345"},{"taxonomy":"product_tag","embeddable":true,"href":"https:\/\/neuvee.com\/pl\/wp-json\/wp\/v2\/product_tag?post=696345"}],"curies":[{"name":"wp","href":"https:\/\/api.w.org\/{rel}","templated":true}]}}