{"id":696344,"date":"2023-10-21T20:07:00","date_gmt":"2023-10-21T20:07:00","guid":{"rendered":"https:\/\/neuvee.com\/?post_type=product&#038;p=696344"},"modified":"2025-05-19T14:27:39","modified_gmt":"2025-05-19T14:27:39","slug":"railroads-online","status":"publish","type":"product","link":"https:\/\/neuvee.com\/pl\/product\/railroads-online\/","title":{"rendered":"RAILROADS ONLINE!"},"content":{"rendered":"<p>Railroads Online &#8211; Zbuduj i&nbsp;prowad\u017a swoj\u0105 wymarzon\u0105 lini\u0119 kolejow\u0105 przez ogromny otwarty \u015bwiat!<br \/>\nGraj w ekscytuj\u0105ce sesje wieloosobowe online ze znajomymi lub&nbsp;stw\u00f3rz w\u0142asne do\u015bwiadczenie dla jednego gracza!<br \/>\nBuduj tory, zwrotnice, obrotnice, koz\u0142y i&nbsp;nie tylko, aby przemierza\u0107 lasy, samoloty, rzeki i&nbsp;kaniony.<br \/>\nBuduj stacje, place i&nbsp;inn\u0105 infrastruktur\u0119 wzd\u0142u\u017c swoich tras, aby obs\u0142ugiwa\u0107 poci\u0105gi paliwem, wod\u0105 i&nbsp;piaskiem.<br \/>\nWejd\u017a w interakcj\u0119 z&nbsp;regulatorami, zaworami, hamulcami, z\u0142\u0105czami i&nbsp;wieloma innymi funkcjami w pierwszej osobie, aby prowadzi\u0107 pojazdy.<br \/>\nTransportuj towary, takie jak k\u0142ody, rudy, w\u0119giel, ropa i&nbsp;r\u00f3\u017cne inne \u0142adunki dla wielu r\u00f3\u017cnych bran\u017c, aby zarobi\u0107 kapita\u0142.<br \/>\nInwestuj, ulepszaj i&nbsp;dostosowuj sw\u00f3j tabor i&nbsp;trasy.<br \/>\nCiesz si\u0119 realistycznym systemem fizyki kolei: Railroads Online wykorzystuje zaawansowany system fizyki UnrealEngine, aby uzyska\u0107 bardzo realistyczne wra\u017cenia z&nbsp;jazdy na kolei.<br \/>\nNadaje si\u0119 zar\u00f3wno dla znajomych z&nbsp;arkadami, jak i&nbsp;symulatorami!<\/p>\n<p><\/p>","protected":false},"excerpt":{"rendered":"<p>Railroads Online &#8211; Zbuduj i&nbsp;prowad\u017a swoj\u0105 wymarzon\u0105 lini\u0119 kolejow\u0105 przez ogromny otwarty \u015bwiat! Graj w ekscytuj\u0105ce sesje wieloosobowe online ze znajomymi lub&nbsp;stw\u00f3rz w\u0142asne do\u015bwiadczenie dla jednego gracza! Buduj tory, zwrotnice, obrotnice, koz\u0142y i&nbsp;nie tylko, aby przemierza\u0107 lasy, samoloty, rzeki i&nbsp;kaniony. Buduj stacje, place i&nbsp;inn\u0105 infrastruktur\u0119 wzd\u0142u\u017c swoich tras, aby obs\u0142ugiwa\u0107 poci\u0105gi paliwem, wod\u0105 i&nbsp;piaskiem. Wejd\u017a [&hellip;]<\/p>\n","protected":false},"featured_media":696522,"comment_status":"closed","ping_status":"closed","template":"","meta":{"ub_ctt_via":""},"product_cat":[229,221,78],"product_tag":[218],"class_list":["post-696344","product","type-product","status-publish","has-post-thumbnail","hentry","product_cat-early-access","product_cat-indie","product_cat-simulation","product_tag-games","platform-steam-works"],"_links":{"self":[{"href":"https:\/\/neuvee.com\/pl\/wp-json\/wp\/v2\/product\/696344","targetHints":{"allow":["GET"]}}],"collection":[{"href":"https:\/\/neuvee.com\/pl\/wp-json\/wp\/v2\/product"}],"about":[{"href":"https:\/\/neuvee.com\/pl\/wp-json\/wp\/v2\/types\/product"}],"replies":[{"embeddable":true,"href":"https:\/\/neuvee.com\/pl\/wp-json\/wp\/v2\/comments?post=696344"}],"wp:featuredmedia":[{"embeddable":true,"href":"https:\/\/neuvee.com\/pl\/wp-json\/wp\/v2\/media\/696522"}],"wp:attachment":[{"href":"https:\/\/neuvee.com\/pl\/wp-json\/wp\/v2\/media?parent=696344"}],"wp:term":[{"taxonomy":"product_cat","embeddable":true,"href":"https:\/\/neuvee.com\/pl\/wp-json\/wp\/v2\/product_cat?post=696344"},{"taxonomy":"product_tag","embeddable":true,"href":"https:\/\/neuvee.com\/pl\/wp-json\/wp\/v2\/product_tag?post=696344"}],"curies":[{"name":"wp","href":"https:\/\/api.w.org\/{rel}","templated":true}]}}