{"id":696334,"date":"2023-10-21T20:04:42","date_gmt":"2023-10-21T20:04:42","guid":{"rendered":"https:\/\/neuvee.com\/?post_type=product&#038;p=696334"},"modified":"2025-05-19T14:08:04","modified_gmt":"2025-05-19T14:08:04","slug":"resident-evil-2-biohazard-re2-2","status":"publish","type":"product","link":"https:\/\/neuvee.com\/pl\/product\/resident-evil-2-biohazard-re2-2\/","title":{"rendered":"RESIDENT EVIL 2 \/ BIOHAZARD RE:2"},"content":{"rendered":"<p>Wydana w 1998 r. gra Resident Evil 2, jeden z&nbsp;najbardziej kultowych tytu\u0142\u00f3w wszechczas\u00f3w, wraca w pe\u0142ni od\u015bwie\u017conej wersji na konsole nowej generacji.<\/p>\n<p>Rozegraj osobne kampanie jako Leon Kennedy lub&nbsp;Claire Redfield, przemierzaj\u0105c opanowane przez zombie obszary Raccoon City w zupe\u0142nie nowym widoku z&nbsp;perspektywy trzeciej osoby. Wszystko zosta\u0142o zbudowane od nowa z&nbsp;u\u017cyciem silnika RE Engine firmy Capcom. Nowe \u0142amig\u0142\u00f3wki, linie fabularne i&nbsp;miejsca, w kt\u00f3rych zar\u00f3wno nowi, jak i&nbsp;do\u015bwiadczeni fani znajd\u0105 nowe przera\u017caj\u0105ce niespodzianki!<\/p>\n<p><\/p>","protected":false},"excerpt":{"rendered":"<p>Wydana w 1998 r. gra Resident Evil 2, jeden z&nbsp;najbardziej kultowych tytu\u0142\u00f3w wszechczas\u00f3w, wraca w pe\u0142ni od\u015bwie\u017conej wersji na konsole nowej generacji. Rozegraj osobne kampanie jako Leon Kennedy lub&nbsp;Claire Redfield, przemierzaj\u0105c opanowane przez zombie obszary Raccoon City w zupe\u0142nie nowym widoku z&nbsp;perspektywy trzeciej osoby. Wszystko zosta\u0142o zbudowane od nowa z&nbsp;u\u017cyciem silnika RE Engine firmy Capcom. [&hellip;]<\/p>\n","protected":false},"featured_media":698899,"comment_status":"closed","ping_status":"closed","template":"","meta":{"ub_ctt_via":""},"product_cat":[262,88],"product_tag":[218],"class_list":["post-696334","product","type-product","status-publish","has-post-thumbnail","hentry","product_cat-steam-deck-compatibility-verified","product_cat-action","product_tag-games","platform-steam-works"],"_links":{"self":[{"href":"https:\/\/neuvee.com\/pl\/wp-json\/wp\/v2\/product\/696334","targetHints":{"allow":["GET"]}}],"collection":[{"href":"https:\/\/neuvee.com\/pl\/wp-json\/wp\/v2\/product"}],"about":[{"href":"https:\/\/neuvee.com\/pl\/wp-json\/wp\/v2\/types\/product"}],"replies":[{"embeddable":true,"href":"https:\/\/neuvee.com\/pl\/wp-json\/wp\/v2\/comments?post=696334"}],"wp:featuredmedia":[{"embeddable":true,"href":"https:\/\/neuvee.com\/pl\/wp-json\/wp\/v2\/media\/698899"}],"wp:attachment":[{"href":"https:\/\/neuvee.com\/pl\/wp-json\/wp\/v2\/media?parent=696334"}],"wp:term":[{"taxonomy":"product_cat","embeddable":true,"href":"https:\/\/neuvee.com\/pl\/wp-json\/wp\/v2\/product_cat?post=696334"},{"taxonomy":"product_tag","embeddable":true,"href":"https:\/\/neuvee.com\/pl\/wp-json\/wp\/v2\/product_tag?post=696334"}],"curies":[{"name":"wp","href":"https:\/\/api.w.org\/{rel}","templated":true}]}}