{"id":696330,"date":"2023-10-21T20:03:33","date_gmt":"2023-10-21T20:03:33","guid":{"rendered":"https:\/\/neuvee.com\/?post_type=product&#038;p=696330"},"modified":"2025-05-19T14:27:37","modified_gmt":"2025-05-19T14:27:37","slug":"resident-evil-2-biohazard-re2-deluxe-edition","status":"publish","type":"product","link":"https:\/\/neuvee.com\/pl\/product\/resident-evil-2-biohazard-re2-deluxe-edition\/","title":{"rendered":"RESIDENT EVIL 2 \/ BIOHAZARD RE:2 &#8211; DELUXE EDITION"},"content":{"rendered":"<p>*Wersja Deluxe Edition zawiera g\u0142\u00f3wn\u0105 gr\u0119, a&nbsp;tak\u017ce:*<br \/>\n&#8211; Str\u00f3j Leona: \u201eSzeryf Arklay\u201d<br \/>\n&#8211; Str\u00f3j Leona: \u201eNoir\u201d<br \/>\n&#8211; Str\u00f3j Claire: \u201eWojskowy\u201d<br \/>\n&#8211; Str\u00f3j Claire: \u201eNoir\u201d<br \/>\n&#8211; Str\u00f3j Claire: \u201eElza Walker\u201d<br \/>\n&#8211; Bro\u0144 Deluxe: \u201eMiecz samurajski \u2014 model Albert\u201d<br \/>\n&#8211; Zamiana \u015bcie\u017cki d\u017awi\u0119kowej \u201eWersja oryginalna\u201d<\/p>\n<p>Wydana w 1998 r. gra Resident Evil 2, jeden z&nbsp;najbardziej kultowych tytu\u0142\u00f3w wszechczas\u00f3w, wraca w pe\u0142ni od\u015bwie\u017conej wersji na konsole nowej generacji.<\/p>\n<p>Rozegraj osobne kampanie jako Leon Kennedy lub&nbsp;Claire Redfield, przemierzaj\u0105c opanowane przez zombie obszary Raccoon City w zupe\u0142nie nowym widoku z&nbsp;perspektywy trzeciej osoby. Wszystko zosta\u0142o zbudowane od nowa z&nbsp;u\u017cyciem silnika RE Engine firmy Capcom. Nowe \u0142amig\u0142\u00f3wki, linie fabularne i&nbsp;miejsca, w kt\u00f3rych zar\u00f3wno nowi, jak i&nbsp;do\u015bwiadczeni fani znajd\u0105 nowe przera\u017caj\u0105ce niespodzianki!<\/p>\n<p><\/p>","protected":false},"excerpt":{"rendered":"<p>*Wersja Deluxe Edition zawiera g\u0142\u00f3wn\u0105 gr\u0119, a&nbsp;tak\u017ce:* &#8211; Str\u00f3j Leona: \u201eSzeryf Arklay\u201d &#8211; Str\u00f3j Leona: \u201eNoir\u201d &#8211; Str\u00f3j Claire: \u201eWojskowy\u201d &#8211; Str\u00f3j Claire: \u201eNoir\u201d &#8211; Str\u00f3j Claire: \u201eElza Walker\u201d &#8211; Bro\u0144 Deluxe: \u201eMiecz samurajski \u2014 model Albert\u201d &#8211; Zamiana \u015bcie\u017cki d\u017awi\u0119kowej \u201eWersja oryginalna\u201d Wydana w 1998 r. gra Resident Evil 2, jeden z&nbsp;najbardziej kultowych tytu\u0142\u00f3w [&hellip;]<\/p>\n","protected":false},"featured_media":0,"comment_status":"closed","ping_status":"closed","template":"","meta":{"ub_ctt_via":""},"product_cat":[262,88],"product_tag":[218],"class_list":["post-696330","product","type-product","status-publish","hentry","product_cat-steam-deck-compatibility-verified","product_cat-action","product_tag-games","platform-steam-works"],"_links":{"self":[{"href":"https:\/\/neuvee.com\/pl\/wp-json\/wp\/v2\/product\/696330","targetHints":{"allow":["GET"]}}],"collection":[{"href":"https:\/\/neuvee.com\/pl\/wp-json\/wp\/v2\/product"}],"about":[{"href":"https:\/\/neuvee.com\/pl\/wp-json\/wp\/v2\/types\/product"}],"replies":[{"embeddable":true,"href":"https:\/\/neuvee.com\/pl\/wp-json\/wp\/v2\/comments?post=696330"}],"wp:attachment":[{"href":"https:\/\/neuvee.com\/pl\/wp-json\/wp\/v2\/media?parent=696330"}],"wp:term":[{"taxonomy":"product_cat","embeddable":true,"href":"https:\/\/neuvee.com\/pl\/wp-json\/wp\/v2\/product_cat?post=696330"},{"taxonomy":"product_tag","embeddable":true,"href":"https:\/\/neuvee.com\/pl\/wp-json\/wp\/v2\/product_tag?post=696330"}],"curies":[{"name":"wp","href":"https:\/\/api.w.org\/{rel}","templated":true}]}}