{"id":696266,"date":"2023-10-21T19:52:55","date_gmt":"2023-10-21T19:52:55","guid":{"rendered":"https:\/\/neuvee.com\/?post_type=product&#038;p=696266"},"modified":"2025-05-19T14:31:39","modified_gmt":"2025-05-19T14:31:39","slug":"resident-evil-4-separate-ways","status":"publish","type":"product","link":"https:\/\/neuvee.com\/pl\/product\/resident-evil-4-separate-ways\/","title":{"rendered":"RESIDENT EVIL 4 &#8211; SEPARATE WAYS"},"content":{"rendered":"<p>Uwaga: Wymaga gry Resident Evil 4 (2023). Przed rozpocz\u0119ciem rozgrywki zaktualizuj gr\u0119 do najnowszej wersji.<\/p>\n<p>Ta misja wymaga\u0142a absolutnej dyskrecji. Pora\u017cka nie wchodzi\u0142a w gr\u0119.<\/p>\n<p>Zanim w tej przekl\u0119tej wiosce zjawi\u0142 si\u0119 kt\u00f3rykolwiek z&nbsp;ameryka\u0144skich agent\u00f3w, ta kobieta ju\u017c tam by\u0142a. Na czym polega\u0142o jej zadanie? Uzyska\u0107 dost\u0119p do najmroczniejszej tajemnicy sekty: Bursztynu. <\/p>\n<p>Separate Ways \u2014 brakuj\u0105ce ogniwo g\u0142\u00f3wnej kampanii \u2014 to ekscytuj\u0105ca przygoda w stylu survival horroru z&nbsp;Ad\u0105 Wong w roli g\u0142\u00f3wnej. Dostrze\u017c drug\u0105 stron\u0119 opowie\u015bci jej oczami i&nbsp;zobacz, jak jej misja oraz&nbsp;przeznaczenie po raz drugi przeplataj\u0105 si\u0119 z&nbsp;losami Leona Kennedy\u2019ego.<\/p>\n<p><\/p>","protected":false},"excerpt":{"rendered":"<p>Uwaga: Wymaga gry Resident Evil 4 (2023). Przed rozpocz\u0119ciem rozgrywki zaktualizuj gr\u0119 do najnowszej wersji. Ta misja wymaga\u0142a absolutnej dyskrecji. Pora\u017cka nie wchodzi\u0142a w gr\u0119. Zanim w tej przekl\u0119tej wiosce zjawi\u0142 si\u0119 kt\u00f3rykolwiek z&nbsp;ameryka\u0144skich agent\u00f3w, ta kobieta ju\u017c tam by\u0142a. Na czym polega\u0142o jej zadanie? Uzyska\u0107 dost\u0119p do najmroczniejszej tajemnicy sekty: Bursztynu. Separate Ways \u2014 [&hellip;]<\/p>\n","protected":false},"featured_media":696657,"comment_status":"closed","ping_status":"closed","template":"","meta":{"ub_ctt_via":""},"product_cat":[88,127],"product_tag":[218],"class_list":["post-696266","product","type-product","status-publish","has-post-thumbnail","hentry","product_cat-action","product_cat-adventure","product_tag-games","platform-steam-works"],"_links":{"self":[{"href":"https:\/\/neuvee.com\/pl\/wp-json\/wp\/v2\/product\/696266","targetHints":{"allow":["GET"]}}],"collection":[{"href":"https:\/\/neuvee.com\/pl\/wp-json\/wp\/v2\/product"}],"about":[{"href":"https:\/\/neuvee.com\/pl\/wp-json\/wp\/v2\/types\/product"}],"replies":[{"embeddable":true,"href":"https:\/\/neuvee.com\/pl\/wp-json\/wp\/v2\/comments?post=696266"}],"wp:featuredmedia":[{"embeddable":true,"href":"https:\/\/neuvee.com\/pl\/wp-json\/wp\/v2\/media\/696657"}],"wp:attachment":[{"href":"https:\/\/neuvee.com\/pl\/wp-json\/wp\/v2\/media?parent=696266"}],"wp:term":[{"taxonomy":"product_cat","embeddable":true,"href":"https:\/\/neuvee.com\/pl\/wp-json\/wp\/v2\/product_cat?post=696266"},{"taxonomy":"product_tag","embeddable":true,"href":"https:\/\/neuvee.com\/pl\/wp-json\/wp\/v2\/product_tag?post=696266"}],"curies":[{"name":"wp","href":"https:\/\/api.w.org\/{rel}","templated":true}]}}