{"id":696260,"date":"2023-10-21T19:51:24","date_gmt":"2023-10-21T19:51:24","guid":{"rendered":"https:\/\/neuvee.com\/?post_type=product&#038;p=696260"},"modified":"2025-05-19T13:42:57","modified_gmt":"2025-05-19T13:42:57","slug":"resident-evil-4-deluxe-edition-4","status":"publish","type":"product","link":"https:\/\/neuvee.com\/pl\/product\/resident-evil-4-deluxe-edition-4\/","title":{"rendered":"RESIDENT EVIL 4 DELUXE EDITION"},"content":{"rendered":"<p>Wydanie Deluxe Edition zawiera podstawow\u0105 wersj\u0119 gry oraz&nbsp;pakiet Extra DLC Pack obejmuj\u0105cy nast\u0119puj\u0105ce elementy:<br \/>\n&#8211; kostiumy Leona i&nbsp;Ashley: \u201eNieformalne\u201d.<br \/>\n&#8211; Kostiumy Leona i&nbsp;Ashley: \u201eRomantic\u201d.<br \/>\n&#8211; Kostium i&nbsp;filtr Leona: \u201eBohater\u201d.<br \/>\n&#8211; Kostium i&nbsp;filtr Leona: \u201eZ\u0142oczy\u0144ca\u201d.<br \/>\n&#8211; Akcesorium Leona: \u201eOkulary (sportowe)\u201d.<br \/>\n&#8211; Bro\u0144 deluxe: \u201eSentinel Nine\u201d.<br \/>\n&#8211; Bro\u0144 deluxe: \u201eSkull Shaker\u201d.<br \/>\n&#8211; Oryginalna \u015bcie\u017cka d\u017awi\u0119kowa.<br \/>\n&#8211; Mapa skarb\u00f3w: rozszerzenie.<\/p>\n<p>Przetrwanie to dopiero pocz\u0105tek.<\/p>\n<p>Od katastrofy biologicznej w Raccoon City min\u0119\u0142o sze\u015b\u0107 lat. Agent Leon S. Kennedy, jeden z&nbsp;ocala\u0142ych, zostaje wys\u0142any na misj\u0119 polegaj\u0105c\u0105 na uratowaniu porwanej c\u00f3rki prezydenta. Pod\u0105\u017caj\u0105c tropem dziewczyny, trafia do odludnej europejskiej wioski zamieszka\u0142ej przez niezwykle podejrzanych, upiornych ludzi. Poznaj opowie\u015b\u0107 o&nbsp;odwa\u017cnej akcji ratunkowej i&nbsp;wyczerpuj\u0105cym przera\u017ceniu, w kt\u00f3rej przeplataj\u0105 si\u0119 tematy \u017cycia, \u015bmierci, strachu i&nbsp;duchowego oczyszczenia.<\/p>\n<p>Dzi\u0119ki zmodernizowanej rozgrywce, wyobra\u017conej na nowo fabule i&nbsp;\u017cywej, szczeg\u00f3\u0142owej grafice Resident Evil 4 stanowi odrodzenie jednej z&nbsp;najbardziej znanych serii gier w bran\u017cy.<\/p>\n<p>Jeszcze raz prze\u017cyj koszmar, kt\u00f3ry zrewolucjonizowa\u0142 gatunek survival horroru.<\/p>\n<p><\/p>","protected":false},"excerpt":{"rendered":"<p>Wydanie Deluxe Edition zawiera podstawow\u0105 wersj\u0119 gry oraz&nbsp;pakiet Extra DLC Pack obejmuj\u0105cy nast\u0119puj\u0105ce elementy: &#8211; kostiumy Leona i&nbsp;Ashley: \u201eNieformalne\u201d. &#8211; Kostiumy Leona i&nbsp;Ashley: \u201eRomantic\u201d. &#8211; Kostium i&nbsp;filtr Leona: \u201eBohater\u201d. &#8211; Kostium i&nbsp;filtr Leona: \u201eZ\u0142oczy\u0144ca\u201d. &#8211; Akcesorium Leona: \u201eOkulary (sportowe)\u201d. &#8211; Bro\u0144 deluxe: \u201eSentinel Nine\u201d. &#8211; Bro\u0144 deluxe: \u201eSkull Shaker\u201d. &#8211; Oryginalna \u015bcie\u017cka d\u017awi\u0119kowa. &#8211; Mapa [&hellip;]<\/p>\n","protected":false},"featured_media":696637,"comment_status":"closed","ping_status":"closed","template":"","meta":{"ub_ctt_via":""},"product_cat":[262,88,127],"product_tag":[218],"class_list":["post-696260","product","type-product","status-publish","has-post-thumbnail","hentry","product_cat-steam-deck-compatibility-verified","product_cat-action","product_cat-adventure","product_tag-games","platform-steam-works"],"_links":{"self":[{"href":"https:\/\/neuvee.com\/pl\/wp-json\/wp\/v2\/product\/696260","targetHints":{"allow":["GET"]}}],"collection":[{"href":"https:\/\/neuvee.com\/pl\/wp-json\/wp\/v2\/product"}],"about":[{"href":"https:\/\/neuvee.com\/pl\/wp-json\/wp\/v2\/types\/product"}],"replies":[{"embeddable":true,"href":"https:\/\/neuvee.com\/pl\/wp-json\/wp\/v2\/comments?post=696260"}],"wp:featuredmedia":[{"embeddable":true,"href":"https:\/\/neuvee.com\/pl\/wp-json\/wp\/v2\/media\/696637"}],"wp:attachment":[{"href":"https:\/\/neuvee.com\/pl\/wp-json\/wp\/v2\/media?parent=696260"}],"wp:term":[{"taxonomy":"product_cat","embeddable":true,"href":"https:\/\/neuvee.com\/pl\/wp-json\/wp\/v2\/product_cat?post=696260"},{"taxonomy":"product_tag","embeddable":true,"href":"https:\/\/neuvee.com\/pl\/wp-json\/wp\/v2\/product_tag?post=696260"}],"curies":[{"name":"wp","href":"https:\/\/api.w.org\/{rel}","templated":true}]}}