{"id":696183,"date":"2023-10-21T19:39:32","date_gmt":"2023-10-21T19:39:32","guid":{"rendered":"https:\/\/neuvee.com\/?post_type=product&#038;p=696183"},"modified":"2025-05-19T13:56:03","modified_gmt":"2025-05-19T13:56:03","slug":"resident-evil-village-launch","status":"publish","type":"product","link":"https:\/\/neuvee.com\/pl\/product\/resident-evil-village-launch\/","title":{"rendered":"RESIDENT EVIL VILLAGE &#8211; LAUNCH"},"content":{"rendered":"<p>Oto survival horror, jakiego jeszcze nie by\u0142o \u2014 \u00f3sma g\u0142\u00f3wna ods\u0142ona legendarnej serii Resident Evil, czyli&nbsp;Resident Evil Village.<\/p>\n<p>Akcja dzieje si\u0119 kilka lat po straszliwych wydarzeniach z&nbsp;uznanego przez krytyk\u00f3w Resident Evil 7 Biohazard. Zupe\u0142nie nowa opowie\u015b\u0107 rozpoczyna si\u0119, gdy Ethan Winters wraz z&nbsp;\u017con\u0105 Mi\u0105 \u017cyj\u0105 sobie spokojnie w nowym miejscu, wolni od koszmaru przesz\u0142o\u015bci. Gdy buduj\u0105 wsp\u00f3lne \u017cycie, ponownie spada na nich tragedia.<\/p>\n<p>Zawarto\u015b\u0107 zestawu:<br \/>\n\u2022 Resident Evil Village<br \/>\n\u2022 Resident Evil Re:Verse<\/p>\n<p>Szczeg\u00f3\u0142y dotycz\u0105ce terminarza obs\u0142ugi gry Resident Evil Re:Verse, takie jak data udost\u0119pnienia i&nbsp;wszelkie powiadomienia dotycz\u0105ce zako\u0144czenia obs\u0142ugi tego tytu\u0142u mo\u017cna znale\u017a\u0107 w oficjalnej witrynie:<\/p>\n<p>https:\/\/www.residentevil.com\/reverse\/<\/p>\n<p>Uwaga: w zale\u017cno\u015bci od daty zakupu tytu\u0142u Resident Evil Village, gra Resident Evil Re:Verse mo\u017ce by\u0107 ju\u017c niedost\u0119pna i\/lub mo\u017ce ona by\u0107 udost\u0119pniana w przysz\u0142o\u015bci w inny spos\u00f3b.<\/p>\n<p><\/p>","protected":false},"excerpt":{"rendered":"<p>Oto survival horror, jakiego jeszcze nie by\u0142o \u2014 \u00f3sma g\u0142\u00f3wna ods\u0142ona legendarnej serii Resident Evil, czyli&nbsp;Resident Evil Village. Akcja dzieje si\u0119 kilka lat po straszliwych wydarzeniach z&nbsp;uznanego przez krytyk\u00f3w Resident Evil 7 Biohazard. Zupe\u0142nie nowa opowie\u015b\u0107 rozpoczyna si\u0119, gdy Ethan Winters wraz z&nbsp;\u017con\u0105 Mi\u0105 \u017cyj\u0105 sobie spokojnie w nowym miejscu, wolni od koszmaru przesz\u0142o\u015bci. Gdy [&hellip;]<\/p>\n","protected":false},"featured_media":696213,"comment_status":"closed","ping_status":"closed","template":"","meta":{"ub_ctt_via":""},"product_cat":[258,262],"product_tag":[218],"class_list":["post-696183","product","type-product","status-publish","has-post-thumbnail","hentry","product_cat-horror","product_cat-steam-deck-compatibility-verified","product_tag-games","platform-steam-works"],"_links":{"self":[{"href":"https:\/\/neuvee.com\/pl\/wp-json\/wp\/v2\/product\/696183","targetHints":{"allow":["GET"]}}],"collection":[{"href":"https:\/\/neuvee.com\/pl\/wp-json\/wp\/v2\/product"}],"about":[{"href":"https:\/\/neuvee.com\/pl\/wp-json\/wp\/v2\/types\/product"}],"replies":[{"embeddable":true,"href":"https:\/\/neuvee.com\/pl\/wp-json\/wp\/v2\/comments?post=696183"}],"wp:featuredmedia":[{"embeddable":true,"href":"https:\/\/neuvee.com\/pl\/wp-json\/wp\/v2\/media\/696213"}],"wp:attachment":[{"href":"https:\/\/neuvee.com\/pl\/wp-json\/wp\/v2\/media?parent=696183"}],"wp:term":[{"taxonomy":"product_cat","embeddable":true,"href":"https:\/\/neuvee.com\/pl\/wp-json\/wp\/v2\/product_cat?post=696183"},{"taxonomy":"product_tag","embeddable":true,"href":"https:\/\/neuvee.com\/pl\/wp-json\/wp\/v2\/product_tag?post=696183"}],"curies":[{"name":"wp","href":"https:\/\/api.w.org\/{rel}","templated":true}]}}