{"id":696181,"date":"2023-10-21T19:38:45","date_gmt":"2023-10-21T19:38:45","guid":{"rendered":"https:\/\/neuvee.com\/?post_type=product&#038;p=696181"},"modified":"2025-05-19T14:00:50","modified_gmt":"2025-05-19T14:00:50","slug":"resident-evil-village-winters-expansion","status":"publish","type":"product","link":"https:\/\/neuvee.com\/pl\/product\/resident-evil-village-winters-expansion\/","title":{"rendered":"RESIDENT EVIL VILLAGE &#8211; WINTERS\u2019 EXPANSION"},"content":{"rendered":"<p>Uwaga: ta zawarto\u015b\u0107 jest r\u00f3wnie\u017c dost\u0119pna jako cz\u0119\u015b\u0107 Resident Evil: Village Gold Edition. Uwa\u017caj, aby nie powiela\u0107 swoich zakup\u00f3w.<br \/>\nPoznaj zupe\u0142nie now\u0105 dodatkow\u0105 tre\u015b\u0107 do nagradzanego arcydzie\u0142a wsp\u00f3\u0142czesnego horroru Resident Evil: Village:<\/p>\n<p>&#8211; Third Person Mode: Prze\u017cyj g\u0142\u00f3wn\u0105 histori\u0119 z&nbsp;zupe\u0142nie nowej perspektywy.<\/p>\n<p>&#8211; The Mercenaries Additional Orders: Do walki do\u0142\u0105czaj\u0105 trzy nowe postacie, w tym pos\u0105gowa Lady Dimitrescu, kt\u00f3r\u0105 po raz pierwszy mo\u017cna kontrolowa\u0107.<\/p>\n<p>&#8211; Shadows of Rose: nowy scenariusz z&nbsp;doros\u0142\u0105 Rose, ukochan\u0105 c\u00f3rk\u0105 Ethana, kt\u00f3ra zosta\u0142a porwana jako dziecko, a&nbsp;to zapocz\u0105tkowa\u0142o oryginaln\u0105 histori\u0119 Village.<\/p>\n<p><\/p>","protected":false},"excerpt":{"rendered":"<p>Uwaga: ta zawarto\u015b\u0107 jest r\u00f3wnie\u017c dost\u0119pna jako cz\u0119\u015b\u0107 Resident Evil: Village Gold Edition. Uwa\u017caj, aby nie powiela\u0107 swoich zakup\u00f3w. Poznaj zupe\u0142nie now\u0105 dodatkow\u0105 tre\u015b\u0107 do nagradzanego arcydzie\u0142a wsp\u00f3\u0142czesnego horroru Resident Evil: Village: &#8211; Third Person Mode: Prze\u017cyj g\u0142\u00f3wn\u0105 histori\u0119 z&nbsp;zupe\u0142nie nowej perspektywy. &#8211; The Mercenaries Additional Orders: Do walki do\u0142\u0105czaj\u0105 trzy nowe postacie, w tym [&hellip;]<\/p>\n","protected":false},"featured_media":697850,"comment_status":"closed","ping_status":"closed","template":"","meta":{"ub_ctt_via":""},"product_cat":[88],"product_tag":[218],"class_list":["post-696181","product","type-product","status-publish","has-post-thumbnail","hentry","product_cat-action","product_tag-games","platform-steam-works"],"_links":{"self":[{"href":"https:\/\/neuvee.com\/pl\/wp-json\/wp\/v2\/product\/696181","targetHints":{"allow":["GET"]}}],"collection":[{"href":"https:\/\/neuvee.com\/pl\/wp-json\/wp\/v2\/product"}],"about":[{"href":"https:\/\/neuvee.com\/pl\/wp-json\/wp\/v2\/types\/product"}],"replies":[{"embeddable":true,"href":"https:\/\/neuvee.com\/pl\/wp-json\/wp\/v2\/comments?post=696181"}],"wp:featuredmedia":[{"embeddable":true,"href":"https:\/\/neuvee.com\/pl\/wp-json\/wp\/v2\/media\/697850"}],"wp:attachment":[{"href":"https:\/\/neuvee.com\/pl\/wp-json\/wp\/v2\/media?parent=696181"}],"wp:term":[{"taxonomy":"product_cat","embeddable":true,"href":"https:\/\/neuvee.com\/pl\/wp-json\/wp\/v2\/product_cat?post=696181"},{"taxonomy":"product_tag","embeddable":true,"href":"https:\/\/neuvee.com\/pl\/wp-json\/wp\/v2\/product_tag?post=696181"}],"curies":[{"name":"wp","href":"https:\/\/api.w.org\/{rel}","templated":true}]}}