{"id":696160,"date":"2023-10-21T19:32:47","date_gmt":"2023-10-21T19:32:47","guid":{"rendered":"https:\/\/neuvee.com\/?post_type=product&#038;p=696160"},"modified":"2025-05-19T14:22:42","modified_gmt":"2025-05-19T14:22:42","slug":"resident-evil-village-gold-edition","status":"publish","type":"product","link":"https:\/\/neuvee.com\/pl\/product\/resident-evil-village-gold-edition\/","title":{"rendered":"RESIDENT EVIL VILLAGE GOLD EDITION"},"content":{"rendered":"<p>Prze\u017cyj survival horror w spos\u00f3b, w jaki nigdy go nie prze\u017cy\u0142e\u015b, z&nbsp;\u00f3sm\u0105 cz\u0119\u015bci\u0105 znanej serii Resident Evil \u2014 Resident Evil Village. Z\u0142ota Edycja zawiera:<\/p>\n<p>&#8211; gr\u0119 Resident Evil: Village<br \/>\n&#8211; dodatkow\u0105 zawarto\u015b\u0107 Winters&#8217; Expansion<br \/>\n&#8211; Trauma Pack DLC<br \/>\n&#8211; Dost\u0119p do gry online RE: VERSE<\/p>\n<p>Uwaga: Resident Evil: Village i&nbsp;DLC Trauma Pack b\u0119d\u0105 dost\u0119pne po premierze Z\u0142otej Edycji 28.10.2022. Odblokowanie The Village of Shadows w Trauma Pack umo\u017cliwia dost\u0119p do zawarto\u015bci, kt\u00f3ra w innym przypadku zostanie odblokowana w miar\u0119 post\u0119p\u00f3w w grze. Szczeg\u00f3\u0142y dotycz\u0105ce okresu \u015bwiadczenia us\u0142ugi RE: VERSE mo\u017cna znale\u017a\u0107 na oficjalnej stronie internetowej (https:\/\/www.residentevil.com\/reverse\/). Okres \u015bwiadczenia us\u0142ug m\u00f3g\u0142 ju\u017c si\u0119 zako\u0144czy\u0107, dlatego&nbsp;prosimy o&nbsp;sprawdzenie tej informacji przed zakupem. Dost\u0119p do RE: VERSE mo\u017ce zosta\u0107 udost\u0119pniony w inny spos\u00f3b w p\u00f3\u017aniejszym terminie.<\/p>\n<p>Ca\u0142kowicie nowa fabu\u0142a rozgrywa si\u0119 kilka lat po przera\u017caj\u0105cych wydarzeniach w uznanym przez krytyk\u00f3w biohazardzie Resident Evil 7, w kt\u00f3rym Ethan Winters i&nbsp;jego \u017cona Mia \u017cyj\u0105 spokojnie w nowym miejscu, wolnym od koszmar\u00f3w z&nbsp;przesz\u0142o\u015bci. Podczas gdy pr\u00f3buj\u0105 zbudowa\u0107 razem nowe \u017cycie, na ich rodzin\u0119 zn\u00f3w spada tragedia.<\/p>\n<p>FUNKCJE<br \/>\n&#8211; Akcja pierwszoosobowa \u2013 gracze wciel\u0105 si\u0119 w rol\u0119 Ethana Winters, do\u015bwiadcz\u0105 z&nbsp;bliska ka\u017cdej walki oraz&nbsp;przera\u017caj\u0105cego po\u015bcigu z&nbsp;perspektywy pierwszej osoby.<br \/>\n&#8211; Znajome twarze i&nbsp;nowi wrogowie \u2013 Chris Redfield zazwyczaj pojawia\u0142 si\u0119 jako bohater serii Resident Evil, ale jego posta\u0107 w Resident Evil Village wydaje si\u0119 skrywa\u0107 z\u0142owrogie motywy. Mn\u00f3stwo nowych przeciwnik\u00f3w zamieszkuj\u0105cych tajemnicz\u0105 wiosk\u0119 b\u0119dzie nieustannie polowa\u0107 na Ethana i&nbsp;utrudnia\u0107 mu ka\u017cdy ruch, gdy on b\u0119dzie pr\u00f3bowa\u0142 zrozumie\u0107 nowy koszmar, w kt\u00f3rym si\u0119 znalaz\u0142.<br \/>\n&#8211; \u017bywa wioska \u2013 Wioska to nie tylko tajemnicze t\u0142o dla przera\u017caj\u0105cych wydarze\u0144, kt\u00f3re rozgrywaj\u0105 si\u0119 w grze. Tym razem, Wioska jest samodzieln\u0105 postaci\u0105 z&nbsp;tajemnicami, kt\u00f3re Ethan musi odkry\u0107, i&nbsp;terrorami, przed kt\u00f3rymi musi uciec.<\/p>\n<p><\/p>","protected":false},"excerpt":{"rendered":"<p>Prze\u017cyj survival horror w spos\u00f3b, w jaki nigdy go nie prze\u017cy\u0142e\u015b, z&nbsp;\u00f3sm\u0105 cz\u0119\u015bci\u0105 znanej serii Resident Evil \u2014 Resident Evil Village. Z\u0142ota Edycja zawiera: &#8211; gr\u0119 Resident Evil: Village &#8211; dodatkow\u0105 zawarto\u015b\u0107 Winters&#8217; Expansion &#8211; Trauma Pack DLC &#8211; Dost\u0119p do gry online RE: VERSE Uwaga: Resident Evil: Village i&nbsp;DLC Trauma Pack b\u0119d\u0105 dost\u0119pne po [&hellip;]<\/p>\n","protected":false},"featured_media":0,"comment_status":"closed","ping_status":"closed","template":"","meta":{"ub_ctt_via":""},"product_cat":[258],"product_tag":[218],"class_list":["post-696160","product","type-product","status-publish","hentry","product_cat-horror","product_tag-games","platform-steam-works"],"_links":{"self":[{"href":"https:\/\/neuvee.com\/pl\/wp-json\/wp\/v2\/product\/696160","targetHints":{"allow":["GET"]}}],"collection":[{"href":"https:\/\/neuvee.com\/pl\/wp-json\/wp\/v2\/product"}],"about":[{"href":"https:\/\/neuvee.com\/pl\/wp-json\/wp\/v2\/types\/product"}],"replies":[{"embeddable":true,"href":"https:\/\/neuvee.com\/pl\/wp-json\/wp\/v2\/comments?post=696160"}],"wp:attachment":[{"href":"https:\/\/neuvee.com\/pl\/wp-json\/wp\/v2\/media?parent=696160"}],"wp:term":[{"taxonomy":"product_cat","embeddable":true,"href":"https:\/\/neuvee.com\/pl\/wp-json\/wp\/v2\/product_cat?post=696160"},{"taxonomy":"product_tag","embeddable":true,"href":"https:\/\/neuvee.com\/pl\/wp-json\/wp\/v2\/product_tag?post=696160"}],"curies":[{"name":"wp","href":"https:\/\/api.w.org\/{rel}","templated":true}]}}